
{"id":2343,"date":"2019-05-12T19:06:52","date_gmt":"2019-05-12T19:06:52","guid":{"rendered":"http:\/\/127.0.0.1\/wp\/product\/manzetinoopide-komplekt-paris-noobid-paar\/"},"modified":"2019-05-12T19:06:52","modified_gmt":"2019-05-12T19:06:52","slug":"manzetinoopide-komplekt-paris-noobid-paar","status":"publish","type":"product","link":"https:\/\/www.goodstore.eu\/en\/shop\/manzetinoopide-komplekt-paris-noobid-paar\/","title":{"rendered":"Man\u017eetin\u00f6\u00f6pide komplekt nagu p\u00e4ris n\u00f6\u00f6bid (paar)"},"content":{"rendered":"<div><span style=\"font-size:16px;\"><span style=\"font-size:16px;\"><\/span><\/span> <\/p>\n<div><span style=\"font-size:16px;\">Kaunistab igat \u00fclikonna ja lipsuga meest!<\/p>\n<p>Toote t\u00fc\u00fcp:\u00a0Meeste luksuslik aksessuaar<br \/><\/span><span><span style=\"color:#000000;\"><span style=\"font-family:Verdana, Arial, Helvetica, sans-serif;\"><span style=\"font-size:12pt;\">Mater<\/span><\/span><\/span><\/span><span><span style=\"color:#000000;\"><span style=\"font-family:Verdana, Arial, Helvetica, sans-serif;\"><span style=\"font-size:12pt;\">j<\/span><\/span><\/span><\/span><span><span style=\"color:#000000;\"><span style=\"font-family:Verdana, Arial, Helvetica, sans-serif;\"><span style=\"font-size:12pt;\">al: Galvaniseeritud kroomitud l\u00e4ikiv,\u00a0vask<\/span><\/span><\/span><\/span><span><span style=\"color:#000000;\"><span style=\"font-family:Verdana, Arial, Helvetica, sans-serif;\"><span style=\"font-size:12pt;\"><br \/><\/span><\/span><\/span><\/span><span><span style=\"color:#000000;\"><span style=\"font-family:Verdana, Arial, Helvetica, sans-serif;\"><span style=\"font-size:12pt;\">Pakend sisaldab<\/span><\/span><\/span><\/span><span><span style=\"color:#000000;\"><span style=\"font-family:Verdana, Arial, Helvetica, sans-serif;\"><span style=\"font-size:12pt;\">: 1 paar h\u00f5ben\u00f6\u00f6bikujulisi\u00a0mansetin\u00f6\u00f6pe<\/span><\/span><\/span><\/span><span><span style=\"color:#000000;\"><span style=\"font-family:Verdana, Arial, Helvetica, sans-serif;\"><span style=\"font-size:12pt;\"><br \/><\/span><\/span><\/span><\/span><span><span style=\"color:#000000;\"><span style=\"font-family:Verdana, Arial, Helvetica, sans-serif;\"><span style=\"font-size:12pt;\">Kuju<\/span><\/span><\/span><\/span><span><span style=\"color:#000000;\"><span style=\"font-family:Verdana, Arial, Helvetica, sans-serif;\"><span style=\"font-size:12pt;\">:\u00a0h\u00f5ben\u00f6\u00f6p<\/span><\/span><\/span><\/span><span><span style=\"color:#000000;\"><span style=\"font-family:Verdana, Arial, Helvetica, sans-serif;\"><span style=\"font-size:12pt;\"><br \/><\/span><\/span><\/span><\/span><span><span style=\"color:#000000;\"><span style=\"font-family:Verdana, Arial, Helvetica, sans-serif;\"><span style=\"font-size:12pt;\">Toote paari kaal<\/span><\/span><\/span><\/span><span><span style=\"color:#000000;\"><span style=\"font-family:Verdana, Arial, Helvetica, sans-serif;\"><span style=\"font-size:12pt;\"><span style=\"font-size:12pt;\">:\u00a010 grammi\u00a0<\/span><\/p>\n<p><\/span><\/span><\/span><\/span><\/div>\n<div>\n<p><span style=\"font-size:12pt;\"><span lang=\"et-ee\" xml:lang=\"et-ee\"><span style=\"text-decoration:underline;\"><b>P\u00f5hio<\/b><\/span><\/span><\/span><span style=\"font-size:12pt;\"><span lang=\"et-ee\" xml:lang=\"et-ee\"><span style=\"text-decoration:underline;\"><b>madus<\/b><\/span><\/span><\/span><span style=\"font-size:12pt;\"><span lang=\"et-ee\" xml:lang=\"et-ee\"><span style=\"text-decoration:underline;\"><b>ed:<\/b><\/span><\/span><\/span><span style=\"font-size:12pt;\"><span lang=\"et-ee\" xml:lang=\"et-ee\"><\/p>\n<p> \u25cf H\u00f5ben\u00f6\u00f6bikujulise kaunistusega<br \/><\/span><\/span><span style=\"font-size:12pt;\"><span lang=\"et-ee\" xml:lang=\"et-ee\">\u25cf Luksuslik aksessuaar<br \/><\/span><\/span><span style=\"font-size:12pt;\"><span lang=\"et-ee\" xml:lang=\"et-ee\">\u25cf Valmistatud vastupidavast vasest ja kaetud galvaanikaga<br \/><\/span><\/span><span style=\"font-size:12pt;\"><span lang=\"et-ee\" xml:lang=\"et-ee\"><span style=\"font-size:12pt;\">\u25cf Sobib k\u00f5igile lipsu kandvatele inimestele<\/span><\/span><\/span><\/p>\n<\/p><\/div><\/div>\n","protected":false},"excerpt":{"rendered":"<p>Hea v\u00f5imalus ilma s\u00f5nadeta anda\u00a0edasi seda, et oled moekas ja stiilne!<\/p>\n<p>Need siin\u00a0pole mingid tavalised man\u017eetin\u00f6\u00f6bid! Nendega v\u00f5id tunda t\u00e4ielikku kindlust, sest ainult sinul on sellised.\u00a0<\/p>\n<p>\u00c4ra pikalt otsi &#8211; siin on sulle\u00a0suurep\u00e4rase disaini ja teostusega kingitus inimesele, kes armastab olla moodne!<\/p>\n<p>\u00dcks p\u00e4ev on j\u00e4lle ilusam!<\/p>\n<p><\/p><\/p>\n","protected":false},"featured_media":2342,"comment_status":"open","ping_status":"closed","template":"","meta":{"om_disable_all_campaigns":false,"_monsterinsights_skip_tracking":false,"_monsterinsights_sitenote_active":false,"_monsterinsights_sitenote_note":"","_monsterinsights_sitenote_category":0},"product_cat":[31,34,36],"product_tag":[],"class_list":{"0":"post-2343","1":"product","2":"type-product","3":"status-publish","4":"has-post-thumbnail","6":"product_cat-avalehele","7":"product_cat-kingitused-ja-kingiideed","8":"product_cat-stiil-ja-mood","11":"first","12":"instock","13":"taxable","14":"shipping-taxable","15":"purchasable","16":"product-type-simple"},"aioseo_notices":[],"_links":{"self":[{"href":"https:\/\/www.goodstore.eu\/en\/wp-json\/wp\/v2\/product\/2343"}],"collection":[{"href":"https:\/\/www.goodstore.eu\/en\/wp-json\/wp\/v2\/product"}],"about":[{"href":"https:\/\/www.goodstore.eu\/en\/wp-json\/wp\/v2\/types\/product"}],"replies":[{"embeddable":true,"href":"https:\/\/www.goodstore.eu\/en\/wp-json\/wp\/v2\/comments?post=2343"}],"wp:featuredmedia":[{"embeddable":true,"href":"https:\/\/www.goodstore.eu\/en\/wp-json\/wp\/v2\/media\/2342"}],"wp:attachment":[{"href":"https:\/\/www.goodstore.eu\/en\/wp-json\/wp\/v2\/media?parent=2343"}],"wp:term":[{"taxonomy":"product_cat","embeddable":true,"href":"https:\/\/www.goodstore.eu\/en\/wp-json\/wp\/v2\/product_cat?post=2343"},{"taxonomy":"product_tag","embeddable":true,"href":"https:\/\/www.goodstore.eu\/en\/wp-json\/wp\/v2\/product_tag?post=2343"}],"curies":[{"name":"wp","href":"https:\/\/api.w.org\/{rel}","templated":true}]}}