
{"id":2348,"date":"2019-05-12T20:41:35","date_gmt":"2019-05-12T20:41:35","guid":{"rendered":"http:\/\/127.0.0.1\/wp\/product\/sifoonist-naiste-ratik-erksates-varvides-tulpidega\/"},"modified":"2019-05-12T20:41:35","modified_gmt":"2019-05-12T20:41:35","slug":"sifoonist-naiste-ratik-erksates-varvides-tulpidega","status":"publish","type":"product","link":"https:\/\/goodstore.eu\/en\/shop\/sifoonist-naiste-ratik-erksates-varvides-tulpidega\/","title":{"rendered":"\u0160ifoonist naiste r\u00e4tik, 160 x 50cm, erksates v\u00e4rvides tulpidega"},"content":{"rendered":"<div><span style=\"font-size:16px;\">Materjal:\u00a0\u0160ifoon<br \/>Omadused: K\u00f5rgekvaliteetne, elegantne\u00a0ja\u00a0stiilne &#8211; suurep\u00e4rane kingitus igale naisele!<\/span><\/div>\n<div><span style=\"font-size:16px;\">Kaal: 110 grammi<\/span><\/div>\n<div><span style=\"font-size:16px;\">\u0160ifoonr\u00e4tiku m\u00f5\u00f5dud: 160 x 50cm<\/span><\/div>\n<div><span style=\"font-size:16px;\">Toote pakend sisaldab: 1 x pastelsetes toonides v\u00e4rviline \u0161ifoonist r\u00e4tik naistele<\/p>\n<p><span class=\"tlid-translation translation\" lang=\"et\" xml:lang=\"et\"><span title=\"\">Tagab pehme,\u00a0\u00f5hulise ja mugava tunde.<\/span><\/span><br \/><\/span><\/div>\n<div><\/div>\n<div><\/div>\n","protected":false},"excerpt":{"rendered":"<p>&#8220;Naine ilma r\u00e4tikuta on naine ilma tulevikuta&#8221;<br \/>\u00a0 \u00a0 \u00a0 \u00a0 \u00a0 \u00a0 \u00a0 \u00a0 \u00a0 \u00a0 \u00a0 \u00a0 \u00a0 \u00a0 \u00a0 \u00a0 \u00a0 \u00a0 \u00a0 &#8212;\u00a0<em>Elizabeth Taylor &#8212;<\/em><\/p>\n","protected":false},"featured_media":2347,"comment_status":"open","ping_status":"closed","template":"","meta":{"om_disable_all_campaigns":false,"_monsterinsights_skip_tracking":false,"_monsterinsights_sitenote_active":false,"_monsterinsights_sitenote_note":"","_monsterinsights_sitenote_category":0},"product_cat":[33,34,36],"product_tag":[],"class_list":{"0":"post-2348","1":"product","2":"type-product","3":"status-publish","4":"has-post-thumbnail","6":"product_cat-naiste-raetid-ja-sallid","7":"product_cat-kingitused-ja-kingiideed","8":"product_cat-stiil-ja-mood","11":"first","12":"outofstock","13":"taxable","14":"shipping-taxable","15":"purchasable","16":"product-type-simple"},"aioseo_notices":[],"_links":{"self":[{"href":"https:\/\/goodstore.eu\/en\/wp-json\/wp\/v2\/product\/2348"}],"collection":[{"href":"https:\/\/goodstore.eu\/en\/wp-json\/wp\/v2\/product"}],"about":[{"href":"https:\/\/goodstore.eu\/en\/wp-json\/wp\/v2\/types\/product"}],"replies":[{"embeddable":true,"href":"https:\/\/goodstore.eu\/en\/wp-json\/wp\/v2\/comments?post=2348"}],"wp:featuredmedia":[{"embeddable":true,"href":"https:\/\/goodstore.eu\/en\/wp-json\/wp\/v2\/media\/2347"}],"wp:attachment":[{"href":"https:\/\/goodstore.eu\/en\/wp-json\/wp\/v2\/media?parent=2348"}],"wp:term":[{"taxonomy":"product_cat","embeddable":true,"href":"https:\/\/goodstore.eu\/en\/wp-json\/wp\/v2\/product_cat?post=2348"},{"taxonomy":"product_tag","embeddable":true,"href":"https:\/\/goodstore.eu\/en\/wp-json\/wp\/v2\/product_tag?post=2348"}],"curies":[{"name":"wp","href":"https:\/\/api.w.org\/{rel}","templated":true}]}}