
{"id":240,"date":"2017-11-25T23:08:35","date_gmt":"2017-11-25T23:08:35","guid":{"rendered":"http:\/\/127.0.0.1\/wp\/product\/redeli-ja-kriiditahvli-komplekt-2\/"},"modified":"2023-09-26T11:10:52","modified_gmt":"2023-09-26T11:10:52","slug":"redeli-ja-kriiditahvli-komplekt-2","status":"publish","type":"product","link":"https:\/\/goodstore.eu\/en\/shop\/redeli-ja-kriiditahvli-komplekt-2\/","title":{"rendered":"Majakese kujuline kriiditahvel, roosa"},"content":{"rendered":"<p><\/p>\n<p>Materjal: Eestimaa puit<br \/>Kriiditahvli m\u00f5\u00f5dud: 31cm x 34cm x 2cm<br \/>Kriiditahvli v\u00e4rv: roosa<br \/>Komplekti kuulub ka kriit!<\/p>\n<p><\/p>","protected":false},"excerpt":{"rendered":"<p>Tegemist on praktilise v\u00e4\u00e4rtusega sisekujunduselementidega. Kirjuta siia oma igap\u00e4evased m\u00e4rkmed, tervituss\u00f5numid k\u00fclalistele ja armastusavaldused l\u00e4hedastele!\u00a0<br \/>Antud kriiditahvel on unikaalne ja teist t\u00e4pselt samasugust ei leidu tervelt planeedilt!<\/p>\n","protected":false},"featured_media":239,"comment_status":"open","ping_status":"closed","template":"","meta":{"om_disable_all_campaigns":false,"_monsterinsights_skip_tracking":false,"_monsterinsights_sitenote_active":false,"_monsterinsights_sitenote_note":"","_monsterinsights_sitenote_category":0},"product_cat":[32],"product_tag":[229],"class_list":{"0":"post-240","1":"product","2":"type-product","3":"status-publish","4":"has-post-thumbnail","6":"product_cat-kodusisustus","7":"product_tag-kriiditahvel","10":"first","11":"instock","12":"taxable","13":"shipping-taxable","14":"purchasable","15":"product-type-simple"},"aioseo_notices":[],"_links":{"self":[{"href":"https:\/\/goodstore.eu\/en\/wp-json\/wp\/v2\/product\/240"}],"collection":[{"href":"https:\/\/goodstore.eu\/en\/wp-json\/wp\/v2\/product"}],"about":[{"href":"https:\/\/goodstore.eu\/en\/wp-json\/wp\/v2\/types\/product"}],"replies":[{"embeddable":true,"href":"https:\/\/goodstore.eu\/en\/wp-json\/wp\/v2\/comments?post=240"}],"wp:featuredmedia":[{"embeddable":true,"href":"https:\/\/goodstore.eu\/en\/wp-json\/wp\/v2\/media\/239"}],"wp:attachment":[{"href":"https:\/\/goodstore.eu\/en\/wp-json\/wp\/v2\/media?parent=240"}],"wp:term":[{"taxonomy":"product_cat","embeddable":true,"href":"https:\/\/goodstore.eu\/en\/wp-json\/wp\/v2\/product_cat?post=240"},{"taxonomy":"product_tag","embeddable":true,"href":"https:\/\/goodstore.eu\/en\/wp-json\/wp\/v2\/product_tag?post=240"}],"curies":[{"name":"wp","href":"https:\/\/api.w.org\/{rel}","templated":true}]}}