
{"id":2404,"date":"2019-05-14T12:01:34","date_gmt":"2019-05-14T12:01:34","guid":{"rendered":"http:\/\/127.0.0.1\/wp\/product\/luksusliku-kikilipsu-komplekt-kuninglik-sinine\/"},"modified":"2023-06-19T08:13:08","modified_gmt":"2023-06-19T08:13:08","slug":"luksusliku-kikilipsu-komplekt-kuninglik-sinine","status":"publish","type":"product","link":"https:\/\/goodstore.eu\/en\/shop\/luksusliku-kikilipsu-komplekt-kuninglik-sinine\/","title":{"rendered":"Luksuslik kikilips, kuninglik sinine"},"content":{"rendered":"<p><\/p>\n<div><span style=\"font-size: 16px;\">Materjal:\u00a0Pol\u00fcester kangas<br \/>\nL\u00fchikirjeldus: K\u00f5rgekvaliteediga, stiilne &#8211; ideaalne kink!<\/span><\/div>\n<div><span style=\"font-size: 16px;\">Kikilipsu m\u00f5\u00f5dud: 12 x 6 cm<br \/>\n<\/span>Komplekti kuulub: 1 x kikilips<\/div>\n<div>\n<p><span style=\"color: #2600ff;\">NB! Toode pole pakendatud kinkekarpi. Soovi korral saab selle eraldi juurde osta.<\/span><\/p>\n<\/div>\n<p><\/p>","protected":false},"excerpt":{"rendered":"<p><span id=\"result_box\" lang=\"et\" xml:lang=\"et\">Luksuslik ja kvaliteetne, pol\u00fcester kangast valmistatud kikilips, mis tagab elegantse v\u00e4limuse igale stiiliteadlikule ja endast lugupidavale h\u00e4rras- v\u00f5i \u00e4rimehele.<br \/>\nKikilips on valmis s\u00f5lmitud ning v\u00f5ib kohe kasutama hakata.<\/span><\/p>\n","protected":false},"featured_media":2400,"comment_status":"open","ping_status":"closed","template":"","meta":{"om_disable_all_campaigns":false,"_monsterinsights_skip_tracking":false,"_monsterinsights_sitenote_active":false,"_monsterinsights_sitenote_note":"","_monsterinsights_sitenote_category":0},"product_cat":[40,34,36,38],"product_tag":[],"class_list":{"0":"post-2404","1":"product","2":"type-product","3":"status-publish","4":"has-post-thumbnail","6":"product_cat-lipsud-lipsukomplektid-ja-erilised-lipsud","7":"product_cat-kingitused-ja-kingiideed","8":"product_cat-stiil-ja-mood","9":"product_cat-lipsud-komplektid-ja-erilised-lipsud","10":"pa_domineeriv-varv-sinine","11":"pa_lipsu-stiil-normaalne-tavaparane","12":"pa_materjal-siid","15":"first","16":"instock","17":"taxable","18":"shipping-taxable","19":"purchasable","20":"product-type-simple"},"aioseo_notices":[],"_links":{"self":[{"href":"https:\/\/goodstore.eu\/en\/wp-json\/wp\/v2\/product\/2404"}],"collection":[{"href":"https:\/\/goodstore.eu\/en\/wp-json\/wp\/v2\/product"}],"about":[{"href":"https:\/\/goodstore.eu\/en\/wp-json\/wp\/v2\/types\/product"}],"replies":[{"embeddable":true,"href":"https:\/\/goodstore.eu\/en\/wp-json\/wp\/v2\/comments?post=2404"}],"wp:featuredmedia":[{"embeddable":true,"href":"https:\/\/goodstore.eu\/en\/wp-json\/wp\/v2\/media\/2400"}],"wp:attachment":[{"href":"https:\/\/goodstore.eu\/en\/wp-json\/wp\/v2\/media?parent=2404"}],"wp:term":[{"taxonomy":"product_cat","embeddable":true,"href":"https:\/\/goodstore.eu\/en\/wp-json\/wp\/v2\/product_cat?post=2404"},{"taxonomy":"product_tag","embeddable":true,"href":"https:\/\/goodstore.eu\/en\/wp-json\/wp\/v2\/product_tag?post=2404"}],"curies":[{"name":"wp","href":"https:\/\/api.w.org\/{rel}","templated":true}]}}