
{"id":2428,"date":"2019-05-19T13:48:22","date_gmt":"2019-05-19T13:48:22","guid":{"rendered":"http:\/\/127.0.0.1\/wp\/product\/kitsa-lipsu-komplekt-roosa-ja-sinise-triibuline\/"},"modified":"2019-05-19T13:48:22","modified_gmt":"2019-05-19T13:48:22","slug":"kitsa-lipsu-komplekt-roosa-ja-sinise-triibuline","status":"publish","type":"product","link":"https:\/\/goodstore.eu\/en\/shop\/kitsa-lipsu-komplekt-roosa-ja-sinise-triibuline\/","title":{"rendered":"Kitsa lipsu komplekt, fuksia roosa ja sinise triibuline, moekas v\u00e4rk!"},"content":{"rendered":"<div><span style=\"font-size:16px;\">Materjal:\u00a0K\u00e4sitsi valmistatud siidkangast<br \/>L\u00fchikirjeldus: K\u00f5rgekvaliteediga, stiilne &#8211; ideaalne kink!<\/span><\/div>\n<div><span style=\"font-size:16px;\">Lipsu pikkus: 150cm<\/span><\/div>\n<div><span style=\"font-size:16px;\">Maksimaalne laius: 5cm\u00a0\u00a0<br \/>Pakend\u00a0sisaldab: 1 x lips, 1 x rinnar\u00e4tik (kaunistusr\u00e4tik)<br \/><\/span><\/div>\n<div><span style=\"font-size:16px;\"><br \/><span style=\"color:#2600ff;\">NB! Toode pole pakendatud kinkekarpi. Soovi korral saab selle eraldi juurde osta.<\/span><br \/><\/span><\/div>\n","protected":false},"excerpt":{"rendered":"<p><span id=\"result_box\" lang=\"et\" xml:lang=\"et\">Luksuslik ja kvaliteetne<span>\u00a0k\u00e4sitsi valmistatud siidkangast lips, mis tagab elegantse v\u00e4limuse igale stiiliteadlikule ja endast lugupidavale h\u00e4rras- v\u00f5i \u00e4rimehele.<\/span><br \/><span>Lips on elastne ja seet\u00f5ttu on seda v\u00e4ga lihtne s\u00f5lmida.<\/p>\n<p>F\u00fc\u00fcsilisel kujul on lipsu v\u00e4rvid veelgi ilusamad kui fotodel.<\/span><\/span><\/p>\n","protected":false},"featured_media":2425,"comment_status":"open","ping_status":"closed","template":"","meta":{"om_disable_all_campaigns":false,"_monsterinsights_skip_tracking":false,"_monsterinsights_sitenote_active":false,"_monsterinsights_sitenote_note":"","_monsterinsights_sitenote_category":0},"product_cat":[40,34,36,38],"product_tag":[],"class_list":{"0":"post-2428","1":"product","2":"type-product","3":"status-publish","4":"has-post-thumbnail","6":"product_cat-lipsud-lipsukomplektid-ja-erilised-lipsud","7":"product_cat-kingitused-ja-kingiideed","8":"product_cat-stiil-ja-mood","9":"product_cat-lipsud-komplektid-ja-erilised-lipsud","12":"first","13":"instock","14":"taxable","15":"shipping-taxable","16":"purchasable","17":"product-type-simple"},"aioseo_notices":[],"_links":{"self":[{"href":"https:\/\/goodstore.eu\/en\/wp-json\/wp\/v2\/product\/2428"}],"collection":[{"href":"https:\/\/goodstore.eu\/en\/wp-json\/wp\/v2\/product"}],"about":[{"href":"https:\/\/goodstore.eu\/en\/wp-json\/wp\/v2\/types\/product"}],"replies":[{"embeddable":true,"href":"https:\/\/goodstore.eu\/en\/wp-json\/wp\/v2\/comments?post=2428"}],"wp:featuredmedia":[{"embeddable":true,"href":"https:\/\/goodstore.eu\/en\/wp-json\/wp\/v2\/media\/2425"}],"wp:attachment":[{"href":"https:\/\/goodstore.eu\/en\/wp-json\/wp\/v2\/media?parent=2428"}],"wp:term":[{"taxonomy":"product_cat","embeddable":true,"href":"https:\/\/goodstore.eu\/en\/wp-json\/wp\/v2\/product_cat?post=2428"},{"taxonomy":"product_tag","embeddable":true,"href":"https:\/\/goodstore.eu\/en\/wp-json\/wp\/v2\/product_tag?post=2428"}],"curies":[{"name":"wp","href":"https:\/\/api.w.org\/{rel}","templated":true}]}}