
{"id":248,"date":"2017-11-26T00:17:03","date_gmt":"2017-11-26T00:17:03","guid":{"rendered":"http:\/\/127.0.0.1\/wp\/product\/klaasraamiga-seinaposter\/"},"modified":"2017-11-26T00:17:03","modified_gmt":"2017-11-26T00:17:03","slug":"klaasraamiga-seinaposter","status":"publish","type":"product","link":"https:\/\/goodstore.eu\/en\/shop\/klaasraamiga-seinaposter\/","title":{"rendered":"Klaasraamiga seinapilt"},"content":{"rendered":"<p>Materjal:\u00a0Plastik pildiraam ja klaas<br \/>Pildiraami\u00a0m\u00f5\u00f5dud: 23cm x 32cm x 2cm<br \/>Postri ja raami\u00a0v\u00e4rv:\u00a0valge<br \/>Galerii esimene foto on konkreetsest tootest. Teised on ideede ammutamiseks.<\/p>\n","protected":false},"excerpt":{"rendered":"<p>Kaunista oma t\u00fchjad koduseinad vaimukate seinateradega! Iga kord kui m\u00f6\u00f6dud, l\u00e4heb n\u00e4gu naerule ja loob positiivse emotsiooni.\u00a0<\/p>\n","protected":false},"featured_media":247,"comment_status":"open","ping_status":"closed","template":"","meta":{"om_disable_all_campaigns":false,"_monsterinsights_skip_tracking":false,"_monsterinsights_sitenote_active":false,"_monsterinsights_sitenote_note":"","_monsterinsights_sitenote_category":0},"product_cat":[32],"product_tag":[],"class_list":{"0":"post-248","1":"product","2":"type-product","3":"status-publish","4":"has-post-thumbnail","6":"product_cat-kodusisustus","9":"first","10":"instock","11":"taxable","12":"shipping-taxable","13":"purchasable","14":"product-type-simple"},"aioseo_notices":[],"_links":{"self":[{"href":"https:\/\/goodstore.eu\/en\/wp-json\/wp\/v2\/product\/248"}],"collection":[{"href":"https:\/\/goodstore.eu\/en\/wp-json\/wp\/v2\/product"}],"about":[{"href":"https:\/\/goodstore.eu\/en\/wp-json\/wp\/v2\/types\/product"}],"replies":[{"embeddable":true,"href":"https:\/\/goodstore.eu\/en\/wp-json\/wp\/v2\/comments?post=248"}],"wp:featuredmedia":[{"embeddable":true,"href":"https:\/\/goodstore.eu\/en\/wp-json\/wp\/v2\/media\/247"}],"wp:attachment":[{"href":"https:\/\/goodstore.eu\/en\/wp-json\/wp\/v2\/media?parent=248"}],"wp:term":[{"taxonomy":"product_cat","embeddable":true,"href":"https:\/\/goodstore.eu\/en\/wp-json\/wp\/v2\/product_cat?post=248"},{"taxonomy":"product_tag","embeddable":true,"href":"https:\/\/goodstore.eu\/en\/wp-json\/wp\/v2\/product_tag?post=248"}],"curies":[{"name":"wp","href":"https:\/\/api.w.org\/{rel}","templated":true}]}}