
{"id":2726,"date":"2019-06-22T13:38:35","date_gmt":"2019-06-22T13:38:35","guid":{"rendered":"http:\/\/127.0.0.1\/wp\/product\/king-tikandiga-nokatsmyts-must\/"},"modified":"2022-12-10T17:49:09","modified_gmt":"2022-12-10T17:49:09","slug":"king-tikandiga-nokatsmyts-must","status":"publish","type":"product","link":"https:\/\/goodstore.eu\/en\/shop\/king-tikandiga-nokatsmyts-must\/","title":{"rendered":"&#8220;KING&#8221; tikandiga nokatsm\u00fcts, must"},"content":{"rendered":"<p>Materjal: 100% puuvill<\/p>\n<p>Sobivus: T\u00e4iskasvanud mehed-naised<\/p>\n<p>M\u00fctsi suurus: \u00fcks suurus sobib k\u00f5igile<\/p>\n<p>Pannal: Reguleeritav<\/p>\n<p>Mudelinimi: KING<\/p>\n<p>Paki kaal: 0,09kg (0,20lb.)<\/p>\n<p>Pakendi suurus: 25 cm x 20 cm x 15 cm (9,84 x 7,87 x 5,91 tolli)<\/p>\n","protected":false},"excerpt":{"rendered":"<p><span id=\"result_box\" lang=\"et\" xml:lang=\"et\">\u00c4ge ja kvaliteetne\u00a0nokats, mis ei vaja mingeid kommentaare!\u00a0<br \/><span>Lihtsalt kanna ja tunne ennast h\u00e4sti, nagu Kuningas!<\/p>\n<p><\/span><\/span><\/p>\n","protected":false},"featured_media":2721,"comment_status":"open","ping_status":"closed","template":"","meta":{"om_disable_all_campaigns":false,"_monsterinsights_skip_tracking":false,"_monsterinsights_sitenote_active":false,"_monsterinsights_sitenote_note":"","_monsterinsights_sitenote_category":0},"product_cat":[34,36],"product_tag":[],"class_list":{"0":"post-2726","1":"product","2":"type-product","3":"status-publish","4":"has-post-thumbnail","6":"product_cat-kingitused-ja-kingiideed","7":"product_cat-stiil-ja-mood","10":"first","11":"instock","12":"taxable","13":"shipping-taxable","14":"purchasable","15":"product-type-simple"},"aioseo_notices":[],"_links":{"self":[{"href":"https:\/\/goodstore.eu\/en\/wp-json\/wp\/v2\/product\/2726"}],"collection":[{"href":"https:\/\/goodstore.eu\/en\/wp-json\/wp\/v2\/product"}],"about":[{"href":"https:\/\/goodstore.eu\/en\/wp-json\/wp\/v2\/types\/product"}],"replies":[{"embeddable":true,"href":"https:\/\/goodstore.eu\/en\/wp-json\/wp\/v2\/comments?post=2726"}],"wp:featuredmedia":[{"embeddable":true,"href":"https:\/\/goodstore.eu\/en\/wp-json\/wp\/v2\/media\/2721"}],"wp:attachment":[{"href":"https:\/\/goodstore.eu\/en\/wp-json\/wp\/v2\/media?parent=2726"}],"wp:term":[{"taxonomy":"product_cat","embeddable":true,"href":"https:\/\/goodstore.eu\/en\/wp-json\/wp\/v2\/product_cat?post=2726"},{"taxonomy":"product_tag","embeddable":true,"href":"https:\/\/goodstore.eu\/en\/wp-json\/wp\/v2\/product_tag?post=2726"}],"curies":[{"name":"wp","href":"https:\/\/api.w.org\/{rel}","templated":true}]}}