
{"id":2732,"date":"2019-06-22T13:58:18","date_gmt":"2019-06-22T13:58:18","guid":{"rendered":"http:\/\/127.0.0.1\/wp\/product\/queen-tikandiga-nokatsmyts-must\/"},"modified":"2025-11-21T07:46:28","modified_gmt":"2025-11-21T07:46:28","slug":"queen-tikandiga-nokatsmyts-must","status":"publish","type":"product","link":"https:\/\/goodstore.eu\/en\/shop\/queen-tikandiga-nokatsmyts-must\/","title":{"rendered":"&#8220;QUEEN&#8221; tikandiga nokatsm\u00fcts, must"},"content":{"rendered":"<p>Materjal: 100% puuvill<\/p>\n<p>Sobivus: T\u00e4iskasvanud mehed-naised<\/p>\n<p>M\u00fctsi suurus: \u00fcks suurus sobib k\u00f5igile<\/p>\n<p>Pannal: Reguleeritav<\/p>\n<p>Mudelinimi:\u00a0QUEEN<\/p>\n<p>Paki kaal: 0,09kg (0,20lb.)<\/p>\n<p>Pakendi suurus: 25 cm x 20 cm x 15 cm (9,84 x 7,87 x 5,91 tolli)<\/p>\n","protected":false},"excerpt":{"rendered":"<p><span id=\"result_box\" lang=\"et\" xml:lang=\"et\">\u00c4ge ja kvaliteetne\u00a0nokats, mis ei vaja mingeid kommentaare!\u00a0<br \/><span>Lihtsalt kanna ja tunne ennast h\u00e4sti, nagu Kuninganna!<\/p>\n<p><\/span><\/span><\/p>\n","protected":false},"featured_media":2727,"comment_status":"open","ping_status":"closed","template":"","meta":{"om_disable_all_campaigns":false,"_monsterinsights_skip_tracking":false,"_monsterinsights_sitenote_active":false,"_monsterinsights_sitenote_note":"","_monsterinsights_sitenote_category":0},"product_cat":[31,34,36],"product_tag":[],"class_list":{"0":"post-2732","1":"product","2":"type-product","3":"status-publish","4":"has-post-thumbnail","6":"product_cat-avalehele","7":"product_cat-kingitused-ja-kingiideed","8":"product_cat-stiil-ja-mood","11":"first","12":"outofstock","13":"taxable","14":"shipping-taxable","15":"purchasable","16":"product-type-simple"},"aioseo_notices":[],"_links":{"self":[{"href":"https:\/\/goodstore.eu\/en\/wp-json\/wp\/v2\/product\/2732"}],"collection":[{"href":"https:\/\/goodstore.eu\/en\/wp-json\/wp\/v2\/product"}],"about":[{"href":"https:\/\/goodstore.eu\/en\/wp-json\/wp\/v2\/types\/product"}],"replies":[{"embeddable":true,"href":"https:\/\/goodstore.eu\/en\/wp-json\/wp\/v2\/comments?post=2732"}],"wp:featuredmedia":[{"embeddable":true,"href":"https:\/\/goodstore.eu\/en\/wp-json\/wp\/v2\/media\/2727"}],"wp:attachment":[{"href":"https:\/\/goodstore.eu\/en\/wp-json\/wp\/v2\/media?parent=2732"}],"wp:term":[{"taxonomy":"product_cat","embeddable":true,"href":"https:\/\/goodstore.eu\/en\/wp-json\/wp\/v2\/product_cat?post=2732"},{"taxonomy":"product_tag","embeddable":true,"href":"https:\/\/goodstore.eu\/en\/wp-json\/wp\/v2\/product_tag?post=2732"}],"curies":[{"name":"wp","href":"https:\/\/api.w.org\/{rel}","templated":true}]}}