
{"id":275,"date":"2017-11-27T18:12:04","date_gmt":"2017-11-27T18:12:04","guid":{"rendered":"http:\/\/127.0.0.1\/wp\/product\/puidust-sisekujundusredel-suurus-m-roheline\/"},"modified":"2023-09-26T11:03:53","modified_gmt":"2023-09-26T11:03:53","slug":"puidust-sisekujundusredel-suurus-m-roheline","status":"publish","type":"product","link":"https:\/\/goodstore.eu\/en\/shop\/puidust-sisekujundusredel-suurus-m-roheline\/","title":{"rendered":"Sisekujundusredel, suurus M"},"content":{"rendered":"<p><\/p>\n<p>Materjal:\u00a0Eestimaine puit<br \/>Redeli\u00a0m\u00f5\u00f5dud: 110cm x 39cm x 5cm<br \/>Kaal: 2,1 kg<br \/>Redeli\u00a0v\u00e4rv:\u00a0roheline<\/p>\n<p>Galerii esimene foto on konkreetsest tootest. Teised on ideede ammutamiseks.<\/p>\n<p><\/p>","protected":false},"excerpt":{"rendered":"<p>Tahad teistest erineda? N\u00fc\u00fcd on Skandinaavias laialt tuntust kogunud sisekujundusredelid saadaval ka Eestis. Need on valminud k\u00e4sit\u00f6\u00f6na Eesti metsade puidust, hoolikalt t\u00f6\u00f6deldud ning kaetud\u00a0toonitud\u00a0puidukaitsevahendiga.\u00a0<br \/>Vaata meie veebipoes erinevaid sisekujundusredeleid ja ammuta ideid kasutamiseks!<\/p>\n<p><\/p>\n","protected":false},"featured_media":271,"comment_status":"open","ping_status":"closed","template":"","meta":{"om_disable_all_campaigns":false,"_monsterinsights_skip_tracking":false,"_monsterinsights_sitenote_active":false,"_monsterinsights_sitenote_note":"","_monsterinsights_sitenote_category":0},"product_cat":[32],"product_tag":[228],"class_list":{"0":"post-275","1":"product","2":"type-product","3":"status-publish","4":"has-post-thumbnail","6":"product_cat-kodusisustus","7":"product_tag-sisekujundusredel","10":"first","11":"instock","12":"taxable","13":"shipping-taxable","14":"purchasable","15":"product-type-simple"},"aioseo_notices":[],"_links":{"self":[{"href":"https:\/\/goodstore.eu\/en\/wp-json\/wp\/v2\/product\/275"}],"collection":[{"href":"https:\/\/goodstore.eu\/en\/wp-json\/wp\/v2\/product"}],"about":[{"href":"https:\/\/goodstore.eu\/en\/wp-json\/wp\/v2\/types\/product"}],"replies":[{"embeddable":true,"href":"https:\/\/goodstore.eu\/en\/wp-json\/wp\/v2\/comments?post=275"}],"wp:featuredmedia":[{"embeddable":true,"href":"https:\/\/goodstore.eu\/en\/wp-json\/wp\/v2\/media\/271"}],"wp:attachment":[{"href":"https:\/\/goodstore.eu\/en\/wp-json\/wp\/v2\/media?parent=275"}],"wp:term":[{"taxonomy":"product_cat","embeddable":true,"href":"https:\/\/goodstore.eu\/en\/wp-json\/wp\/v2\/product_cat?post=275"},{"taxonomy":"product_tag","embeddable":true,"href":"https:\/\/goodstore.eu\/en\/wp-json\/wp\/v2\/product_tag?post=275"}],"curies":[{"name":"wp","href":"https:\/\/api.w.org\/{rel}","templated":true}]}}