
{"id":2809,"date":"2019-06-25T00:44:19","date_gmt":"2019-06-25T00:44:19","guid":{"rendered":"http:\/\/127.0.0.1\/wp\/product\/eksklusiivne-seotav-lips-autoteemaline-saab-kinkekarbis-tumesinine\/"},"modified":"2022-12-10T17:44:46","modified_gmt":"2022-12-10T17:44:46","slug":"eksklusiivne-seotav-lips-autoteemaline-saab-kinkekarbis-tumesinine","status":"publish","type":"product","link":"https:\/\/goodstore.eu\/en\/shop\/eksklusiivne-seotav-lips-autoteemaline-saab-kinkekarbis-tumesinine\/","title":{"rendered":"Eksklusiivne seotav lips, autoteemaline (SAAB) kinkekarbis, tumesinine"},"content":{"rendered":"<div><span style=\"font-size:16px;\">Materjal:\u00a0Pol\u00fcesterkangas<br \/>L\u00fchikirjeldus: K\u00f5rgekvaliteediga, stiilne &#8211; ideaalne kink!<\/span><\/div>\n<div><span style=\"font-size:16px;\">Lipsu pikkus: 150cm<\/span><\/div>\n<div><span style=\"font-size:16px;\">Maksimaalne laius: 8,5cm\u00a0\u00a0<br \/>Minimaalne laius: 3,5cm<br \/>Komplekti kuulub: 1 X lips<br \/><\/span><\/div>\n<div><span style=\"font-size:16px;\"><br \/><span style=\"color:#3d00ff;\">Toode on pakendatud musta kinkekarpi!<\/span><br \/><\/span><\/div>\n","protected":false},"excerpt":{"rendered":"<p>Umbes 20 aastat tagasi oli SAAB autotehase meenete ja kingituste\u00a0riiulites\u00a0m\u00fc\u00fcgil analoogne SAAB 900 Klassik teemaline lips. Saadaval oli 2 tooni: \u0161ampanjav\u00e4rvi ja elegantne tumesinine (m\u00f5lemad on ka siin poes esindatud). Tikandi muster on v\u00f5etud SAAB 900 Klassik kupee mudeli siluetist.\u00a0<br \/>Teatavasti olid k\u00f5ik SAAB meened ja \u00e4rikingid v\u00e4ga k\u00f5rge kvaliteediga ning m\u00f5eldud pikaajaliseks kasutamiseks nagu SAAB autodki. Seda traditsiooni j\u00e4rgides on siin m\u00fc\u00fcgil samadele p\u00f5him\u00f5tetele tuginev \u00e4rimehe luksuslik seotav lips.<\/p>\n<p>Antud lips on valmistatud luksuslikust ja kvaliteetsest pol\u00fcesterkangast, mis tagab elegantse v\u00e4limuse igale stiiliteadlikule ja endast lugupidavale h\u00e4rras- v\u00f5i \u00e4rimehele.<\/p>\n<p>Lips on elastne ja seet\u00f5ttu on seda v\u00e4ga lihtne s\u00f5lmida.<\/p>\n<p>Tegelikkuses on antud lips palju ilusam kui fotodel!<\/p>\n","protected":false},"featured_media":2800,"comment_status":"open","ping_status":"closed","template":"","meta":{"om_disable_all_campaigns":false,"_monsterinsights_skip_tracking":false,"_monsterinsights_sitenote_active":false,"_monsterinsights_sitenote_note":"","_monsterinsights_sitenote_category":0},"product_cat":[40,34,36,38],"product_tag":[],"class_list":{"0":"post-2809","1":"product","2":"type-product","3":"status-publish","4":"has-post-thumbnail","6":"product_cat-lipsud-lipsukomplektid-ja-erilised-lipsud","7":"product_cat-kingitused-ja-kingiideed","8":"product_cat-stiil-ja-mood","9":"product_cat-lipsud-komplektid-ja-erilised-lipsud","12":"first","13":"instock","14":"sale","15":"taxable","16":"shipping-taxable","17":"purchasable","18":"product-type-simple"},"aioseo_notices":[],"_links":{"self":[{"href":"https:\/\/goodstore.eu\/en\/wp-json\/wp\/v2\/product\/2809"}],"collection":[{"href":"https:\/\/goodstore.eu\/en\/wp-json\/wp\/v2\/product"}],"about":[{"href":"https:\/\/goodstore.eu\/en\/wp-json\/wp\/v2\/types\/product"}],"replies":[{"embeddable":true,"href":"https:\/\/goodstore.eu\/en\/wp-json\/wp\/v2\/comments?post=2809"}],"wp:featuredmedia":[{"embeddable":true,"href":"https:\/\/goodstore.eu\/en\/wp-json\/wp\/v2\/media\/2800"}],"wp:attachment":[{"href":"https:\/\/goodstore.eu\/en\/wp-json\/wp\/v2\/media?parent=2809"}],"wp:term":[{"taxonomy":"product_cat","embeddable":true,"href":"https:\/\/goodstore.eu\/en\/wp-json\/wp\/v2\/product_cat?post=2809"},{"taxonomy":"product_tag","embeddable":true,"href":"https:\/\/goodstore.eu\/en\/wp-json\/wp\/v2\/product_tag?post=2809"}],"curies":[{"name":"wp","href":"https:\/\/api.w.org\/{rel}","templated":true}]}}