
{"id":2919,"date":"2019-07-02T23:04:03","date_gmt":"2019-07-02T23:04:03","guid":{"rendered":"http:\/\/127.0.0.1\/wp\/product\/eksklusiivne-seotav-lips-ja-lipsunoel-kinkekarbis-kuus-paeva-beez\/"},"modified":"2022-12-10T17:37:29","modified_gmt":"2022-12-10T17:37:29","slug":"eksklusiivne-seotav-lips-ja-lipsunoel-kinkekarbis-kuus-paeva-beez","status":"publish","type":"product","link":"https:\/\/goodstore.eu\/en\/shop\/eksklusiivne-seotav-lips-ja-lipsunoel-kinkekarbis-kuus-paeva-beez\/","title":{"rendered":"Eksklusiivne seotav lips ja lipsun\u00f5el kinkekarbis, &#8220;kuus p\u00e4eva&#8221;, bee\u017e"},"content":{"rendered":"<div><span style=\"font-size:16px;\">Materjal:\u00a0Pol\u00fcesterkangas<br \/>L\u00fchikirjeldus: K\u00f5rgekvaliteediga, stiilne &#8211; ideaalne kink!<\/span><\/div>\n<div><span style=\"font-size:16px;\">Lipsu pikkus: 150cm<\/span><\/div>\n<div><span style=\"font-size:16px;\"><span style=\"font-size:16px;\">Maksimaalne laius: 8,5cm\u00a0\u00a0<\/span><br \/><span style=\"font-size:16px;\">Minimaalne laius: 3,5cm<\/span><br \/><span style=\"font-size:16px;\">Komplekti kuulub: 1 x lips; 1 x palmisaarega lipsun\u00f5el<br \/><\/span><br \/><span style=\"font-size:16px;\">NB! Selle lipsu t\u00e4pset v\u00e4rvitooni on fotode kaudu keeruline edasi anda, kuna v\u00e4rv muudab tooni vastavalt valguse suunale ja -tugevusele.<\/span><br \/><\/span><\/div>\n<div><span style=\"font-size:16px;\"><br \/><span style=\"color:#3d00ff;\">Toode on pakendatud musta kinkekarpi!<\/span><br \/><\/span><\/div>\n","protected":false},"excerpt":{"rendered":"<p>Lipsu muster on inspireeritud ja kavandatud 1998 aastal\u00a0Ivan Reitman-i poolt USA-s v\u00e4ndatud seiklusfilmist &#8220;Kuus p\u00e4eva, seitse \u00f6\u00f6d&#8221;. Palmipuud s\u00fcmboliseerivad paradiisisaart Makatea, Tahitis, Vaikse Ookeani l\u00f5unaosas ja\u00a0helebee\u017e v\u00e4rv on justkui\u00a0p\u00e4ikesepaisteline ja soe\u00a0p\u00e4ev.<\/p>\n<p>Antud lips on valmistatud eritellimusel ning saadaval vaid piiratud koguses. Kusagil mujal seda m\u00fc\u00fcgil ei ole. <\/p>\n<p>Tegemist on luksuslikust ja kvaliteetsest pol\u00fcesterkangast seotava lipsuga, mis tagab elegantse v\u00e4limuse igale stiiliteadlikule ja endast lugupidavale h\u00e4rras- v\u00f5i \u00e4rimehele. Lips on elastne ja seet\u00f5ttu on seda v\u00e4ga lihtne s\u00f5lmida.<\/p>\n<p>Tegelikkuses on antud lips palju ilusam kui fotodel!<\/p>\n<p><span style=\"color:#9b0c0c;\"><span style=\"color:#9b0c0c;\"><b>PS. Tellimisel palun kirjutada m\u00e4rkuste lahtrisse, millist lipsun\u00f5ela komplekti koosseisu soovite!<\/b><\/span><\/p>\n<p><\/span><\/p>\n","protected":false},"featured_media":2908,"comment_status":"open","ping_status":"closed","template":"","meta":{"om_disable_all_campaigns":false,"_monsterinsights_skip_tracking":false,"_monsterinsights_sitenote_active":false,"_monsterinsights_sitenote_note":"","_monsterinsights_sitenote_category":0},"product_cat":[40,34,36,38],"product_tag":[],"class_list":{"0":"post-2919","1":"product","2":"type-product","3":"status-publish","4":"has-post-thumbnail","6":"product_cat-lipsud-lipsukomplektid-ja-erilised-lipsud","7":"product_cat-kingitused-ja-kingiideed","8":"product_cat-stiil-ja-mood","9":"product_cat-lipsud-komplektid-ja-erilised-lipsud","12":"first","13":"instock","14":"sale","15":"taxable","16":"shipping-taxable","17":"purchasable","18":"product-type-simple"},"aioseo_notices":[],"_links":{"self":[{"href":"https:\/\/goodstore.eu\/en\/wp-json\/wp\/v2\/product\/2919"}],"collection":[{"href":"https:\/\/goodstore.eu\/en\/wp-json\/wp\/v2\/product"}],"about":[{"href":"https:\/\/goodstore.eu\/en\/wp-json\/wp\/v2\/types\/product"}],"replies":[{"embeddable":true,"href":"https:\/\/goodstore.eu\/en\/wp-json\/wp\/v2\/comments?post=2919"}],"wp:featuredmedia":[{"embeddable":true,"href":"https:\/\/goodstore.eu\/en\/wp-json\/wp\/v2\/media\/2908"}],"wp:attachment":[{"href":"https:\/\/goodstore.eu\/en\/wp-json\/wp\/v2\/media?parent=2919"}],"wp:term":[{"taxonomy":"product_cat","embeddable":true,"href":"https:\/\/goodstore.eu\/en\/wp-json\/wp\/v2\/product_cat?post=2919"},{"taxonomy":"product_tag","embeddable":true,"href":"https:\/\/goodstore.eu\/en\/wp-json\/wp\/v2\/product_tag?post=2919"}],"curies":[{"name":"wp","href":"https:\/\/api.w.org\/{rel}","templated":true}]}}