
{"id":292,"date":"2017-12-01T20:32:29","date_gmt":"2017-12-01T20:32:29","guid":{"rendered":"http:\/\/127.0.0.1\/wp\/product\/tass-mis-segab-ise-piima-ja-suhkrut-roheline\/"},"modified":"2017-12-01T20:32:29","modified_gmt":"2017-12-01T20:32:29","slug":"tass-mis-segab-ise-piima-ja-suhkrut-roheline","status":"publish","type":"product","link":"https:\/\/goodstore.eu\/en\/shop\/tass-mis-segab-ise-piima-ja-suhkrut-roheline\/","title":{"rendered":"Automaatselt segav tass"},"content":{"rendered":"<div><span style=\"font-size:16px;\"><span style=\"font-size:16px;\"><\/span><\/span> <\/p>\n<div><span style=\"font-size:16px;\">Toote t\u00fc\u00fcp: Kuuma v\u00f5i k\u00fclma joogi kruus<\/span><\/div>\n<p> <span style=\"font-size:16px;\"><span style=\"font-size:16px;\"><\/span><\/span> <\/p>\n<div><span style=\"font-size:16px;\">Materjal: roostevaba metall + toiduainetega kokkupuuteks sobiv, mittetoksiline plastmass<\/span><\/div>\n<p> <span style=\"font-size:16px;\"><span style=\"font-size:16px;\"><\/span><\/span> <\/p>\n<div><span style=\"font-size:16px;\">Pakendi sisu: 1 mootori ja inglise keelse tekstiga varustatud automaatselt segav tass<\/span><\/div>\n<p> <span style=\"font-size:16px;\"><span style=\"font-size:16px;\"><\/span><\/span> <\/p>\n<div><span style=\"font-size:16px;\">Iseloomustus: k\u00f5rgekvaliteetne roostevabast terasest termo omadustega tass, mille v\u00e4limine korpus on toiduvalmistusplastist, igati ohutu ja vastupidav.<\/span><\/div>\n<p> <span style=\"font-size:16px;\"><span style=\"font-size:16px;\"><\/span><\/span> <\/p>\n<div><\/div>\n<p> <span style=\"font-size:16px;\"><span style=\"font-size:16px;\"><\/span><\/span> <\/p>\n<div><span style=\"font-size:16px;\">Maht: 350 ml<\/span><\/div>\n<p> <span style=\"font-size:16px;\"><span style=\"font-size:16px;\"><\/span><\/span> <\/p>\n<div><span style=\"font-size:16px;\">Ligikaudsed m\u00f5\u00f5dud:\u00a09 cm x 12 cm x 16 cm (ligikaudne)<\/span><\/div>\n<p> <span style=\"font-size:16px;\"><span style=\"font-size:16px;\"><\/span><\/span> <\/p>\n<div><span style=\"font-size:16px;\">V\u00f5imsus: 2 x AAA patarei (ei kuulu komplekti)<\/span><\/div>\n<p> <span style=\"font-size:16px;\"><span style=\"font-size:16px;\"><\/span><\/span> <\/p>\n<div><span style=\"font-size:16px;\">Pakendi netokaal: 0,33 kg<\/span><\/div>\n<p> <span style=\"font-size:16px;\"><span style=\"font-size:16px;\"><\/span><\/span> <\/p>\n<div><span style=\"font-size:16px;\">Sisu: roostevabast terasest vooder<\/span><\/div>\n<p> <span style=\"font-size:16px;\"><span style=\"font-size:16px;\"><\/span><\/span> <\/p>\n<div><span style=\"font-size:16px;\"><span style=\"font-size:16px;\">Kasutamine: vajutage tassi k\u00e4epidemel olevat nuppu ja segamise protsess k\u00e4ivitub.<br \/><\/span><\/span> <\/p>\n<div style=\"font-size:11px;\"><span><span style=\"font-size:16px;\">Lihtne puhastamine:\u00a0Pange tassi vett, lisage paar tilka\u00a0n\u00f5udepesuvahendit, vajutage toitenuppu ja loputage!<\/span><br \/><\/span><\/div><\/div><\/div>\n<div>\n<div><\/div>\n<div><span style=\"font-size:16px;\">M\u00e4rkus: Valguse ja\u00a0tausta\u00a0erinevuste t\u00f5ttu v\u00f5ib toote v\u00e4rv pildist pisut erineda. V\u00e4hesed\u00a0m\u00f5\u00f5teerinevused\u00a0tulenevad k\u00e4sitsi m\u00f5\u00f5tmisest.<\/span><\/div><\/div>\n","protected":false},"excerpt":{"rendered":"<p>See toode on v\u00e4ga kiire elutempoga inimestele, kellel pole aega lusikaga \u00fclem\u00e4\u00e4ra palju j\u00e4nnata! <br \/>V\u00f5i siis otse vastupidi &#8211;\u00a0see on m\u00f5eldud tee\/kohvi s\u00f5brale, kellele on naudingu saamiseks tassi t\u00f5stmine juba piisav j\u00f5upingutus, lusika otsimine rikuks k\u00f5ik ilusa!<\/p>\n<p>Segamisprotsessi k\u00e4ivitamiseks vajuta k\u00e4epidemel olevat nuppu &#8211; lihtne ja mugav.<br \/>P\u00f6\u00f6rlev tiivik segab ja toekas kaas sulgeb kruusi turvaliselt n\u00f5nda, et ei pea muretsema joogi \u00fcleloksumise p\u00e4rast.<br \/>V\u00f5ta kaasa kohvi, tee v\u00f5i muu kuum jook oma autosse, bussireisile v\u00f5i \u00fcksk\u00f5ik kuhu l\u00e4hed! <br \/>Unusta lusikas! Sa ei vaja seda enam, kui sul on see ise segav kruus!<\/p>\n<p>Kruus on ideaalne reisidel, nii saad oma lemmikjooki igal ajal nautida. Seda on imelihtne kasutada. <br \/>See on suurep\u00e4rane kingitus s\u00f5brale, armastatule v\u00f5i sugulastele.<\/p>\n","protected":false},"featured_media":288,"comment_status":"open","ping_status":"closed","template":"","meta":{"om_disable_all_campaigns":false,"_monsterinsights_skip_tracking":false,"_monsterinsights_sitenote_active":false,"_monsterinsights_sitenote_note":"","_monsterinsights_sitenote_category":0},"product_cat":[34,41],"product_tag":[],"class_list":{"0":"post-292","1":"product","2":"type-product","3":"status-publish","4":"has-post-thumbnail","6":"product_cat-kingitused-ja-kingiideed","7":"product_cat-tassid-ja-klaasid-igale-maitsele","10":"first","11":"instock","12":"taxable","13":"shipping-taxable","14":"purchasable","15":"product-type-simple"},"aioseo_notices":[],"_links":{"self":[{"href":"https:\/\/goodstore.eu\/en\/wp-json\/wp\/v2\/product\/292"}],"collection":[{"href":"https:\/\/goodstore.eu\/en\/wp-json\/wp\/v2\/product"}],"about":[{"href":"https:\/\/goodstore.eu\/en\/wp-json\/wp\/v2\/types\/product"}],"replies":[{"embeddable":true,"href":"https:\/\/goodstore.eu\/en\/wp-json\/wp\/v2\/comments?post=292"}],"wp:featuredmedia":[{"embeddable":true,"href":"https:\/\/goodstore.eu\/en\/wp-json\/wp\/v2\/media\/288"}],"wp:attachment":[{"href":"https:\/\/goodstore.eu\/en\/wp-json\/wp\/v2\/media?parent=292"}],"wp:term":[{"taxonomy":"product_cat","embeddable":true,"href":"https:\/\/goodstore.eu\/en\/wp-json\/wp\/v2\/product_cat?post=292"},{"taxonomy":"product_tag","embeddable":true,"href":"https:\/\/goodstore.eu\/en\/wp-json\/wp\/v2\/product_tag?post=292"}],"curies":[{"name":"wp","href":"https:\/\/api.w.org\/{rel}","templated":true}]}}