
{"id":2996,"date":"2019-11-03T20:59:51","date_gmt":"2019-11-03T20:59:51","guid":{"rendered":"http:\/\/127.0.0.1\/wp\/product\/saab-9-5-aero-sedaan-limusiin-my2004-143-skaalas\/"},"modified":"2021-05-27T19:03:11","modified_gmt":"2021-05-27T19:03:11","slug":"saab-9-5-aero-sedaan-limusiin-my2004-143-skaalas","status":"publish","type":"product","link":"https:\/\/goodstore.eu\/en\/shop\/saab-9-5-aero-sedaan-limusiin-my2004-143-skaalas\/","title":{"rendered":"SAAB 9-5 Aero Sedaan Limusiin MY2004 1:43 skaalas"},"content":{"rendered":"<div class=\"tlid-result-transliteration-container result-transliteration-container transliteration-container\">\n<div class=\"tlid-transliteration-content transliteration-content full\"><\/div><\/div>\n<div class=\"text-wrap tlid-copy-target\">\n<div class=\"result-shield-container tlid-copy-target\"><span class=\"tlid-translation translation\" lang=\"et\" xml:lang=\"et\">Elus suuruses auto tootja: Coleman Milne, Suurbritannia<br \/>Restaureerimist\u00f6\u00f6koda: SaabiAnti, Tallinn, Eesti, EL<\/p>\n<p>M\u00fc\u00fcgil\u00a0uhiuus ja haruldane p\u00e4rl! Mudelauto on olemasoleva\u00a0v\u00e4ga erilise auto t\u00e4pne koopia.<\/p>\n<p>M\u00f5nede allikate s\u00f5nul on aastate jooksul Coleman Milne tehases toodetud kokku 75 SAAB limusiini.\u00a0Teised\u00a0allikad j\u00e4llegi sosistavad, et kokku on aastate jooksul toodetud 70 isendit SAAB 9-5 limusiini. \u00d5ige toodetud SAAB limusiini kogus pole ametlikult teada ja tegelikult pole sellel ka mingit t\u00e4htsust. Fakt on see, et need autod on ainulaadsed. Kogu maailmas on heas seisukorras ja veel v\u00e4hem vasakpoolse\u00a0rooliga SAAB-i limusiini v\u00e4ga keeruline\u00a0leida.<\/p>\n<p>V\u00e4rvikombinatsiooni idee on v\u00f5etud Mercedes-Benz Maybach-ilt. Must v\u00e4rv: Panther must p\u00e4rlmutter ja punane v\u00e4rv: Candy Apple Red (6 kihti)<br \/>Algselt oli auto v\u00e4rv tavaline SAAB must BC170.<br \/>See konkreetne auto oli t\u00e4ielikult restaureeritud SaabiAnti t\u00f6\u00f6kojas, Tallinn, Eesti, EL.<\/p>\n<p>Auto on 6-ukseline, t\u00e4isvarustuses SAAB 9-5 Aero Sedaan millel on 8 istekohta.<br \/>Mootor: B235R\u00a0 191 kW<br \/>5-k\u00e4iguline automaatk\u00e4igukast<br \/>Esirattavedu<br \/>Vasakpoolne rool (LHD)<br \/>Auto pikkus: 5977 mm<br \/>Auto laius (k\u00fclgvaatepeeglid kaasa arvatud): 2070 mm<br \/>Auto k\u00f5rgus: 1449 mm<br \/>Rattad: SAAB ALU81; 17 x 7,5&#8243;<br \/>Rehvid: 235-45-R17<\/span><span class=\"tlid-translation-gender-indicator translation-gender-indicator\"><\/span><\/div><\/div>\n","protected":false},"excerpt":{"rendered":"<p>Kollektsion\u00e4\u00e4ri mudelauto\u00a0SAAB SAAB 9-5 Aero Sedaan Limusiin MY2004<\/p>\n<p>Skaala 1:43<\/p>\n<p>Selliseid mudelautosid on toodetud vaid 300 tk. T\u00e4ielikult k\u00e4sitsi valmistatud!<\/p>\n<p>See siin on piiratud v\u00e4ljalaskega mudelauto, nii et kollektsion\u00e4\u00e4rid ja f\u00e4nnid kiirustage! Igal autol on kordumatu seerianumber.<\/p>\n<p>Mudelauto tarnitakse l\u00e4bipaistvas vitriinkarbis.<\/p>\n<\/p>\n<\/p><\/p>\n","protected":false},"featured_media":2979,"comment_status":"open","ping_status":"closed","template":"","meta":{"om_disable_all_campaigns":false,"_monsterinsights_skip_tracking":false,"_monsterinsights_sitenote_active":false,"_monsterinsights_sitenote_note":"","_monsterinsights_sitenote_category":0},"product_cat":[31,35],"product_tag":[],"class_list":{"0":"post-2996","1":"product","2":"type-product","3":"status-publish","4":"has-post-thumbnail","6":"product_cat-avalehele","7":"product_cat-mudelautod","10":"first","11":"instock","12":"sale","13":"taxable","14":"shipping-taxable","15":"purchasable","16":"product-type-simple"},"aioseo_notices":[],"_links":{"self":[{"href":"https:\/\/goodstore.eu\/en\/wp-json\/wp\/v2\/product\/2996"}],"collection":[{"href":"https:\/\/goodstore.eu\/en\/wp-json\/wp\/v2\/product"}],"about":[{"href":"https:\/\/goodstore.eu\/en\/wp-json\/wp\/v2\/types\/product"}],"replies":[{"embeddable":true,"href":"https:\/\/goodstore.eu\/en\/wp-json\/wp\/v2\/comments?post=2996"}],"wp:featuredmedia":[{"embeddable":true,"href":"https:\/\/goodstore.eu\/en\/wp-json\/wp\/v2\/media\/2979"}],"wp:attachment":[{"href":"https:\/\/goodstore.eu\/en\/wp-json\/wp\/v2\/media?parent=2996"}],"wp:term":[{"taxonomy":"product_cat","embeddable":true,"href":"https:\/\/goodstore.eu\/en\/wp-json\/wp\/v2\/product_cat?post=2996"},{"taxonomy":"product_tag","embeddable":true,"href":"https:\/\/goodstore.eu\/en\/wp-json\/wp\/v2\/product_tag?post=2996"}],"curies":[{"name":"wp","href":"https:\/\/api.w.org\/{rel}","templated":true}]}}