
{"id":3054,"date":"2020-01-02T23:30:53","date_gmt":"2020-01-02T23:30:53","guid":{"rendered":"http:\/\/127.0.0.1\/wp\/product\/kunstnahast-nutivotme-umbris-faraday-kott\/"},"modified":"2022-11-24T20:14:23","modified_gmt":"2022-11-24T20:14:23","slug":"kunstnahast-nutivotme-umbris-faraday-kott","status":"publish","type":"product","link":"https:\/\/goodstore.eu\/en\/shop\/kunstnahast-nutivotme-umbris-faraday-kott\/","title":{"rendered":"Faraday Bag, Car SmartKey Signal Blocker, Anti Theft Equipment"},"content":{"rendered":"<p><span style=\"text-decoration: underline;\"><strong>Tooteinfo<\/strong><\/span><\/p>\n<p>T\u00fc\u00fcp:\u00a0Nutiv\u00f5tme signaali blokeerimise kott<\/p>\n<p>Sobib k\u00f5igile nutiv\u00f5tmetele, ID-kaartidele ja muudele telefonist v\u00e4iksematele esemetele<\/p>\n<p>V\u00e4rv:\u00a0\u00a0Must<\/p>\n<p>Materjal:\u00a0Kunstnahk<\/p>\n<p>M\u00f5\u00f5dud: 14cm x 10cm x 0.5cm<\/p>\n<p>Kaitseb kiibitehnoloogia kiipkaarte h\u00e4kkerite RFID-lugejate eest sagedusvahemikus 10 kHz \u2013 30 GHz.<\/p>\n<p><span style=\"white-space: pre;\"><span style=\"text-decoration: underline;\"><strong><span style=\"color: #d0121a; text-decoration: underline;\">Faraday kotil on 2 taskut:<\/span><\/strong><\/span> <strong>tagumine tasku signaali blokeerimiseks<\/strong><br \/>\nja<br \/>\nesimene (v\u00e4limine) tasku kaitseb vaid radiatsiooni eest &#8211; see ei t\u00f6\u00f6ta signaali blokeerijana.<\/span><\/p>\n<p>Kui olete auto parkinud ja lukustanud, siis veenduge, et asetate nutiv\u00f5tme sisemisse taskusse! Nii toimides blokeerite autov\u00f5tme signaali kopeerimise ning edastamise.<\/p>\n","protected":false},"excerpt":{"rendered":"<p>Today almost all car makers use in their cars SmartKeys and keyless entries. That feature is very comfortable for car users as well for thieves to steal the car. One option to protect your car is to keep in your car bull terrier. Much easier way is to use Faraday Bag.<\/p>\n<p>You don`t have to do nothing else &#8211; just put your car`s SmartKey in to the back pocket of the Faraday Bag (Shielding Bag) and sleep peacefully. The signal will not be copied and your car stays securely in the place you left it last.<\/p>\n<p>Not many places on Earth have that item in stock, but we have.<\/p>\n<p><strong><span style=\"color: #d0121a;\">NB!<\/span><\/strong>\u00a0<span style=\"color: #8f28fe;\">goodstore.eu aka Palm &amp; Co LLC will not take any responsibility against stealing the vehicles that were protected with Faraday Bag.<\/span><\/p>\n","protected":false},"featured_media":3049,"comment_status":"open","ping_status":"closed","template":"","meta":{"om_disable_all_campaigns":false,"_monsterinsights_skip_tracking":false,"_monsterinsights_sitenote_active":false,"_monsterinsights_sitenote_note":"","_monsterinsights_sitenote_category":0},"product_cat":[31,34],"product_tag":[],"class_list":{"0":"post-3054","1":"product","2":"type-product","3":"status-publish","4":"has-post-thumbnail","6":"product_cat-avalehele","7":"product_cat-kingitused-ja-kingiideed","10":"first","11":"instock","12":"taxable","13":"shipping-taxable","14":"purchasable","15":"product-type-simple"},"aioseo_notices":[],"_links":{"self":[{"href":"https:\/\/goodstore.eu\/en\/wp-json\/wp\/v2\/product\/3054"}],"collection":[{"href":"https:\/\/goodstore.eu\/en\/wp-json\/wp\/v2\/product"}],"about":[{"href":"https:\/\/goodstore.eu\/en\/wp-json\/wp\/v2\/types\/product"}],"replies":[{"embeddable":true,"href":"https:\/\/goodstore.eu\/en\/wp-json\/wp\/v2\/comments?post=3054"}],"wp:featuredmedia":[{"embeddable":true,"href":"https:\/\/goodstore.eu\/en\/wp-json\/wp\/v2\/media\/3049"}],"wp:attachment":[{"href":"https:\/\/goodstore.eu\/en\/wp-json\/wp\/v2\/media?parent=3054"}],"wp:term":[{"taxonomy":"product_cat","embeddable":true,"href":"https:\/\/goodstore.eu\/en\/wp-json\/wp\/v2\/product_cat?post=3054"},{"taxonomy":"product_tag","embeddable":true,"href":"https:\/\/goodstore.eu\/en\/wp-json\/wp\/v2\/product_tag?post=3054"}],"curies":[{"name":"wp","href":"https:\/\/api.w.org\/{rel}","templated":true}]}}