
{"id":3078,"date":"2020-08-02T22:55:02","date_gmt":"2020-08-02T22:55:02","guid":{"rendered":"http:\/\/127.0.0.1\/wp\/product\/kruus-keermestatud-polt-keraamiline-efektne-matt-hobedane\/"},"modified":"2021-12-08T09:37:26","modified_gmt":"2021-12-08T09:37:26","slug":"kruus-keermestatud-polt-keraamiline-efektne-matt-hobedane","status":"publish","type":"product","link":"https:\/\/goodstore.eu\/en\/shop\/kruus-keermestatud-polt-keraamiline-efektne-matt-hobedane\/","title":{"rendered":"Mug Threaded Bolt shape, Ceramic, Matte Silver, Stylish"},"content":{"rendered":"<div>\n<p>&nbsp;<\/p>\n<div>\n<p><span style=\"font-size: 16px;\">Sobib koduseks kasutuseks; vesi-piim-tee-kohvi vedelikele<\/span><\/p>\n<p>Toote t\u00fc\u00fcp: Kuuma joogi kruus<br \/>\n<span style=\"color: #000000;\"><span style=\"font-family: Verdana, Arial, Helvetica, sans-serif;\"><span style=\"font-size: 12pt;\">Mater<\/span><\/span><\/span><span style=\"color: #000000;\"><span style=\"font-family: Verdana, Arial, Helvetica, sans-serif;\"><span style=\"font-size: 12pt;\">j<\/span><\/span><\/span><span style=\"color: #000000;\"><span style=\"font-family: Verdana, Arial, Helvetica, sans-serif;\"><span style=\"font-size: 12pt;\">al: <\/span><\/span><\/span><span style=\"color: #000000;\"><span style=\"font-family: Verdana, Arial, Helvetica, sans-serif;\"><span style=\"font-size: 12pt;\">Keraamika<br \/>\n<\/span><\/span><\/span><span style=\"color: #000000;\"><span style=\"font-family: Verdana, Arial, Helvetica, sans-serif;\"><span style=\"font-size: 12pt;\">Pakend sisaldab<\/span><\/span><\/span><span style=\"color: #000000;\"><span style=\"font-family: Verdana, Arial, Helvetica, sans-serif;\"><span style=\"font-size: 12pt;\">: 1 x Keermestatud poldi kujuline kohvikruus<\/span><\/span><\/span><span style=\"color: #000000;\"><span style=\"font-family: Verdana, Arial, Helvetica, sans-serif;\"><span style=\"font-size: 12pt;\"><br \/>\n<\/span><\/span><\/span><span style=\"color: #000000;\"><span style=\"font-family: Verdana, Arial, Helvetica, sans-serif;\"><span style=\"font-size: 12pt;\">Omadus<\/span><\/span><\/span><span style=\"color: #000000;\"><span style=\"font-family: Verdana, Arial, Helvetica, sans-serif;\"><span style=\"font-size: 12pt;\">: <\/span><\/span><\/span><span style=\"color: #000000;\"><span style=\"font-family: Verdana, Arial, Helvetica, sans-serif;\"><span style=\"font-size: 12pt;\">Looduss\u00f5bralik, tervisele kahjutu, toiduainetele sobiv<br \/>\n<\/span><\/span><\/span><span style=\"color: #000000;\"><span style=\"font-family: Verdana, Arial, Helvetica, sans-serif;\"><span style=\"font-size: 12pt;\">Kuju<\/span><\/span><\/span><span style=\"color: #000000;\"><span style=\"font-family: Verdana, Arial, Helvetica, sans-serif;\"><span style=\"font-size: 12pt;\">: Tugeva S<\/span><\/span><\/span><span style=\"color: #000000;\"><span style=\"font-family: Verdana, Arial, Helvetica, sans-serif;\"><span style=\"font-size: 12pt;\">angaga tass<br \/>\n<\/span><\/span><\/span><span style=\"color: #000000;\"><span style=\"font-family: Verdana, Arial, Helvetica, sans-serif;\"><span style=\"font-size: 12pt;\">Tassi mahtuvus<\/span><\/span><\/span><span style=\"color: #000000;\"><span style=\"font-family: Verdana, Arial, Helvetica, sans-serif;\"><span style=\"font-size: 12pt;\">: 380ml <\/span><\/span><\/span><span style=\"color: #000000;\"><span style=\"font-family: Verdana, Arial, Helvetica, sans-serif;\"><span style=\"font-size: 12pt;\">igap\u00e4evaseks kasutamiseks<br \/>\nKeerme t\u00fc\u00fcp: vasak<br \/>\nKeerme m\u00f5\u00f5t: M82<\/span><\/span><\/span><\/p>\n<\/div>\n<div><span style=\"color: #000000;\"><span style=\"font-family: Verdana, Arial, Helvetica, sans-serif;\"><span style=\"font-size: 12pt;\">Mutriv\u00f5tme m\u00f5\u00f5t: 88 mm<br \/>\n<\/span><\/span><\/span><span style=\"color: #000000;\"><span style=\"font-family: Verdana, Arial, Helvetica, sans-serif;\"><span style=\"font-size: 12pt;\">Toote m\u00f5\u00f5dud<\/span><\/span><\/span><span style=\"color: #000000;\"><span style=\"font-family: Verdana, Arial, Helvetica, sans-serif;\"><span style=\"font-size: 12pt;\"> (K\u00f5rgus<\/span><\/span><\/span><span style=\"color: #000000;\"><span style=\"font-family: Verdana, Arial, Helvetica, sans-serif;\"><span style=\"font-size: 12pt;\">\u00a0x Diameeter<\/span><\/span><\/span><span style=\"color: #000000;\"><span style=\"font-family: Verdana, Arial, Helvetica, sans-serif;\"><span style=\"font-size: 12pt;\">\u00a0x Diameeter koos sangaga<\/span><\/span><\/span><span style=\"color: #000000;\"><span style=\"font-family: Verdana, Arial, Helvetica, sans-serif;\"><span style=\"font-size: 12pt;\">): 10.50 x 8.20 x 13.00 cm<br \/>\n<\/span><\/span><\/span><span style=\"color: #000000;\"><span style=\"font-family: Verdana, Arial, Helvetica, sans-serif;\"><span style=\"font-size: 12pt;\">Pakendi m\u00f5\u00f5dud<\/span><\/span><\/span><span style=\"color: #000000;\"><span style=\"font-family: Verdana, Arial, Helvetica, sans-serif;\"><span style=\"font-size: 12pt;\"> (<\/span><\/span><\/span><span style=\"color: #000000;\"><span style=\"font-family: Verdana, Arial, Helvetica, sans-serif;\"><span style=\"font-size: 12pt;\">P<\/span><\/span><\/span><span style=\"color: #000000;\"><span style=\"font-family: Verdana, Arial, Helvetica, sans-serif;\"><span style=\"font-size: 12pt;\"> x <\/span><\/span><\/span><span style=\"color: #000000;\"><span style=\"font-family: Verdana, Arial, Helvetica, sans-serif;\"><span style=\"font-size: 12pt;\">L<\/span><\/span><\/span><span style=\"color: #000000;\"><span style=\"font-family: Verdana, Arial, Helvetica, sans-serif;\"><span style=\"font-size: 12pt;\"> x <\/span><\/span><\/span><span style=\"color: #000000;\"><span style=\"font-family: Verdana, Arial, Helvetica, sans-serif;\"><span style=\"font-size: 12pt;\">K<\/span><\/span><\/span><span style=\"color: #000000;\"><span style=\"font-family: Verdana, Arial, Helvetica, sans-serif;\"><span style=\"font-size: 12pt;\">): 11.00 x 13.00 x 10.50 cm<br \/>\n<\/span><\/span><\/span><span style=\"color: #000000;\"><span style=\"font-family: Verdana, Arial, Helvetica, sans-serif;\"><span style=\"font-size: 12pt;\">Pakendi brutokaal<\/span><\/span><\/span><span style=\"color: #000000;\"><span style=\"font-family: Verdana, Arial, Helvetica, sans-serif;\"><span style=\"font-size: 12pt;\">: 0.400 kg<br \/>\n<\/span><\/span><\/span><span style=\"color: #000000;\"><span style=\"font-family: Verdana, Arial, Helvetica, sans-serif;\"><span style=\"font-size: 12pt;\">Toote kaal<\/span><\/span><\/span><span style=\"color: #000000;\"><span style=\"font-family: Verdana, Arial, Helvetica, sans-serif;\"><span style=\"font-size: 12pt;\">: 0.360 kg\u00a0<\/span><\/span><\/span><\/div>\n<div>\n<p><span style=\"font-size: 16px;\"><span style=\"font-size: 16px;\">\u00a0<\/span><\/span><\/p>\n<p><span style=\"font-size: 12pt;\"><span lang=\"et-ee\" xml:lang=\"et-ee\"><span style=\"text-decoration: underline;\"><b>P\u00f5hio<\/b><\/span><\/span><\/span><span style=\"font-size: 12pt;\"><span lang=\"et-ee\" xml:lang=\"et-ee\"><span style=\"text-decoration: underline;\"><b>madus<\/b><\/span><\/span><\/span><span style=\"font-size: 12pt;\"><span lang=\"et-ee\" xml:lang=\"et-ee\"><span style=\"text-decoration: underline;\"><b>ed:<\/b><\/span><\/span><\/span><\/p>\n<p>\u25cf\u00a0Keermestatud poldi<span style=\"font-size: 12pt;\"><span lang=\"et-ee\" xml:lang=\"et-ee\">\u00a0disainiga, <\/span><\/span><span style=\"font-size: 12pt;\"><span lang=\"et-ee\" xml:lang=\"et-ee\">keraamilise glasuuriga kaetud tass.<\/span><\/span><span style=\"font-size: 12pt;\"><span lang=\"et-ee\" xml:lang=\"et-ee\"><br \/>\n<\/span><\/span><span style=\"font-size: 12pt;\"><span lang=\"et-ee\" xml:lang=\"et-ee\">\u25cf Valmistatud keraamilisest, siledast tekstuurist <\/span><\/span><span style=\"font-size: 12pt;\"><span lang=\"et-ee\" xml:lang=\"et-ee\">mis<\/span><\/span><span style=\"font-size: 12pt;\"><span lang=\"et-ee\" xml:lang=\"et-ee\"> ei <\/span><\/span><span style=\"font-size: 12pt;\"><span lang=\"et-ee\" xml:lang=\"et-ee\">tee haiget tundlikele huultele.<\/span><\/span><span style=\"font-size: 12pt;\"><span lang=\"et-ee\" xml:lang=\"et-ee\"><br \/>\n\u25cf Sobib sooja vee, tee, kohvi v\u00f5i muude jookide jaoks<br \/>\n<\/span><\/span><span style=\"color: #ff0000;\"><span style=\"font-size: 12pt;\"><span lang=\"et-ee\" xml:lang=\"et-ee\"><b>\u25cf Ei ole m\u00f5eldud mikrolaineahjus kasutamiseks v\u00f5i n\u00f5udepesumasinas pesemiseks<\/b><\/span><\/span><\/span><b> <\/b><\/p>\n<\/div>\n<\/div>\n<div>\n<div><\/div>\n<div><\/div>\n<\/div>\n","protected":false},"excerpt":{"rendered":"<p>Surprise Your automotive`s friend, or even yourself with an interesting mug!<\/p>\n<p>You will enjoy every minute the delicious drinks when You drink from this cup!<\/p>\n<p>That`s for sure &#8211; You will carry it with You everywhere You go to show up this magnificent design and idea!<\/p>\n<p>The day is made much better again!Surprise Your automotive`s friend, or even yourself with an interesting mug!<\/p>\n<p>You will enjoy every minute the delicious drinks when You drink from this cup!<\/p>\n<p>That`s for sure &#8211; You will carry it with You everywhere You go to show up this magnificent design and idea!<\/p>\n<p>The day is made much better again!Surprise Your automotive`s friend, or even yourself with an interesting mug!<\/p>\n<p>You will enjoy every minute the delicious drinks when You drink from this cup!<\/p>\n<p>That`s for sure &#8211; You will carry it with You everywhere You go to show up this magnificent design and idea!<\/p>\n<p>The day is made much better again!Surprise Your automotive`s friend, or even yourself with an interesting mug!<\/p>\n<p>You will enjoy every minute the delicious drinks when You drink from this cup!<\/p>\n<p>That`s for sure &#8211; You will carry it with You everywhere You go to show up this magnificent design and idea!<\/p>\n<p>The day is made much better again!<\/p>\n","protected":false},"featured_media":3071,"comment_status":"open","ping_status":"closed","template":"","meta":{"om_disable_all_campaigns":false,"_monsterinsights_skip_tracking":false,"_monsterinsights_sitenote_active":false,"_monsterinsights_sitenote_note":"","_monsterinsights_sitenote_category":0},"product_cat":[34,41],"product_tag":[],"class_list":{"0":"post-3078","1":"product","2":"type-product","3":"status-publish","4":"has-post-thumbnail","6":"product_cat-kingitused-ja-kingiideed","7":"product_cat-tassid-ja-klaasid-igale-maitsele","10":"first","11":"instock","12":"sale","13":"taxable","14":"shipping-taxable","15":"purchasable","16":"product-type-simple"},"aioseo_notices":[],"_links":{"self":[{"href":"https:\/\/goodstore.eu\/en\/wp-json\/wp\/v2\/product\/3078"}],"collection":[{"href":"https:\/\/goodstore.eu\/en\/wp-json\/wp\/v2\/product"}],"about":[{"href":"https:\/\/goodstore.eu\/en\/wp-json\/wp\/v2\/types\/product"}],"replies":[{"embeddable":true,"href":"https:\/\/goodstore.eu\/en\/wp-json\/wp\/v2\/comments?post=3078"}],"wp:featuredmedia":[{"embeddable":true,"href":"https:\/\/goodstore.eu\/en\/wp-json\/wp\/v2\/media\/3071"}],"wp:attachment":[{"href":"https:\/\/goodstore.eu\/en\/wp-json\/wp\/v2\/media?parent=3078"}],"wp:term":[{"taxonomy":"product_cat","embeddable":true,"href":"https:\/\/goodstore.eu\/en\/wp-json\/wp\/v2\/product_cat?post=3078"},{"taxonomy":"product_tag","embeddable":true,"href":"https:\/\/goodstore.eu\/en\/wp-json\/wp\/v2\/product_tag?post=3078"}],"curies":[{"name":"wp","href":"https:\/\/api.w.org\/{rel}","templated":true}]}}