
{"id":3080,"date":"2020-08-07T11:39:36","date_gmt":"2020-08-07T11:39:36","guid":{"rendered":"http:\/\/127.0.0.1\/wp\/product\/kruus-thor-vasar-keraamiline-efektne\/"},"modified":"2021-01-04T09:05:45","modified_gmt":"2021-01-04T09:05:45","slug":"kruus-thor-vasar-keraamiline-efektne","status":"publish","type":"product","link":"https:\/\/goodstore.eu\/en\/shop\/kruus-thor-vasar-keraamiline-efektne\/","title":{"rendered":"Coffee Mug Thor`s \/ Saul`s Hammer shape, Ceramic, Shiny Silver"},"content":{"rendered":"<p><\/p>\n<div>\n<p>&nbsp;<\/p>\n<div>\n<p><span style=\"font-size: 16px;\">Sobib koduseks kasutuseks; vesi-piim-tee-kohvi vedelikele<\/span><\/p>\n<p>Toote t\u00fc\u00fcp: Kuuma joogi kruus<br \/>\n<span style=\"color: #000000;\"><span style=\"font-family: Verdana, Arial, Helvetica, sans-serif;\"><span style=\"font-size: 12pt;\">Mater<\/span><\/span><\/span><span style=\"color: #000000;\"><span style=\"font-family: Verdana, Arial, Helvetica, sans-serif;\"><span style=\"font-size: 12pt;\">j<\/span><\/span><\/span><span style=\"color: #000000;\"><span style=\"font-family: Verdana, Arial, Helvetica, sans-serif;\"><span style=\"font-size: 12pt;\">al: <\/span><\/span><\/span><span style=\"color: #000000;\"><span style=\"font-family: Verdana, Arial, Helvetica, sans-serif;\"><span style=\"font-size: 12pt;\">Keraamika<br \/>\n<\/span><\/span><\/span><span style=\"color: #000000;\"><span style=\"font-family: Verdana, Arial, Helvetica, sans-serif;\"><span style=\"font-size: 12pt;\">Pakend sisaldab<\/span><\/span><\/span><span style=\"color: #000000;\"><span style=\"font-family: Verdana, Arial, Helvetica, sans-serif;\"><span style=\"font-size: 12pt;\">: 1 x\u00a0Thor-i vasarakujuline kohvikruus<\/span><\/span><\/span><span style=\"color: #000000;\"><span style=\"font-family: Verdana, Arial, Helvetica, sans-serif;\"><span style=\"font-size: 12pt;\"><br \/>\n<\/span><\/span><\/span><span style=\"color: #000000;\"><span style=\"font-family: Verdana, Arial, Helvetica, sans-serif;\"><span style=\"font-size: 12pt;\">Omadus<\/span><\/span><\/span><span style=\"color: #000000;\"><span style=\"font-family: Verdana, Arial, Helvetica, sans-serif;\"><span style=\"font-size: 12pt;\">: <\/span><\/span><\/span><span style=\"color: #000000;\"><span style=\"font-family: Verdana, Arial, Helvetica, sans-serif;\"><span style=\"font-size: 12pt;\">Looduss\u00f5bralik, tervisele kahjutu, toiduainetele sobiv<br \/>\n<\/span><\/span><\/span><span style=\"color: #000000;\"><span style=\"font-family: Verdana, Arial, Helvetica, sans-serif;\"><span style=\"font-size: 12pt;\">Kuju<\/span><\/span><\/span><span style=\"color: #000000;\"><span style=\"font-family: Verdana, Arial, Helvetica, sans-serif;\"><span style=\"font-size: 12pt;\">: Tugeva Varre<\/span><\/span><\/span><span style=\"color: #000000;\"><span style=\"font-family: Verdana, Arial, Helvetica, sans-serif;\"><span style=\"font-size: 12pt;\">ga tass<br \/>\n<\/span><\/span><\/span><span style=\"color: #000000;\"><span style=\"font-family: Verdana, Arial, Helvetica, sans-serif;\"><span style=\"font-size: 12pt;\">Tassi mahtuvus<\/span><\/span><\/span><span style=\"color: #000000;\"><span style=\"font-family: Verdana, Arial, Helvetica, sans-serif;\"><span style=\"font-size: 12pt;\">: umbes 550ml<\/span><\/span><\/span><span style=\"color: #000000;\"><span style=\"font-family: Verdana, Arial, Helvetica, sans-serif;\"><span style=\"font-size: 12pt;\"><br \/>\n<span style=\"color: #000000;\"><span style=\"font-family: Verdana, Arial, Helvetica, sans-serif;\"><span style=\"font-size: 12pt;\">Toote m\u00f5\u00f5dud<\/span><\/span><\/span><span style=\"color: #000000;\"><span style=\"font-family: Verdana, Arial, Helvetica, sans-serif;\"><span style=\"font-size: 12pt;\"> (K\u00f5rgus<\/span><\/span><\/span><span style=\"color: #000000;\"><span style=\"font-family: Verdana, Arial, Helvetica, sans-serif;\"><span style=\"font-size: 12pt;\">\u00a0x Laius x Pikkus<\/span><\/span><\/span><span style=\"color: #000000;\"><span style=\"font-family: Verdana, Arial, Helvetica, sans-serif;\"><span style=\"font-size: 12pt;\">): 11.50 x 8.00 x 10.00 cm<br \/>\n<\/span><\/span><\/span>Vasara varre pikkus: 9 cm<\/span><\/span><\/span><\/p>\n<\/div>\n<div><span style=\"color: #000000;\"><span style=\"font-family: Verdana, Arial, Helvetica, sans-serif;\"><span style=\"font-size: 12pt;\">Pakendi m\u00f5\u00f5dud<\/span><\/span><\/span><span style=\"color: #000000;\"><span style=\"font-family: Verdana, Arial, Helvetica, sans-serif;\"><span style=\"font-size: 12pt;\"> (<\/span><\/span><\/span><span style=\"color: #000000;\"><span style=\"font-family: Verdana, Arial, Helvetica, sans-serif;\"><span style=\"font-size: 12pt;\">P<\/span><\/span><\/span><span style=\"color: #000000;\"><span style=\"font-family: Verdana, Arial, Helvetica, sans-serif;\"><span style=\"font-size: 12pt;\"> x <\/span><\/span><\/span><span style=\"color: #000000;\"><span style=\"font-family: Verdana, Arial, Helvetica, sans-serif;\"><span style=\"font-size: 12pt;\">L<\/span><\/span><\/span><span style=\"color: #000000;\"><span style=\"font-family: Verdana, Arial, Helvetica, sans-serif;\"><span style=\"font-size: 12pt;\"> x <\/span><\/span><\/span><span style=\"color: #000000;\"><span style=\"font-family: Verdana, Arial, Helvetica, sans-serif;\"><span style=\"font-size: 12pt;\">K<\/span><\/span><\/span><span style=\"color: #000000;\"><span style=\"font-family: Verdana, Arial, Helvetica, sans-serif;\"><span style=\"font-size: 12pt;\">): 22.00 x 16.00 x 16.00 cm<br \/>\n<\/span><\/span><\/span><span style=\"color: #000000;\"><span style=\"font-family: Verdana, Arial, Helvetica, sans-serif;\"><span style=\"font-size: 12pt;\">Pakendi brutokaal<\/span><\/span><\/span><span style=\"color: #000000;\"><span style=\"font-family: Verdana, Arial, Helvetica, sans-serif;\"><span style=\"font-size: 12pt;\">: 0.575 kg<br \/>\n<\/span><\/span><\/span><span style=\"color: #000000;\"><span style=\"font-family: Verdana, Arial, Helvetica, sans-serif;\"><span style=\"font-size: 12pt;\">Toote kaal<\/span><\/span><\/span><span style=\"color: #000000;\"><span style=\"font-family: Verdana, Arial, Helvetica, sans-serif;\"><span style=\"font-size: 12pt;\">: 0.460 kg\u00a0<\/span><\/span><\/span><\/div>\n<div>\n<p><span style=\"font-size: 16px;\"><span style=\"font-size: 16px;\">\u00a0<\/span><\/span><\/p>\n<p><span style=\"font-size: 12pt;\"><span lang=\"et-ee\" xml:lang=\"et-ee\"><span style=\"text-decoration: underline;\"><b>P\u00f5hio<\/b><\/span><\/span><\/span><span style=\"font-size: 12pt;\"><span lang=\"et-ee\" xml:lang=\"et-ee\"><span style=\"text-decoration: underline;\"><b>madus<\/b><\/span><\/span><\/span><span style=\"font-size: 12pt;\"><span lang=\"et-ee\" xml:lang=\"et-ee\"><span style=\"text-decoration: underline;\"><b>ed:<\/b><\/span><\/span><\/span><\/p>\n<p>\u25cf\u00a0Thor-i vasarakujulise<span style=\"font-size: 12pt;\"><span lang=\"et-ee\" xml:lang=\"et-ee\">\u00a0disainiga, l\u00e4ikiva\u00a0<\/span><\/span><span style=\"font-size: 12pt;\"><span lang=\"et-ee\" xml:lang=\"et-ee\">keraamilise glasuuriga kaetud tass.<\/span><\/span><span style=\"font-size: 12pt;\"><span lang=\"et-ee\" xml:lang=\"et-ee\"><br \/>\n<\/span><\/span><span style=\"font-size: 12pt;\"><span lang=\"et-ee\" xml:lang=\"et-ee\">\u25cf Valmistatud keraamilisest, siledast tekstuurist <\/span><\/span><span style=\"font-size: 12pt;\"><span lang=\"et-ee\" xml:lang=\"et-ee\">mis<\/span><\/span><span style=\"font-size: 12pt;\"><span lang=\"et-ee\" xml:lang=\"et-ee\"> ei <\/span><\/span><span style=\"font-size: 12pt;\"><span lang=\"et-ee\" xml:lang=\"et-ee\">tee haiget tundlikele huultele.<\/span><\/span><span style=\"font-size: 12pt;\"><span lang=\"et-ee\" xml:lang=\"et-ee\"><br \/>\n\u25cf Sobib sooja vee, tee, kohvi v\u00f5i muude jookide jaoks<br \/>\n<\/span><\/span><span style=\"color: #ff0000;\"><span style=\"font-size: 12pt;\"><span lang=\"et-ee\" xml:lang=\"et-ee\"><b>\u25cf Ei ole m\u00f5eldud mikrolaineahjus kasutamiseks v\u00f5i n\u00f5udepesumasinas pesemiseks<\/b><\/span><\/span><\/span><b> <\/b><\/p>\n<\/div>\n<\/div>\n<div>\n<div><\/div>\n<div><\/div>\n<\/div>\n<p><\/p>","protected":false},"excerpt":{"rendered":"<p>Well not possible! &#8230; it still is! You can take your drink with this cup and you are the hero! It doesn&#8217;t matter if you are young or old, tall or short &#8211; now you can demonstrate who`s the real boss!<\/p>\n<p>This impressive and shiny, hammer-shaped mug is missing from your tool box!<\/p>\n<p>This is a seriously large mug that can hold about 0.550 liters of your favorite drink! The handle is strong and does not have to hold the cup between two fingers, but can be grasped properly &#8211; as men do.<\/p>\n<p>As the owner of this mug, you can&#8217;t wait for your next coffee break because it&#8217;s so fierce!<\/p>\n<p>One thing&#8217;s for sure &#8211; You won&#8217;t leave this dish anywhere on the edge of the table or on a shelf, because you want to show everyone that great design of this coffee mug!<\/p>\n","protected":false},"featured_media":3079,"comment_status":"open","ping_status":"closed","template":"","meta":{"om_disable_all_campaigns":false,"_monsterinsights_skip_tracking":false,"_monsterinsights_sitenote_active":false,"_monsterinsights_sitenote_note":"","_monsterinsights_sitenote_category":0},"product_cat":[34,41],"product_tag":[],"class_list":{"0":"post-3080","1":"product","2":"type-product","3":"status-publish","4":"has-post-thumbnail","6":"product_cat-kingitused-ja-kingiideed","7":"product_cat-tassid-ja-klaasid-igale-maitsele","10":"first","11":"instock","12":"taxable","13":"shipping-taxable","14":"purchasable","15":"product-type-simple"},"aioseo_notices":[],"_links":{"self":[{"href":"https:\/\/goodstore.eu\/en\/wp-json\/wp\/v2\/product\/3080"}],"collection":[{"href":"https:\/\/goodstore.eu\/en\/wp-json\/wp\/v2\/product"}],"about":[{"href":"https:\/\/goodstore.eu\/en\/wp-json\/wp\/v2\/types\/product"}],"replies":[{"embeddable":true,"href":"https:\/\/goodstore.eu\/en\/wp-json\/wp\/v2\/comments?post=3080"}],"wp:featuredmedia":[{"embeddable":true,"href":"https:\/\/goodstore.eu\/en\/wp-json\/wp\/v2\/media\/3079"}],"wp:attachment":[{"href":"https:\/\/goodstore.eu\/en\/wp-json\/wp\/v2\/media?parent=3080"}],"wp:term":[{"taxonomy":"product_cat","embeddable":true,"href":"https:\/\/goodstore.eu\/en\/wp-json\/wp\/v2\/product_cat?post=3080"},{"taxonomy":"product_tag","embeddable":true,"href":"https:\/\/goodstore.eu\/en\/wp-json\/wp\/v2\/product_tag?post=3080"}],"curies":[{"name":"wp","href":"https:\/\/api.w.org\/{rel}","templated":true}]}}