
{"id":3088,"date":"2020-09-07T10:48:40","date_gmt":"2020-09-07T10:48:40","guid":{"rendered":"http:\/\/127.0.0.1\/wp\/product\/teelusikas-noodivotmega-sinine\/"},"modified":"2024-12-01T14:00:56","modified_gmt":"2024-12-01T14:00:56","slug":"teelusikas-noodivotmega-sinine","status":"publish","type":"product","link":"https:\/\/goodstore.eu\/en\/shop\/teelusikas-noodivotmega-sinine\/","title":{"rendered":"Dessert Spoon, Treble Clef Shape, Blue stainless steel, polished"},"content":{"rendered":"<div>\n<p>&nbsp;<\/p>\n<div>\n<p><span style=\"font-size: 16px;\">Sobib koduseks kasutuseks.<\/span><\/p>\n<p>Toote t\u00fc\u00fcp:\u00a0Teelusikas \/ kohvilusikas<br \/>\n<span style=\"color: #000000;\"><span style=\"font-family: Verdana, Arial, Helvetica, sans-serif;\"><span style=\"font-size: 12pt;\">Mater<\/span><\/span><\/span><span style=\"color: #000000;\"><span style=\"font-family: Verdana, Arial, Helvetica, sans-serif;\"><span style=\"font-size: 12pt;\">j<\/span><\/span><\/span><span style=\"color: #000000;\"><span style=\"font-family: Verdana, Arial, Helvetica, sans-serif;\"><span style=\"font-size: 12pt;\">al: Roostevaba teras<\/span><\/span><\/span><span style=\"color: #000000;\"><span style=\"font-family: Verdana, Arial, Helvetica, sans-serif;\"><span style=\"font-size: 12pt;\"><br \/>\n<\/span><\/span><\/span><span style=\"color: #000000;\"><span style=\"font-family: Verdana, Arial, Helvetica, sans-serif;\"><span style=\"font-size: 12pt;\">Pakend sisaldab<\/span><\/span><\/span><span style=\"color: #000000;\"><span style=\"font-family: Verdana, Arial, Helvetica, sans-serif;\"><span style=\"font-size: 12pt;\">: 1 x viiuliv\u00f5tmekujuline teelusikas<\/span><\/span><\/span><span style=\"color: #000000;\"><span style=\"font-family: Verdana, Arial, Helvetica, sans-serif;\"><span style=\"font-size: 12pt;\"><br \/>\n<\/span><\/span><\/span><span style=\"color: #000000;\"><span style=\"font-family: Verdana, Arial, Helvetica, sans-serif;\"><span style=\"font-size: 12pt;\">Omadus<\/span><\/span><\/span><span style=\"color: #000000;\"><span style=\"font-family: Verdana, Arial, Helvetica, sans-serif;\"><span style=\"font-size: 12pt;\">: t<\/span><\/span><\/span><span style=\"color: #000000;\"><span style=\"font-family: Verdana, Arial, Helvetica, sans-serif;\"><span style=\"font-size: 12pt;\">oiduainetele sobiv<br \/>\n<\/span><\/span><\/span><span style=\"color: #000000;\"><span style=\"font-family: Verdana, Arial, Helvetica, sans-serif;\"><span style=\"font-size: 12pt;\">Kuju<\/span><\/span><\/span><span style=\"color: #000000;\"><span style=\"font-family: Verdana, Arial, Helvetica, sans-serif;\"><span style=\"font-size: 12pt;\">: Noodiv\u00f5tmekujuline lusikas<\/span><\/span><\/span><span style=\"color: #000000;\"><span style=\"font-family: Verdana, Arial, Helvetica, sans-serif;\"><span style=\"font-size: 12pt;\"><br \/>\n<\/span><\/span><\/span><span style=\"color: #000000;\"><span style=\"font-family: Verdana, Arial, Helvetica, sans-serif;\"><span style=\"font-size: 12pt;\">Toote m\u00f5\u00f5dud<\/span><\/span><\/span><span style=\"color: #000000;\"><span style=\"font-family: Verdana, Arial, Helvetica, sans-serif;\"><span style=\"font-size: 12pt;\"> (<\/span><\/span><\/span><span style=\"color: #000000;\"><span style=\"font-family: Verdana, Arial, Helvetica, sans-serif;\"><span style=\"font-size: 12pt;\">P<\/span><\/span><\/span><span style=\"color: #000000;\"><span style=\"font-family: Verdana, Arial, Helvetica, sans-serif;\"><span style=\"font-size: 12pt;\"> x <\/span><\/span><\/span><span style=\"color: #000000;\"><span style=\"font-family: Verdana, Arial, Helvetica, sans-serif;\"><span style=\"font-size: 12pt;\">L<\/span><\/span><\/span><span style=\"color: #000000;\"><span style=\"font-family: Verdana, Arial, Helvetica, sans-serif;\"><span style=\"font-size: 12pt;\"> x L2<\/span><\/span><\/span><span style=\"color: #000000;\"><span style=\"font-family: Verdana, Arial, Helvetica, sans-serif;\"><span style=\"font-size: 12pt;\"><span style=\"font-size: 12pt;\">): <\/span><span style=\"font-size: 16px;\">15.50 x 2.50 x 2.80 cm<\/span><\/span><\/span><\/span><span style=\"color: #000000;\"><span style=\"font-family: Verdana, Arial, Helvetica, sans-serif;\"><span style=\"font-size: 12pt;\"><br \/>\n<\/span><\/span><\/span><span style=\"color: #000000;\"><span style=\"font-family: Verdana, Arial, Helvetica, sans-serif;\"><span style=\"font-size: 12pt;\">Pakendi m\u00f5\u00f5dud<\/span><\/span><\/span><span style=\"color: #000000;\"><span style=\"font-family: Verdana, Arial, Helvetica, sans-serif;\"><span style=\"font-size: 12pt;\"> (<\/span><\/span><\/span><span style=\"color: #000000;\"><span style=\"font-family: Verdana, Arial, Helvetica, sans-serif;\"><span style=\"font-size: 12pt;\">P<\/span><\/span><\/span><span style=\"color: #000000;\"><span style=\"font-family: Verdana, Arial, Helvetica, sans-serif;\"><span style=\"font-size: 12pt;\"> x <\/span><\/span><\/span><span style=\"color: #000000;\"><span style=\"font-family: Verdana, Arial, Helvetica, sans-serif;\"><span style=\"font-size: 12pt;\">L<\/span><\/span><\/span><span style=\"color: #000000;\"><span style=\"font-family: Verdana, Arial, Helvetica, sans-serif;\"><span style=\"font-size: 12pt;\"> x <\/span><\/span><\/span><span style=\"color: #000000;\"><span style=\"font-family: Verdana, Arial, Helvetica, sans-serif;\"><span style=\"font-size: 12pt;\">K<\/span><\/span><\/span><span style=\"color: #000000;\"><span style=\"font-family: Verdana, Arial, Helvetica, sans-serif;\"><span style=\"font-size: 12pt;\">): 23.00 x 8.00 x 8.00 cm<br \/>\n<\/span><\/span><\/span><span style=\"color: #000000;\"><span style=\"font-family: Verdana, Arial, Helvetica, sans-serif;\"><span style=\"font-size: 12pt;\">Toote kaal \/ 1 lusikas<\/span><\/span><\/span><span style=\"color: #000000;\"><span style=\"font-family: Verdana, Arial, Helvetica, sans-serif;\"><span style=\"font-size: 12pt;\"><span style=\"font-size: 12pt;\">: 0.020 kg\u00a0<\/span><\/span><\/span><\/span><\/p>\n<p><span style=\"text-decoration: underline;\"><span style=\"font-size: 16px;\">NB! Tegelikkuses on see lusikas veelgi ilusam, kui fotodel!<\/span><\/span><\/p>\n<\/div>\n<div>\n<p><span style=\"font-size: 16px;\"><span style=\"font-size: 16px;\">\u00a0<\/span><\/span><\/p>\n<p><span style=\"font-size: 12pt;\"><span lang=\"et-ee\" xml:lang=\"et-ee\"><span style=\"text-decoration: underline;\"><b>P\u00f5hio<\/b><\/span><\/span><\/span><span style=\"font-size: 12pt;\"><span lang=\"et-ee\" xml:lang=\"et-ee\"><span style=\"text-decoration: underline;\"><b>madus<\/b><\/span><\/span><\/span><span style=\"font-size: 12pt;\"><span lang=\"et-ee\" xml:lang=\"et-ee\"><span style=\"text-decoration: underline;\"><b>ed:<\/b><\/span><\/span><\/span><\/p>\n<p>\u25cf\u00a0Noodiv\u00f5tme kujuline<span style=\"font-size: 12pt;\"><span lang=\"et-ee\" xml:lang=\"et-ee\"><br \/>\n<\/span><\/span><span style=\"font-size: 12pt;\"><span lang=\"et-ee\" xml:lang=\"et-ee\">\u25cf Valmistatud vastupidavast roostevabast terasest<br \/>\n<\/span><\/span><span style=\"font-size: 12pt;\"><span lang=\"et-ee\" xml:lang=\"et-ee\"><span style=\"font-size: 16px;\">\u25cf\u00a0Peegell\u00e4ikivaks poleeritud<\/span><br \/>\n<span style=\"font-size: 12pt;\"> \u25cf Sobib k\u00f5ikide jookide jaoks<\/span><br \/>\n<\/span><\/span><span style=\"color: #ff0000;\"><span style=\"font-size: 12pt;\"><span lang=\"et-ee\" xml:lang=\"et-ee\"><b>\u25cf Ei ole m\u00f5eldud mikrolaineahjus kasutamiseks v\u00f5i n\u00f5udepesumasinas pesemiseks<\/b><\/span><\/span><\/span><b> <\/b><\/p>\n<\/div>\n<\/div>\n<div>\n<div><\/div>\n<div><\/div>\n<\/div>\n","protected":false},"excerpt":{"rendered":"<p>Surprise Your\u00a0music lover friend, or even yourself with an interesting spoon set!<\/p>\n<p>Put on your favorite\u00a0music track and\u00a0enjoy every minute of the delicious drinks along with those tea spoons!<\/p>\n<p>Magnificent design and idea for gift!<\/p>\n<p>Share Your positive music emotions and get inspired during the moment You enjoy Your drink!<\/p>\n<p>The day is made much better again!<\/p>\n","protected":false},"featured_media":3084,"comment_status":"open","ping_status":"closed","template":"","meta":{"om_disable_all_campaigns":false,"_monsterinsights_skip_tracking":false,"_monsterinsights_sitenote_active":false,"_monsterinsights_sitenote_note":"","_monsterinsights_sitenote_category":0},"product_cat":[31,32,39,34,41],"product_tag":[421,419,418,417,420],"class_list":{"0":"post-3088","1":"product","2":"type-product","3":"status-publish","4":"has-post-thumbnail","6":"product_cat-avalehele","7":"product_cat-kodusisustus","8":"product_cat-muusika-temaatilised-tooted","9":"product_cat-kingitused-ja-kingiideed","10":"product_cat-tassid-ja-klaasid-igale-maitsele","11":"product_tag-blue-stainless-steel-polished","12":"product_tag-dessert-spoon","13":"product_tag-roostevaba","14":"product_tag-teelusikas-noodivotmega-laikiv-sinine","15":"product_tag-treble-clef-shape","16":"pa_domineeriv-varv-sinine","17":"pa_materjal-stainless-steel-304","20":"first","21":"instock","22":"taxable","23":"shipping-taxable","24":"purchasable","25":"product-type-simple"},"aioseo_notices":[],"_links":{"self":[{"href":"https:\/\/goodstore.eu\/en\/wp-json\/wp\/v2\/product\/3088"}],"collection":[{"href":"https:\/\/goodstore.eu\/en\/wp-json\/wp\/v2\/product"}],"about":[{"href":"https:\/\/goodstore.eu\/en\/wp-json\/wp\/v2\/types\/product"}],"replies":[{"embeddable":true,"href":"https:\/\/goodstore.eu\/en\/wp-json\/wp\/v2\/comments?post=3088"}],"wp:featuredmedia":[{"embeddable":true,"href":"https:\/\/goodstore.eu\/en\/wp-json\/wp\/v2\/media\/3084"}],"wp:attachment":[{"href":"https:\/\/goodstore.eu\/en\/wp-json\/wp\/v2\/media?parent=3088"}],"wp:term":[{"taxonomy":"product_cat","embeddable":true,"href":"https:\/\/goodstore.eu\/en\/wp-json\/wp\/v2\/product_cat?post=3088"},{"taxonomy":"product_tag","embeddable":true,"href":"https:\/\/goodstore.eu\/en\/wp-json\/wp\/v2\/product_tag?post=3088"}],"curies":[{"name":"wp","href":"https:\/\/api.w.org\/{rel}","templated":true}]}}