
{"id":3114,"date":"2020-11-06T20:54:54","date_gmt":"2020-11-06T20:54:54","guid":{"rendered":"http:\/\/127.0.0.1\/wp\/product\/saab-9-3-convertible-vector-m2009-skaalas-118\/"},"modified":"2026-04-08T20:56:33","modified_gmt":"2026-04-08T20:56:33","slug":"saab-9-3-convertible-vector-m2009-skaalas-118","status":"publish","type":"product","link":"https:\/\/goodstore.eu\/en\/shop\/saab-9-3-convertible-vector-m2009-skaalas-118\/","title":{"rendered":"SAAB 9-3 Convertible Vector M2009 skaalas 1:18"},"content":{"rendered":"<p>Tootja:\u00a0SAAB Automobile AB eritellimus <br \/>Toodetud Hiinas<\/p>\n<p>Kollektsion\u00e4\u00e4ri mudelauto\u00a0SAAB 9-3 Convertible Vector Ice Blue Metallik (BC304), mudeliaasta 2009.<\/p>\n<p>1:18\u00a0skaala<\/p>\n<p>SAAB on surnud, elagu SAAB!<br \/>N\u00fc\u00fcd on\u00a0haruldane v\u00f5imalus soetada endale t\u00e4iesti uus SAAB! See auto on \u00fcpris t\u00f5etruu, sest sellel k\u00e4ivad lahti igasugused luugid ja kapotid, t\u00e4pselt nagu p\u00e4ris autol.<br \/>V\u00f5ib \u00f6elda, et automudeli turule tulekuga tehakse teatav kummardus SAAB-i autotehasele. <br \/>Miks nii v\u00f5ib \u00f6elda?!\u00a0<br \/>Vastus on lihtne! T\u00e4nap\u00e4eva maailmas pole v\u00e4ga palju mudelitootjaid, kes toodaks p\u00e4ris metallist automudeleid. \u00dcldjuhul minnakse\u00a0lihtsamat vastupanu teed ja mudeleid toodetakse peamiselt epoksiid vaigust.<br \/>Kindlasti on epoksiid vaigul omad eelised, kuid \u00fcks peamine miinus on see, et epoksiidist ei saa toota avanevate detailidega mudelautosid.<\/p>\n<p>See konkreetne toode on aga ehedast valumetalli sulamist! Mudel kaalub \u00fcle 1,1kg. V\u00f5rdluseks epoksiid vaigust toodetud 1:18 m\u00f5\u00f5tkavas mudelauto kaalub umbes 500-600 grammi.<\/p>\n<p>Niiet, \u00e4ra maga maha! Osta endale mehine ja t\u00f5esti v\u00e4ga hea kvaliteediga mudelauto.<\/p><\/p>\n","protected":false},"excerpt":{"rendered":"<p><span class=\"tlid-translation translation\" lang=\"et\" xml:lang=\"et\"><span title=\"\">Detailne\u00a0mudelauto, millel on\u00a0j\u00e4rgnevad haruldased omadused:<\/span><br \/><span title=\"\">1.\u00a0Klapitavad esiistmete seljatoed<\/span><br \/><span title=\"\">2. Avatav kindalaeka\u00a0luuk<\/span><br \/><span title=\"\">3. Avatav keskkonsooli hoiukast (k\u00e4etoe all)<\/span><br \/><span title=\"\">4. Kokku klapitavad\u00a0tahavaatepeeglid<\/span><br \/><span title=\"\">5. Avatavad uksed<\/span><br \/><span title=\"\">6. Avatav pakiruumi\u00a0luuk<\/span><br \/><span title=\"\">7. Avatav pakiruumi laadimisp\u00f5rand<\/span><br \/><span title=\"\">8. Varuratas laadimisp\u00f5randa all<\/span><br \/><span title=\"\">9. Avatav kapott<\/span><br \/><span title=\"\">10.\u00a0Eheda kujuga mootor ja k\u00e4igukast, mitte lihtsalt plastt\u00fckk<\/span><br \/><span title=\"\">11. Detailne mootoriruum,\u00a0nagu\u00a0p\u00e4ris autol<\/span><br \/><span title=\"\">12. Eesmised ja tagumised pidurisadulad ning pidurikettad<\/span><br \/><span title=\"\">13. P\u00f6\u00f6ratavad esirattad<\/span><br \/><span title=\"\">14. K\u00f5ik rattad p\u00f6\u00f6rlevad<\/span><br \/><span title=\"\">15. Tagumine vedrustus<\/span><br \/><span title=\"\">16. Summuti p\u00fcttidega t\u00e4ielik v\u00e4ljalaskes\u00fcsteem<\/span><br \/><span title=\"\">17. Eemaldatav\u00a0cabrio katus<\/span><br \/><span title=\"\">18.\u00a0Katus on kaetud ehtsa tekstiiliga<\/span><br \/><span title=\"\">19. Avatav k\u00fctuse t\u00e4itmise\u00a0luuk<\/p>\n<p>Komplekti kuulub plastikust t\u00f6\u00f6riist peenete detailide ja luukide avamiseks.<\/p>\n<p><strong><span style=\"color:#d0121a;\">NB! SEE EI OLE M\u00c4NGUAUTO!<\/span><\/strong><\/span><\/span><\/p>\n","protected":false},"featured_media":3089,"comment_status":"open","ping_status":"closed","template":"","meta":{"om_disable_all_campaigns":false,"_monsterinsights_skip_tracking":false,"_monsterinsights_sitenote_active":false,"_monsterinsights_sitenote_note":"","_monsterinsights_sitenote_category":0},"product_cat":[31,35],"product_tag":[],"class_list":{"0":"post-3114","1":"product","2":"type-product","3":"status-publish","4":"has-post-thumbnail","6":"product_cat-avalehele","7":"product_cat-mudelautod","10":"first","11":"outofstock","12":"sale","13":"taxable","14":"shipping-taxable","15":"purchasable","16":"product-type-simple"},"aioseo_notices":[],"_links":{"self":[{"href":"https:\/\/goodstore.eu\/en\/wp-json\/wp\/v2\/product\/3114"}],"collection":[{"href":"https:\/\/goodstore.eu\/en\/wp-json\/wp\/v2\/product"}],"about":[{"href":"https:\/\/goodstore.eu\/en\/wp-json\/wp\/v2\/types\/product"}],"replies":[{"embeddable":true,"href":"https:\/\/goodstore.eu\/en\/wp-json\/wp\/v2\/comments?post=3114"}],"wp:featuredmedia":[{"embeddable":true,"href":"https:\/\/goodstore.eu\/en\/wp-json\/wp\/v2\/media\/3089"}],"wp:attachment":[{"href":"https:\/\/goodstore.eu\/en\/wp-json\/wp\/v2\/media?parent=3114"}],"wp:term":[{"taxonomy":"product_cat","embeddable":true,"href":"https:\/\/goodstore.eu\/en\/wp-json\/wp\/v2\/product_cat?post=3114"},{"taxonomy":"product_tag","embeddable":true,"href":"https:\/\/goodstore.eu\/en\/wp-json\/wp\/v2\/product_tag?post=3114"}],"curies":[{"name":"wp","href":"https:\/\/api.w.org\/{rel}","templated":true}]}}