
{"id":3197,"date":"2020-12-10T22:30:34","date_gmt":"2020-12-10T22:30:34","guid":{"rendered":"http:\/\/127.0.0.1\/wp\/product\/saab-900i-klassik-hollandi-munitsipaalpolitsei\/"},"modified":"2023-12-27T07:37:28","modified_gmt":"2023-12-27T07:37:28","slug":"saab-900i-klassik-hollandi-munitsipaalpolitsei","status":"publish","type":"product","link":"https:\/\/goodstore.eu\/en\/shop\/saab-900i-klassik-hollandi-munitsipaalpolitsei\/","title":{"rendered":"SAAB 900i Classic Sedan Dutch Municipal Police M1987 in scale 1:43"},"content":{"rendered":"<p>Kollektsion\u00e4\u00e4ri mudelauto SAAB 900i Klassik 4-ukseline Sedaan M1987<br \/>\nV\u00e4rv: Valge<br \/>\n1:43 skaalas<\/p>\n","protected":false},"excerpt":{"rendered":"<p><span class=\"tlid-translation translation\"><span title=\"\">Triple-9\u00a0SAAB 900i Hollandi Munitsipaalpolitsei M1987 mudelautol on valge kere v\u00e4rv ja tumedad\u00a0istmed.<\/span>\u00a0<span title=\"\">V\u00e4ga detailselt v\u00e4ljat\u00f6\u00f6tatud, nagu ka\u00a0fotodelt n\u00e4ha.<\/span>\u00a0Tegemist on\u00a0<span title=\"\">t\u00e4iesti uue\u00a0kollektsion\u00e4\u00e4ri\u00a0mudelautoga.<\/span><br \/>\n<span title=\"\">See ei ole m\u00e4nguauto!<\/span><br \/>\n<span title=\"\">Karp on avatud ainult tootefotode\u00a0\u00fclesv\u00f5tmise eesm\u00e4rgil, kuid\u00a0rohkem\u00a0pole kasutatud.<\/span>\u00a0Vitriinkarbi<span title=\"\">\u00a0m\u00f5\u00f5tmed on150x70x70 mm.<\/span><\/span><\/p>\n<p><span title=\"\">Selle mudelauto on valmistanud\u00a0<\/span>PCT Collectibles Industry, Ltd.<\/p>\n<p>Vanusele alates: 14+<\/p>\n","protected":false},"featured_media":3188,"comment_status":"open","ping_status":"closed","template":"","meta":{"om_disable_all_campaigns":false,"_monsterinsights_skip_tracking":false,"_monsterinsights_sitenote_active":false,"_monsterinsights_sitenote_note":"","_monsterinsights_sitenote_category":0},"product_cat":[31,35],"product_tag":[190,247,248,242,244,243,241,246],"class_list":{"0":"post-3197","1":"product","2":"type-product","3":"status-publish","4":"has-post-thumbnail","6":"product_brand-triple-9","7":"product_cat-avalehele","8":"product_cat-mudelautod","9":"product_tag-model-car","10":"product_tag-mudelauto","11":"product_tag-saab","12":"product_tag-saab-900i-classic-sedan","13":"product_tag-saab-900i-klassik-sedaan","14":"product_tag-scale-143","15":"product_tag-t9-43070","16":"product_tag-triple-9","19":"first","20":"instock","21":"taxable","22":"shipping-taxable","23":"purchasable","24":"product-type-simple"},"aioseo_notices":[],"_links":{"self":[{"href":"https:\/\/goodstore.eu\/en\/wp-json\/wp\/v2\/product\/3197"}],"collection":[{"href":"https:\/\/goodstore.eu\/en\/wp-json\/wp\/v2\/product"}],"about":[{"href":"https:\/\/goodstore.eu\/en\/wp-json\/wp\/v2\/types\/product"}],"replies":[{"embeddable":true,"href":"https:\/\/goodstore.eu\/en\/wp-json\/wp\/v2\/comments?post=3197"}],"wp:featuredmedia":[{"embeddable":true,"href":"https:\/\/goodstore.eu\/en\/wp-json\/wp\/v2\/media\/3188"}],"wp:attachment":[{"href":"https:\/\/goodstore.eu\/en\/wp-json\/wp\/v2\/media?parent=3197"}],"wp:term":[{"taxonomy":"product_cat","embeddable":true,"href":"https:\/\/goodstore.eu\/en\/wp-json\/wp\/v2\/product_cat?post=3197"},{"taxonomy":"product_tag","embeddable":true,"href":"https:\/\/goodstore.eu\/en\/wp-json\/wp\/v2\/product_tag?post=3197"}],"curies":[{"name":"wp","href":"https:\/\/api.w.org\/{rel}","templated":true}]}}