
{"id":3216,"date":"2020-12-13T18:49:02","date_gmt":"2020-12-13T18:49:02","guid":{"rendered":"http:\/\/127.0.0.1\/wp\/product\/saab-900i-v6-m1994-mootkavas-143\/"},"modified":"2021-01-11T14:30:34","modified_gmt":"2021-01-11T14:30:34","slug":"saab-900i-v6-m1994-mootkavas-143","status":"publish","type":"product","link":"https:\/\/goodstore.eu\/en\/shop\/saab-900i-v6-m1994-mootkavas-143\/","title":{"rendered":"SAAB 900i V6 M1994 m\u00f5\u00f5tkavas 1:43"},"content":{"rendered":"<p>Kollektsion\u00e4\u00e4ri mudelauto SAAB 900 2,5i\u00a0V6\u00a05-uksega M1994<br \/>V\u00e4rv:\u00a0T\u00fcrkiis sinine<br \/>1:43 skaalas<\/p>\n","protected":false},"excerpt":{"rendered":"<p><span class=\"tlid-translation translation\"><span title=\"\">Triple-9\u00a0SAAB 900i V6 (B258I)M1994 mudelautol on\u00a0t\u00fcrkiis sinine kere v\u00e4rv ja tumedad\u00a0istmed.<\/span>\u00a0<span title=\"\">V\u00e4ga detailselt v\u00e4ljat\u00f6\u00f6tatud, nagu ka\u00a0fotodelt n\u00e4ha.<\/span>\u00a0Tegemist on\u00a0<span title=\"\">t\u00e4iesti uue\u00a0kollektsion\u00e4\u00e4ri\u00a0mudelautoga.<\/span>\u00a0<br \/><span title=\"\">See ei ole m\u00e4nguauto!<\/span>\u00a0<br \/><span title=\"\">Karp on avatud ainult tootefotode\u00a0\u00fclesv\u00f5tmise eesm\u00e4rgil, kuid\u00a0rohkem\u00a0pole kasutatud.<\/span>\u00a0Vitriinkarbi<span title=\"\">\u00a0m\u00f5\u00f5tmed on150x70x70 mm.<\/span><\/p>\n<p><span title=\"\">Selle mudelauto on valmistanud\u00a0<\/span><\/span>PCT Collectibles Industry, Ltd.<\/p>\n<p>Vanusele alates: 14+<\/p>\n","protected":false},"featured_media":3206,"comment_status":"open","ping_status":"closed","template":"","meta":{"om_disable_all_campaigns":false,"_monsterinsights_skip_tracking":false,"_monsterinsights_sitenote_active":false,"_monsterinsights_sitenote_note":"","_monsterinsights_sitenote_category":0},"product_cat":[31,35],"product_tag":[],"class_list":{"0":"post-3216","1":"product","2":"type-product","3":"status-publish","4":"has-post-thumbnail","6":"product_cat-avalehele","7":"product_cat-mudelautod","10":"first","11":"instock","12":"taxable","13":"shipping-taxable","14":"purchasable","15":"product-type-simple"},"aioseo_notices":[],"_links":{"self":[{"href":"https:\/\/goodstore.eu\/en\/wp-json\/wp\/v2\/product\/3216"}],"collection":[{"href":"https:\/\/goodstore.eu\/en\/wp-json\/wp\/v2\/product"}],"about":[{"href":"https:\/\/goodstore.eu\/en\/wp-json\/wp\/v2\/types\/product"}],"replies":[{"embeddable":true,"href":"https:\/\/goodstore.eu\/en\/wp-json\/wp\/v2\/comments?post=3216"}],"wp:featuredmedia":[{"embeddable":true,"href":"https:\/\/goodstore.eu\/en\/wp-json\/wp\/v2\/media\/3206"}],"wp:attachment":[{"href":"https:\/\/goodstore.eu\/en\/wp-json\/wp\/v2\/media?parent=3216"}],"wp:term":[{"taxonomy":"product_cat","embeddable":true,"href":"https:\/\/goodstore.eu\/en\/wp-json\/wp\/v2\/product_cat?post=3216"},{"taxonomy":"product_tag","embeddable":true,"href":"https:\/\/goodstore.eu\/en\/wp-json\/wp\/v2\/product_tag?post=3216"}],"curies":[{"name":"wp","href":"https:\/\/api.w.org\/{rel}","templated":true}]}}