
{"id":325,"date":"2017-12-12T03:33:36","date_gmt":"2017-12-12T03:33:36","guid":{"rendered":"http:\/\/127.0.0.1\/wp\/product\/mini-tiibklaverisse-disainitud-suupiste-tikkude-komplekt-must\/"},"modified":"2017-12-12T03:33:36","modified_gmt":"2017-12-12T03:33:36","slug":"mini-tiibklaverisse-disainitud-suupiste-tikkude-komplekt-must","status":"publish","type":"product","link":"https:\/\/goodstore.eu\/en\/shop\/mini-tiibklaverisse-disainitud-suupiste-tikkude-komplekt-must\/","title":{"rendered":"Mini-tiibklaverisse disainitud suupiste tikkude komplekt, must"},"content":{"rendered":"<div><span style=\"font-size:16px;\">Uus ja kvaliteetne toode<\/p>\n<p><\/span><\/div>\n<div><span style=\"font-size:16px;\">Materjal: toiduainetele sobilik plastik, mittetoksiline, ohutu kasutada<\/span><\/div>\n<div><span style=\"font-size:16px;\">Suurus: 10,0 cm x 11,0 cm x 6,8 cm<\/span><\/div>\n<div><span style=\"font-size:16px;\">V\u00e4rv: must ja valge<\/span><\/div>\n<div><\/div>\n<div><span style=\"font-size:16px;\">Seda saab kasutada laudade kujundamisel.<\/span><\/div>\n<div><span style=\"font-size:16px;\">Ilus ja praktiline, mugav kasutada.<\/span><\/div>\n<div><span style=\"font-size:16px;\">Ei ole \u00fcheordselt kasutatav, keskkonnas\u00e4\u00e4stlik ja kasutamisel tervislikum kui hambaork.<\/span><\/div>\n<div><\/div>\n","protected":false},"excerpt":{"rendered":"<p>V\u00e4ga\u00a0ilus mitte ainult fotol vaid ka f\u00fc\u00fcsilisel kujul! <br \/>Hea, praktiline ja kvaliteetne aksessuaar igale pidulauale.<\/p>\n","protected":false},"featured_media":319,"comment_status":"open","ping_status":"closed","template":"","meta":{"om_disable_all_campaigns":false,"_monsterinsights_skip_tracking":false,"_monsterinsights_sitenote_active":false,"_monsterinsights_sitenote_note":"","_monsterinsights_sitenote_category":0},"product_cat":[39,34],"product_tag":[],"class_list":{"0":"post-325","1":"product","2":"type-product","3":"status-publish","4":"has-post-thumbnail","6":"product_cat-muusika-temaatilised-tooted","7":"product_cat-kingitused-ja-kingiideed","10":"first","11":"instock","12":"taxable","13":"shipping-taxable","14":"purchasable","15":"product-type-simple"},"aioseo_notices":[],"_links":{"self":[{"href":"https:\/\/goodstore.eu\/en\/wp-json\/wp\/v2\/product\/325"}],"collection":[{"href":"https:\/\/goodstore.eu\/en\/wp-json\/wp\/v2\/product"}],"about":[{"href":"https:\/\/goodstore.eu\/en\/wp-json\/wp\/v2\/types\/product"}],"replies":[{"embeddable":true,"href":"https:\/\/goodstore.eu\/en\/wp-json\/wp\/v2\/comments?post=325"}],"wp:featuredmedia":[{"embeddable":true,"href":"https:\/\/goodstore.eu\/en\/wp-json\/wp\/v2\/media\/319"}],"wp:attachment":[{"href":"https:\/\/goodstore.eu\/en\/wp-json\/wp\/v2\/media?parent=325"}],"wp:term":[{"taxonomy":"product_cat","embeddable":true,"href":"https:\/\/goodstore.eu\/en\/wp-json\/wp\/v2\/product_cat?post=325"},{"taxonomy":"product_tag","embeddable":true,"href":"https:\/\/goodstore.eu\/en\/wp-json\/wp\/v2\/product_tag?post=325"}],"curies":[{"name":"wp","href":"https:\/\/api.w.org\/{rel}","templated":true}]}}