
{"id":373,"date":"2018-01-14T23:01:58","date_gmt":"2018-01-14T23:01:58","guid":{"rendered":"http:\/\/127.0.0.1\/wp\/product\/kinkekarp-lips-mansetinoobid-lipsunoel-rinnaratik-punane-2\/"},"modified":"2022-12-13T20:45:24","modified_gmt":"2022-12-13T20:45:24","slug":"kinkekarp-lips-mansetinoobid-lipsunoel-rinnaratik-punane-2","status":"publish","type":"product","link":"https:\/\/goodstore.eu\/en\/shop\/kinkekarp-lips-mansetinoobid-lipsunoel-rinnaratik-punane-2\/","title":{"rendered":"Kinkekarp lipsu, mansetin\u00f6\u00f6pide, lipsun\u00f5ela ja rinnataskur\u00e4tikuga, roosa"},"content":{"rendered":"<div><span style=\"font-size:16px;\">Materjal: Polyester\u00a0siid<br \/>L\u00fchikirjeldus: K\u00f5rgekvaliteediga, stiilne, ilma siltideta tooted &#8211; ideaalne kink!<\/span><\/div>\n<div><span style=\"font-size:16px;\">Lipsu pikkus: 145cm<\/span><\/div>\n<div><span style=\"font-size:16px;\">Maksimaalne laius: 8cm\u00a0\u00a0<br \/>Minimaalne laius: 3,5cm<br \/>Rinnataskur\u00e4tiku m\u00f5\u00f5dud: 20cm x 20cm<\/span><\/div>\n<div><span style=\"font-size:16px;\">Kinkekarbi komplekti kuulub: 1 X lips, 1 X taskur\u00e4tik, 1\u00a0paar man\u017eetin\u00f6\u00f6pe, 1 h\u00f5bedane lipsun\u00f5el<\/span><\/div>\n","protected":false},"excerpt":{"rendered":"<p><span id=\"result_box\" lang=\"et\" xml:lang=\"et\"><span>Kvaliteetne pol\u00fcester, mis tagab elegantse v\u00e4limuse igale endast lugupidavale h\u00e4rras- v\u00f5i \u00e4rimehele.<\/span><br \/><span>Lips on elastne ja seet\u00f5ttu on seda v\u00e4ga lihtne s\u00f5lmida.<\/span><\/span><\/p>\n","protected":false},"featured_media":369,"comment_status":"open","ping_status":"closed","template":"","meta":{"om_disable_all_campaigns":false,"_monsterinsights_skip_tracking":false,"_monsterinsights_sitenote_active":false,"_monsterinsights_sitenote_note":"","_monsterinsights_sitenote_category":0},"product_cat":[40,34,36,38],"product_tag":[],"class_list":{"0":"post-373","1":"product","2":"type-product","3":"status-publish","4":"has-post-thumbnail","6":"product_cat-lipsud-lipsukomplektid-ja-erilised-lipsud","7":"product_cat-kingitused-ja-kingiideed","8":"product_cat-stiil-ja-mood","9":"product_cat-lipsud-komplektid-ja-erilised-lipsud","12":"first","13":"outofstock","14":"taxable","15":"shipping-taxable","16":"purchasable","17":"product-type-simple"},"aioseo_notices":[],"_links":{"self":[{"href":"https:\/\/goodstore.eu\/en\/wp-json\/wp\/v2\/product\/373"}],"collection":[{"href":"https:\/\/goodstore.eu\/en\/wp-json\/wp\/v2\/product"}],"about":[{"href":"https:\/\/goodstore.eu\/en\/wp-json\/wp\/v2\/types\/product"}],"replies":[{"embeddable":true,"href":"https:\/\/goodstore.eu\/en\/wp-json\/wp\/v2\/comments?post=373"}],"wp:featuredmedia":[{"embeddable":true,"href":"https:\/\/goodstore.eu\/en\/wp-json\/wp\/v2\/media\/369"}],"wp:attachment":[{"href":"https:\/\/goodstore.eu\/en\/wp-json\/wp\/v2\/media?parent=373"}],"wp:term":[{"taxonomy":"product_cat","embeddable":true,"href":"https:\/\/goodstore.eu\/en\/wp-json\/wp\/v2\/product_cat?post=373"},{"taxonomy":"product_tag","embeddable":true,"href":"https:\/\/goodstore.eu\/en\/wp-json\/wp\/v2\/product_tag?post=373"}],"curies":[{"name":"wp","href":"https:\/\/api.w.org\/{rel}","templated":true}]}}