
{"id":382,"date":"2018-01-24T21:27:40","date_gmt":"2018-01-24T21:27:40","guid":{"rendered":"http:\/\/127.0.0.1\/wp\/product\/rannaplaetud-kalakujulised\/"},"modified":"2026-03-04T13:43:05","modified_gmt":"2026-03-04T13:43:05","slug":"rannaplaetud-kalakujulised","status":"publish","type":"product","link":"https:\/\/goodstore.eu\/en\/shop\/rannaplaetud-kalakujulised\/","title":{"rendered":"Rannapl\u00e4tud kalakujulised"},"content":{"rendered":"<p><\/p>\n<div><span style=\"font-size:16px;\">Materjal: PVC<br \/>L\u00fchikirjeldus: Sobivad meestele, naistele ja lastele<\/span><\/div>\n<div><span style=\"font-size:16px;\">Pl\u00e4tu\u00a0pikkus: ca 29,5cm<\/span><\/div>\n<div><span style=\"font-size:16px;\">Pl\u00e4tu maksimaalne laius: ca 13cm\u00a0\u00a0<br \/>Pl\u00e4tu maksimaalne k\u00f5rgus (paar): ca 13cm<\/p>\n<p><\/span><\/div>\n<p><\/p>","protected":false},"excerpt":{"rendered":"<p>Pehmed ja mugavad rannajalan\u00f5ud, mida on kerge kanda.\u00a0<br \/>T\u00f5eline pilgup\u00fc\u00fcdja!<\/p>\n","protected":false},"featured_media":8633,"comment_status":"open","ping_status":"closed","template":"","meta":{"om_disable_all_campaigns":false,"_monsterinsights_skip_tracking":false,"_monsterinsights_sitenote_active":false,"_monsterinsights_sitenote_note":"","_monsterinsights_sitenote_category":0},"product_cat":[34,36],"product_tag":[180,182],"class_list":{"0":"post-382","1":"product","2":"type-product","3":"status-publish","4":"has-post-thumbnail","6":"product_cat-kingitused-ja-kingiideed","7":"product_cat-stiil-ja-mood","8":"product_tag-rannaplatud-kalakujulised","9":"product_tag-rannaplatud-kalakujulised-44-45-jalale","12":"first","13":"instock","14":"sale","15":"taxable","16":"shipping-taxable","17":"purchasable","18":"product-type-simple"},"aioseo_notices":[],"_links":{"self":[{"href":"https:\/\/goodstore.eu\/en\/wp-json\/wp\/v2\/product\/382"}],"collection":[{"href":"https:\/\/goodstore.eu\/en\/wp-json\/wp\/v2\/product"}],"about":[{"href":"https:\/\/goodstore.eu\/en\/wp-json\/wp\/v2\/types\/product"}],"replies":[{"embeddable":true,"href":"https:\/\/goodstore.eu\/en\/wp-json\/wp\/v2\/comments?post=382"}],"wp:featuredmedia":[{"embeddable":true,"href":"https:\/\/goodstore.eu\/en\/wp-json\/wp\/v2\/media\/8633"}],"wp:attachment":[{"href":"https:\/\/goodstore.eu\/en\/wp-json\/wp\/v2\/media?parent=382"}],"wp:term":[{"taxonomy":"product_cat","embeddable":true,"href":"https:\/\/goodstore.eu\/en\/wp-json\/wp\/v2\/product_cat?post=382"},{"taxonomy":"product_tag","embeddable":true,"href":"https:\/\/goodstore.eu\/en\/wp-json\/wp\/v2\/product_tag?post=382"}],"curies":[{"name":"wp","href":"https:\/\/api.w.org\/{rel}","templated":true}]}}