
{"id":413,"date":"2018-02-05T17:59:34","date_gmt":"2018-02-05T17:59:34","guid":{"rendered":"http:\/\/127.0.0.1\/wp\/product\/naokujuline-kypsisetaskuga-tass-valge\/"},"modified":"2018-02-05T17:59:34","modified_gmt":"2018-02-05T17:59:34","slug":"naokujuline-kypsisetaskuga-tass-valge","status":"publish","type":"product","link":"https:\/\/goodstore.eu\/en\/shop\/naokujuline-kypsisetaskuga-tass-valge\/","title":{"rendered":"N\u00e4okujuline k\u00fcpsisetaskuga tass, valge"},"content":{"rendered":"<div><span style=\"font-size:16px;\"><span style=\"font-size:16px;\"><\/span><\/span> <\/p>\n<div><span style=\"font-size:16px;\">Toote t\u00fc\u00fcp: Kuuma joogi kruus<\/span><\/div>\n<p> <span style=\"font-size:16px;\"><span style=\"font-size:16px;\"><\/span><\/span> <\/p>\n<div><span style=\"font-size:16px;\">Materjal: Keraamika<\/span><\/div>\n<p> <span style=\"font-size:16px;\"><span style=\"font-size:16px;\"><\/span><\/span> <\/p>\n<div><span style=\"font-size:16px;\">Pakendi sisu: 1 n\u00e4okujuline taskuga tass<\/span><\/div>\n<p> <span style=\"font-size:16px;\"><span style=\"font-size:16px;\"><\/span><\/span> <\/p>\n<div><span style=\"font-size:16px;\">Iseloomustus: Looduss\u00f5bralik; N\u00f5udepesumasina kindel; Unikaalne taskuga\u00a0disain.<\/span><\/div>\n<div><span style=\"font-size:16px;\">Kohvitassi maht:\u00a0 200 ml<\/span><\/div>\n<p> <span style=\"font-size:16px;\"><span style=\"font-size:16px;\"><\/span><\/span> <\/p>\n<div><span style=\"font-size:16px;\">Ligikaudsed m\u00f5\u00f5dud: 12 cm x\u00a09,5 cm x 7,5 cm\u00a0(ligikaudselt)<\/span><\/div>\n<p> <span style=\"font-size:16px;\"><span style=\"font-size:16px;\"><\/span><\/span> <\/p>\n<div><span style=\"font-size:16px;\">Pakendi netokaal: 0,350 kg<\/span><\/div><\/div>\n<div>\n<div><\/div>\n<div><span style=\"font-size:16px;\">M\u00e4rkus: Valguse ja\u00a0tausta\u00a0erinevuste t\u00f5ttu v\u00f5ib toote v\u00e4rv pildist pisut erineda. V\u00e4hesed\u00a0m\u00f5\u00f5teerinevused\u00a0tulenevad k\u00e4sitsi m\u00f5\u00f5tmisest.<\/span><\/div><\/div>\n","protected":false},"excerpt":{"rendered":"<p>Oled sa kunagi peol olles m\u00f5elnud, et kuhu ma peidan selle \u00e4raleotatud teepaki?! V\u00f5i kuidas ma jalutan l\u00e4bi rahvamassi kohvitass, lusikas, k\u00fcpsis \u00fches k\u00e4es ning pidukook taldrikuga teises k\u00e4es? Eks ole, see kipub alati kuidagi keeruline olema&#8230;<\/p>\n<p>&#8230;aga meil on sulle pakkuda p\u00e4ris hea lahendus! Siin on m\u00fc\u00fcgil taskuga kohvitass.<br \/>Edaspidi on sul v\u00f5imalik panna lusikas, k\u00fcpsis v\u00f5i kasutatud teepakk just sellesse tassitaskusse!<br \/>Lihtne, kas pole?!<\/p><\/p>\n","protected":false},"featured_media":409,"comment_status":"open","ping_status":"closed","template":"","meta":{"om_disable_all_campaigns":false,"_monsterinsights_skip_tracking":false,"_monsterinsights_sitenote_active":false,"_monsterinsights_sitenote_note":"","_monsterinsights_sitenote_category":0},"product_cat":[34,41],"product_tag":[],"class_list":{"0":"post-413","1":"product","2":"type-product","3":"status-publish","4":"has-post-thumbnail","6":"product_cat-kingitused-ja-kingiideed","7":"product_cat-tassid-ja-klaasid-igale-maitsele","10":"first","11":"instock","12":"taxable","13":"shipping-taxable","14":"purchasable","15":"product-type-simple"},"aioseo_notices":[],"_links":{"self":[{"href":"https:\/\/goodstore.eu\/en\/wp-json\/wp\/v2\/product\/413"}],"collection":[{"href":"https:\/\/goodstore.eu\/en\/wp-json\/wp\/v2\/product"}],"about":[{"href":"https:\/\/goodstore.eu\/en\/wp-json\/wp\/v2\/types\/product"}],"replies":[{"embeddable":true,"href":"https:\/\/goodstore.eu\/en\/wp-json\/wp\/v2\/comments?post=413"}],"wp:featuredmedia":[{"embeddable":true,"href":"https:\/\/goodstore.eu\/en\/wp-json\/wp\/v2\/media\/409"}],"wp:attachment":[{"href":"https:\/\/goodstore.eu\/en\/wp-json\/wp\/v2\/media?parent=413"}],"wp:term":[{"taxonomy":"product_cat","embeddable":true,"href":"https:\/\/goodstore.eu\/en\/wp-json\/wp\/v2\/product_cat?post=413"},{"taxonomy":"product_tag","embeddable":true,"href":"https:\/\/goodstore.eu\/en\/wp-json\/wp\/v2\/product_tag?post=413"}],"curies":[{"name":"wp","href":"https:\/\/api.w.org\/{rel}","templated":true}]}}