
{"id":498,"date":"2018-02-08T22:40:28","date_gmt":"2018-02-08T22:40:28","guid":{"rendered":"http:\/\/127.0.0.1\/wp\/product\/teetassi-mehike-roheline\/"},"modified":"2018-02-08T22:40:28","modified_gmt":"2018-02-08T22:40:28","slug":"teetassi-mehike-roheline","status":"publish","type":"product","link":"https:\/\/goodstore.eu\/en\/shop\/teetassi-mehike-roheline\/","title":{"rendered":"Teetassi mehike"},"content":{"rendered":"<div><span style=\"font-size:16px;\"><span style=\"font-size:16px;\"><\/span><\/span> <\/p>\n<div><\/div>\n<p> <span style=\"font-size:16px;\"><span style=\"font-size:16px;\"><\/span><\/span> <\/p>\n<div><span style=\"font-size:16px;\">Materjal: Pehme toiduainete silikon<br \/>Pakendi sisu: 1\u00a0teetassi mehike<\/span><\/div>\n<p> <span style=\"font-size:16px;\"><span style=\"font-size:16px;\"><\/span><\/span> <\/p>\n<div><span style=\"font-size:16px;\">Iseloomustus:\u00a0sobib kasutada kuumade jookide, n\u00e4iteks tee, valmistamisel<\/span><\/div>\n<p> <span style=\"font-size:16px;\"><span style=\"font-size:16px;\"><\/span><\/span> <\/p>\n<div><span style=\"font-size:16px;\">Ligikaudsed m\u00f5\u00f5dud: 85 mm x 60 mm x 30 mm\u00a0(ligikaudselt)<\/span><\/div>\n<p> <span style=\"font-size:16px;\"><span style=\"font-size:16px;\"><\/span><\/span> <\/p>\n<div><span style=\"font-size:16px;\">Pakendi netokaal: 0,03 kg<\/span><\/div><\/div>\n<div>\n<div><\/div>\n<div><span style=\"font-size:16px;\">M\u00e4rkus: Valguse ja\u00a0tausta\u00a0erinevuste t\u00f5ttu v\u00f5ib toote v\u00e4rv pildist pisut erineda. V\u00e4hesed\u00a0m\u00f5\u00f5teerinevused\u00a0tulenevad k\u00e4sitsi m\u00f5\u00f5tmisest.<\/span><\/div><\/div>\n","protected":false},"excerpt":{"rendered":"<\/p>\n","protected":false},"featured_media":493,"comment_status":"open","ping_status":"closed","template":"","meta":{"om_disable_all_campaigns":false,"_monsterinsights_skip_tracking":false,"_monsterinsights_sitenote_active":false,"_monsterinsights_sitenote_note":"","_monsterinsights_sitenote_category":0},"product_cat":[31,34],"product_tag":[],"class_list":{"0":"post-498","1":"product","2":"type-product","3":"status-publish","4":"has-post-thumbnail","6":"product_cat-avalehele","7":"product_cat-kingitused-ja-kingiideed","10":"first","11":"instock","12":"taxable","13":"shipping-taxable","14":"purchasable","15":"product-type-simple"},"aioseo_notices":[],"_links":{"self":[{"href":"https:\/\/goodstore.eu\/en\/wp-json\/wp\/v2\/product\/498"}],"collection":[{"href":"https:\/\/goodstore.eu\/en\/wp-json\/wp\/v2\/product"}],"about":[{"href":"https:\/\/goodstore.eu\/en\/wp-json\/wp\/v2\/types\/product"}],"replies":[{"embeddable":true,"href":"https:\/\/goodstore.eu\/en\/wp-json\/wp\/v2\/comments?post=498"}],"wp:featuredmedia":[{"embeddable":true,"href":"https:\/\/goodstore.eu\/en\/wp-json\/wp\/v2\/media\/493"}],"wp:attachment":[{"href":"https:\/\/goodstore.eu\/en\/wp-json\/wp\/v2\/media?parent=498"}],"wp:term":[{"taxonomy":"product_cat","embeddable":true,"href":"https:\/\/goodstore.eu\/en\/wp-json\/wp\/v2\/product_cat?post=498"},{"taxonomy":"product_tag","embeddable":true,"href":"https:\/\/goodstore.eu\/en\/wp-json\/wp\/v2\/product_tag?post=498"}],"curies":[{"name":"wp","href":"https:\/\/api.w.org\/{rel}","templated":true}]}}