
{"id":501,"date":"2018-02-08T22:55:38","date_gmt":"2018-02-08T22:55:38","guid":{"rendered":"http:\/\/127.0.0.1\/wp\/product\/helesinine-luksuslik-ylikonna-lips\/"},"modified":"2022-12-10T20:07:52","modified_gmt":"2022-12-10T20:07:52","slug":"ocean-blue-luxury-necktie","status":"publish","type":"product","link":"https:\/\/goodstore.eu\/en\/shop\/ocean-blue-luxury-necktie\/","title":{"rendered":"Ocean Blue Luxury Necktie (Acrylic)"},"content":{"rendered":"<p>\u2022\u00a0<a href=\"https:\/\/goodstore.eu\/shop\/terremoto-sol-kuldne-lips\/\"><em><span style=\"color: #0000ff;\">See lips sobib enamikele inimestele pikkusega 1,60m &#8211; 1,82m<\/span><\/em><\/a>.<\/p>\n<p>\u2022 Lipsu m\u00f5\u00f5t on 0,50 m pikk ja 0,05 m lai k\u00f5ige laiemas kohas.<\/p>\n<p>\u2022 Reguleeritav lipsupael v\u00f5imaldab lipsu seadistada vastavalt sinu kaelale.<\/p>\n<p>\u2022 <a href=\"https:\/\/goodstore.eu\/en\/shop\/emperador-sol-kuldne-lips\/\"><span style=\"color: #0000ff;\">Will be supplied in a giftbox<\/span><\/a><\/p>\n<p>\u2022 Material: Acrylic<\/p>","protected":false},"excerpt":{"rendered":"<p><span id=\"result_box\" lang=\"et\" xml:lang=\"et\">T\u00fcrkiis sinine luksuslik lips on valmistatud kergest\u00a0l\u00e4ikivast pol\u00fcmeerist, mille iga detail k\u00e4tkeb endas\u00a0luksust ja stiili. Olles valminud k\u00e4sit\u00f6\u00f6na, kannab iga lips endas\u00a0kordumatust, kuna iga detail on valmistatud eraldi. See\u00a0stiilne ja pilkup\u00fc\u00fcdev lips on kindlasti hea vestluse alustaja. \u00c4ra siis maha maga head v\u00f5imalust, et olla mistahes moer\u00f6\u00f6gatustest ees!<\/span><\/p>\n","protected":false},"featured_media":499,"comment_status":"open","ping_status":"closed","template":"","meta":{"om_disable_all_campaigns":false,"_monsterinsights_skip_tracking":false,"_monsterinsights_sitenote_active":false,"_monsterinsights_sitenote_note":"","_monsterinsights_sitenote_category":0},"product_cat":[40,34,36],"product_tag":[],"class_list":{"0":"post-501","1":"product","2":"type-product","3":"status-publish","4":"has-post-thumbnail","6":"product_cat-lipsud-lipsukomplektid-ja-erilised-lipsud","7":"product_cat-kingitused-ja-kingiideed","8":"product_cat-stiil-ja-mood","11":"first","12":"instock","13":"sale","14":"taxable","15":"shipping-taxable","16":"purchasable","17":"product-type-simple"},"aioseo_notices":[],"_links":{"self":[{"href":"https:\/\/goodstore.eu\/en\/wp-json\/wp\/v2\/product\/501"}],"collection":[{"href":"https:\/\/goodstore.eu\/en\/wp-json\/wp\/v2\/product"}],"about":[{"href":"https:\/\/goodstore.eu\/en\/wp-json\/wp\/v2\/types\/product"}],"replies":[{"embeddable":true,"href":"https:\/\/goodstore.eu\/en\/wp-json\/wp\/v2\/comments?post=501"}],"wp:featuredmedia":[{"embeddable":true,"href":"https:\/\/goodstore.eu\/en\/wp-json\/wp\/v2\/media\/499"}],"wp:attachment":[{"href":"https:\/\/goodstore.eu\/en\/wp-json\/wp\/v2\/media?parent=501"}],"wp:term":[{"taxonomy":"product_cat","embeddable":true,"href":"https:\/\/goodstore.eu\/en\/wp-json\/wp\/v2\/product_cat?post=501"},{"taxonomy":"product_tag","embeddable":true,"href":"https:\/\/goodstore.eu\/en\/wp-json\/wp\/v2\/product_tag?post=501"}],"curies":[{"name":"wp","href":"https:\/\/api.w.org\/{rel}","templated":true}]}}