
{"id":621,"date":"2018-03-03T17:00:09","date_gmt":"2018-03-03T17:00:09","guid":{"rendered":"http:\/\/127.0.0.1\/wp\/product\/kolar-bt-kaasaskantav-sinine\/"},"modified":"2018-03-03T17:00:09","modified_gmt":"2018-03-03T17:00:09","slug":"kolar-bt-kaasaskantav-sinine","status":"publish","type":"product","link":"https:\/\/goodstore.eu\/en\/shop\/kolar-bt-kaasaskantav-sinine\/","title":{"rendered":"K\u00f5lar, kaasaskantav sinihamba\u00fchendusega (Beats Pill Plus kujuga), sinine"},"content":{"rendered":"<div>\n<p><span><span style=\"color:#000000;\"><span style=\"font-family:Verdana, Arial, Helvetica, sans-serif;\"><span style=\"font-size:12pt;\">Sobib kasutamiseks v\u00e4litingimustes<br \/> Bluetooth versioon: 2.1<br \/>Pikim sinihamba kaugus: 10 meetrit<br \/>V\u00f5imsus: 3W x 2<br \/>Aku: 1200 mAh<br \/>Heli tugevus: \u2267 80dB<br \/>Omadused: k\u00e4ed vaba telefonik\u00f5ned; muusika kuulamine;\u00a0TF m\u00e4lukaardi pesa;\u00a0FM, intelligentne h\u00e4\u00e4le seadistamine, stereo<br \/> Materjal: Plastik<br \/>M\u00f5\u00f5dud: 131 x 64 x 36mm<br \/>Sagedusala: 50-18KHZ<br \/>Netokaal: 404g<br \/>Brutokaal: 50<\/span><\/span><\/span><\/span><span><span style=\"color:#000000;\"><span style=\"font-family:Verdana, Arial, Helvetica, sans-serif;\"><span style=\"font-size:12pt;\">1<\/span><\/span><\/span><\/span><span><span style=\"color:#000000;\"><span style=\"font-family:Verdana, Arial, Helvetica, sans-serif;\"><span style=\"font-size:12pt;\">g<br \/>Pakend sisaldab:\u00a0K\u00f5lar 1 tk;\u00a0Laadimise juhe;\u00a0Audio juhe<\/span><\/span><\/span><\/span><\/p>\n<\/p><\/div>\n","protected":false},"excerpt":{"rendered":"<p><span id=\"result_box\" lang=\"et\" xml:lang=\"et\">Maheda saundiga kodukasutaja k\u00f5lar, mis t\u00e4idab teie ruumid suurep\u00e4rase heliga.<\/span><\/p>\n","protected":false},"featured_media":616,"comment_status":"open","ping_status":"closed","template":"","meta":{"om_disable_all_campaigns":false,"_monsterinsights_skip_tracking":false,"_monsterinsights_sitenote_active":false,"_monsterinsights_sitenote_note":"","_monsterinsights_sitenote_category":0},"product_cat":[34],"product_tag":[],"class_list":{"0":"post-621","1":"product","2":"type-product","3":"status-publish","4":"has-post-thumbnail","6":"product_cat-kingitused-ja-kingiideed","9":"first","10":"instock","11":"taxable","12":"shipping-taxable","13":"purchasable","14":"product-type-simple"},"aioseo_notices":[],"_links":{"self":[{"href":"https:\/\/goodstore.eu\/en\/wp-json\/wp\/v2\/product\/621"}],"collection":[{"href":"https:\/\/goodstore.eu\/en\/wp-json\/wp\/v2\/product"}],"about":[{"href":"https:\/\/goodstore.eu\/en\/wp-json\/wp\/v2\/types\/product"}],"replies":[{"embeddable":true,"href":"https:\/\/goodstore.eu\/en\/wp-json\/wp\/v2\/comments?post=621"}],"wp:featuredmedia":[{"embeddable":true,"href":"https:\/\/goodstore.eu\/en\/wp-json\/wp\/v2\/media\/616"}],"wp:attachment":[{"href":"https:\/\/goodstore.eu\/en\/wp-json\/wp\/v2\/media?parent=621"}],"wp:term":[{"taxonomy":"product_cat","embeddable":true,"href":"https:\/\/goodstore.eu\/en\/wp-json\/wp\/v2\/product_cat?post=621"},{"taxonomy":"product_tag","embeddable":true,"href":"https:\/\/goodstore.eu\/en\/wp-json\/wp\/v2\/product_tag?post=621"}],"curies":[{"name":"wp","href":"https:\/\/api.w.org\/{rel}","templated":true}]}}