
{"id":645,"date":"2018-03-05T17:35:53","date_gmt":"2018-03-05T17:35:53","guid":{"rendered":"http:\/\/127.0.0.1\/wp\/product\/nutimang-cubigami-7\/"},"modified":"2018-03-05T17:35:53","modified_gmt":"2018-03-05T17:35:53","slug":"nutimang-cubigami-7","status":"publish","type":"product","link":"https:\/\/goodstore.eu\/en\/shop\/nutimang-cubigami-7\/","title":{"rendered":"Nutim\u00e4ng \u201eCubigami 7\u201c"},"content":{"rendered":"","protected":false},"excerpt":{"rendered":"<p><span style=\"color:#353535;font-family:'Open Sans', sans-serif;font-size:14px;\"><span style=\"color:#353535;font-family:'Open Sans', sans-serif;\"><span style=\"font-size:14px;\">Leia 7 kuju. Liiguta \u00fcles v\u00f5i alla ja tee v\u00e4hemalt seitse kuubikujulist kuju. Esimesed kujundid v\u00f5ivad tunduda lihtsatena, eesm\u00e4rk on panna t\u00f6\u00f6le sinu 3D n\u00e4gemisv\u00f5ime. Leia k\u00f5ik 7 kujutist. Toode arendab ruumilist m\u00f5tlemist. J\u00e4tkake kuubikute valmistamist, kuni k\u00f5ik servad on \u00fchendatud.<\/span><\/span><\/p>\n<p><span style=\"color:#353535;font-family:'Open Sans', sans-serif;\"><span style=\"font-size:14px;\">EAN 8717278850139<\/span><\/span><br \/><\/span><\/p>\n","protected":false},"featured_media":639,"comment_status":"open","ping_status":"closed","template":"","meta":{"om_disable_all_campaigns":false,"_monsterinsights_skip_tracking":false,"_monsterinsights_sitenote_active":false,"_monsterinsights_sitenote_note":"","_monsterinsights_sitenote_category":0},"product_cat":[37],"product_tag":[],"class_list":{"0":"post-645","1":"product","2":"type-product","3":"status-publish","4":"has-post-thumbnail","6":"product_cat-maenguasjad-ja-nutimaengud","9":"first","10":"instock","11":"taxable","12":"shipping-taxable","13":"purchasable","14":"product-type-simple"},"aioseo_notices":[],"_links":{"self":[{"href":"https:\/\/goodstore.eu\/en\/wp-json\/wp\/v2\/product\/645"}],"collection":[{"href":"https:\/\/goodstore.eu\/en\/wp-json\/wp\/v2\/product"}],"about":[{"href":"https:\/\/goodstore.eu\/en\/wp-json\/wp\/v2\/types\/product"}],"replies":[{"embeddable":true,"href":"https:\/\/goodstore.eu\/en\/wp-json\/wp\/v2\/comments?post=645"}],"wp:featuredmedia":[{"embeddable":true,"href":"https:\/\/goodstore.eu\/en\/wp-json\/wp\/v2\/media\/639"}],"wp:attachment":[{"href":"https:\/\/goodstore.eu\/en\/wp-json\/wp\/v2\/media?parent=645"}],"wp:term":[{"taxonomy":"product_cat","embeddable":true,"href":"https:\/\/goodstore.eu\/en\/wp-json\/wp\/v2\/product_cat?post=645"},{"taxonomy":"product_tag","embeddable":true,"href":"https:\/\/goodstore.eu\/en\/wp-json\/wp\/v2\/product_tag?post=645"}],"curies":[{"name":"wp","href":"https:\/\/api.w.org\/{rel}","templated":true}]}}