
{"id":657,"date":"2018-03-05T20:11:48","date_gmt":"2018-03-05T20:11:48","guid":{"rendered":"http:\/\/127.0.0.1\/wp\/product\/nutimang-peegelpusle-mona-lisa\/"},"modified":"2018-03-05T20:11:48","modified_gmt":"2018-03-05T20:11:48","slug":"nutimang-peegelpusle-mona-lisa","status":"publish","type":"product","link":"https:\/\/goodstore.eu\/en\/shop\/nutimang-peegelpusle-mona-lisa\/","title":{"rendered":"Nutim\u00e4ng peegelpusle \u201eSina ja Mona Lisa\u201c"},"content":{"rendered":"<p>Liigutatavate kaldpeeglitega puslem\u00f5istatus<\/p>\n","protected":false},"excerpt":{"rendered":"<p><span style=\"color:#353535;font-family:'Open Sans', sans-serif;font-size:14px;\"><span style=\"color:#353535;font-family:'Open Sans', sans-serif;\"><span style=\"font-size:14px;\">See puzzle paneb su meeled proovile ja viib viimase piirini. N\u00e4iliselt lihtne puzzle on v\u00e4ga petlik. Lahendage k\u00f5igi 9 kuubiku abil pilt.<\/span><\/span><\/p>\n<p><span style=\"color:#353535;font-family:'Open Sans', sans-serif;\"><span style=\"font-size:14px;\">EAN 8717278850191<\/span><\/span><br \/><\/span><\/p>\n","protected":false},"featured_media":653,"comment_status":"open","ping_status":"closed","template":"","meta":{"om_disable_all_campaigns":false,"_monsterinsights_skip_tracking":false,"_monsterinsights_sitenote_active":false,"_monsterinsights_sitenote_note":"","_monsterinsights_sitenote_category":0},"product_cat":[37],"product_tag":[],"class_list":{"0":"post-657","1":"product","2":"type-product","3":"status-publish","4":"has-post-thumbnail","6":"product_cat-maenguasjad-ja-nutimaengud","9":"first","10":"instock","11":"taxable","12":"shipping-taxable","13":"purchasable","14":"product-type-simple"},"aioseo_notices":[],"_links":{"self":[{"href":"https:\/\/goodstore.eu\/en\/wp-json\/wp\/v2\/product\/657"}],"collection":[{"href":"https:\/\/goodstore.eu\/en\/wp-json\/wp\/v2\/product"}],"about":[{"href":"https:\/\/goodstore.eu\/en\/wp-json\/wp\/v2\/types\/product"}],"replies":[{"embeddable":true,"href":"https:\/\/goodstore.eu\/en\/wp-json\/wp\/v2\/comments?post=657"}],"wp:featuredmedia":[{"embeddable":true,"href":"https:\/\/goodstore.eu\/en\/wp-json\/wp\/v2\/media\/653"}],"wp:attachment":[{"href":"https:\/\/goodstore.eu\/en\/wp-json\/wp\/v2\/media?parent=657"}],"wp:term":[{"taxonomy":"product_cat","embeddable":true,"href":"https:\/\/goodstore.eu\/en\/wp-json\/wp\/v2\/product_cat?post=657"},{"taxonomy":"product_tag","embeddable":true,"href":"https:\/\/goodstore.eu\/en\/wp-json\/wp\/v2\/product_tag?post=657"}],"curies":[{"name":"wp","href":"https:\/\/api.w.org\/{rel}","templated":true}]}}