
{"id":672,"date":"2018-03-06T12:15:54","date_gmt":"2018-03-06T12:15:54","guid":{"rendered":"http:\/\/127.0.0.1\/wp\/product\/nutimang-uss-mind-jewel\/"},"modified":"2026-02-24T17:31:10","modified_gmt":"2026-02-24T17:31:10","slug":"nutimang-uss-mind-jewel","status":"publish","type":"product","link":"https:\/\/goodstore.eu\/en\/shop\/nutimang-uss-mind-jewel\/","title":{"rendered":"Nutim\u00e4ng uss &#8220;Mind Jewel&#8221;"},"content":{"rendered":"","protected":false},"excerpt":{"rendered":"<p><span style=\"color:#353535;font-family:'Open Sans', sans-serif;font-size:14px;\"><span style=\"color:#353535;font-family:'Open Sans', sans-serif;\"><span style=\"font-size:14px;\">See kalliskivi peidab endas saladust. Seda on lihtne lahti t\u00f5mmata, kuid raske kokku panna. K\u00f5igepealt leidke lahtine kalliskivi ots ja harutage lahti. P\u00fc\u00fctke taastada originaalset kuju. Arendab ruumilist m\u00f5tlemist, fookust.<\/span><\/span><\/p>\n<p><span style=\"color:#353535;font-family:'Open Sans', sans-serif;\"><span style=\"font-size:14px;\">EAN 8717278850245<\/span><\/span><br \/><\/span><\/p>\n","protected":false},"featured_media":667,"comment_status":"open","ping_status":"closed","template":"","meta":{"om_disable_all_campaigns":false,"_monsterinsights_skip_tracking":false,"_monsterinsights_sitenote_active":false,"_monsterinsights_sitenote_note":"","_monsterinsights_sitenote_category":0},"product_cat":[37],"product_tag":[],"class_list":{"0":"post-672","1":"product","2":"type-product","3":"status-publish","4":"has-post-thumbnail","6":"product_cat-maenguasjad-ja-nutimaengud","9":"first","10":"instock","11":"taxable","12":"shipping-taxable","13":"purchasable","14":"product-type-simple"},"aioseo_notices":[],"_links":{"self":[{"href":"https:\/\/goodstore.eu\/en\/wp-json\/wp\/v2\/product\/672"}],"collection":[{"href":"https:\/\/goodstore.eu\/en\/wp-json\/wp\/v2\/product"}],"about":[{"href":"https:\/\/goodstore.eu\/en\/wp-json\/wp\/v2\/types\/product"}],"replies":[{"embeddable":true,"href":"https:\/\/goodstore.eu\/en\/wp-json\/wp\/v2\/comments?post=672"}],"wp:featuredmedia":[{"embeddable":true,"href":"https:\/\/goodstore.eu\/en\/wp-json\/wp\/v2\/media\/667"}],"wp:attachment":[{"href":"https:\/\/goodstore.eu\/en\/wp-json\/wp\/v2\/media?parent=672"}],"wp:term":[{"taxonomy":"product_cat","embeddable":true,"href":"https:\/\/goodstore.eu\/en\/wp-json\/wp\/v2\/product_cat?post=672"},{"taxonomy":"product_tag","embeddable":true,"href":"https:\/\/goodstore.eu\/en\/wp-json\/wp\/v2\/product_tag?post=672"}],"curies":[{"name":"wp","href":"https:\/\/api.w.org\/{rel}","templated":true}]}}