
{"id":730,"date":"2018-11-02T10:45:06","date_gmt":"2018-11-02T10:45:06","guid":{"rendered":"http:\/\/127.0.0.1\/wp\/product\/votmehoidja-trummipulgad\/"},"modified":"2022-12-10T19:36:41","modified_gmt":"2022-12-10T19:36:41","slug":"votmehoidja-trummipulgad-2","status":"publish","type":"product","link":"https:\/\/goodstore.eu\/en\/shop\/votmehoidja-trummipulgad-2\/","title":{"rendered":"V\u00f5tmehoidja trummipulgad"},"content":{"rendered":"<p><span><span style=\"color:#000000;\"><span style=\"font-family:Verdana, Arial, Helvetica, sans-serif;\"><span style=\"font-size:12pt;\"><span style=\"font-size:12pt;\">Mudel:\u00a0Trummipulgad<\/span><br \/><span style=\"font-size:12pt;\">Materjal:\u00a0P\u00f6\u00f6kpuu<\/span><br \/><span style=\"font-size:12pt;\">M\u00f5\u00f5dud: <\/span><span style=\"font-size:16px;\">9.50 x 3.5 x 2.00 cm<\/span><br \/><span style=\"font-size:12pt;\">Kaal: 30g<\/span><\/p>\n<p><\/span><\/span><\/span><\/span><\/p>\n","protected":false},"excerpt":{"rendered":"<p>Naturaalsest p\u00f6\u00f6kpuust valmistatud v\u00f5tmehoidja. Praktilise v\u00e4\u00e4rtusega toode. <br \/>Sinu v\u00f5tmed on alati kergesti leitavad nii kotist kui ka taskust. Lisaks ei l\u00e4he need segamini \u00fchegi teise v\u00f5tmekimbuga.\u00a0\u00a0<\/p>\n<p>V\u00e4ga ilus kingitus muusika inimesele!<\/p>\n","protected":false},"featured_media":725,"comment_status":"open","ping_status":"closed","template":"","meta":{"om_disable_all_campaigns":false,"_monsterinsights_skip_tracking":false,"_monsterinsights_sitenote_active":false,"_monsterinsights_sitenote_note":"","_monsterinsights_sitenote_category":0},"product_cat":[34],"product_tag":[],"class_list":{"0":"post-730","1":"product","2":"type-product","3":"status-publish","4":"has-post-thumbnail","6":"product_cat-kingitused-ja-kingiideed","9":"first","10":"instock","11":"taxable","12":"shipping-taxable","13":"purchasable","14":"product-type-simple"},"aioseo_notices":[],"_links":{"self":[{"href":"https:\/\/goodstore.eu\/en\/wp-json\/wp\/v2\/product\/730"}],"collection":[{"href":"https:\/\/goodstore.eu\/en\/wp-json\/wp\/v2\/product"}],"about":[{"href":"https:\/\/goodstore.eu\/en\/wp-json\/wp\/v2\/types\/product"}],"replies":[{"embeddable":true,"href":"https:\/\/goodstore.eu\/en\/wp-json\/wp\/v2\/comments?post=730"}],"wp:featuredmedia":[{"embeddable":true,"href":"https:\/\/goodstore.eu\/en\/wp-json\/wp\/v2\/media\/725"}],"wp:attachment":[{"href":"https:\/\/goodstore.eu\/en\/wp-json\/wp\/v2\/media?parent=730"}],"wp:term":[{"taxonomy":"product_cat","embeddable":true,"href":"https:\/\/goodstore.eu\/en\/wp-json\/wp\/v2\/product_cat?post=730"},{"taxonomy":"product_tag","embeddable":true,"href":"https:\/\/goodstore.eu\/en\/wp-json\/wp\/v2\/product_tag?post=730"}],"curies":[{"name":"wp","href":"https:\/\/api.w.org\/{rel}","templated":true}]}}