
{"id":740,"date":"2018-11-05T11:52:05","date_gmt":"2018-11-05T11:52:05","guid":{"rendered":"http:\/\/127.0.0.1\/wp\/product\/led-valgusti-astronaut-usb\/"},"modified":"2018-11-05T11:52:05","modified_gmt":"2018-11-05T11:52:05","slug":"led-valgusti-astronaut-usb","status":"publish","type":"product","link":"https:\/\/goodstore.eu\/en\/shop\/led-valgusti-astronaut-usb\/","title":{"rendered":"LED valgusti Astronaut USB"},"content":{"rendered":"<p><span><span style=\"color:#000000;\"><span style=\"font-family:Verdana, Arial, Helvetica, sans-serif;\"><span style=\"font-size:12pt;\"><span style=\"font-size:12pt;\">Mudel:\u00a0USB LED valgusti<\/span><br \/><span style=\"font-size:12pt;\">Materjal:\u00a0Plastik<\/span><br \/><span style=\"font-size:12pt;\">Mehikese m\u00f5\u00f5dud: 71<\/span><span style=\"font-size:16px;\">\u00a0x 50 x 30 mm (lisandub tugikinnituse pikkus)<\/span><br \/><span style=\"font-size:12pt;\">Kaal: 100g<\/span><\/p>\n<p><\/span><\/span><\/span><\/span><\/p>\n","protected":false},"excerpt":{"rendered":"<p>Meie kliimav\u00f6\u00f6ndis on enamus aastast suhteliselt pime. Selle p\u00f5neva valgustiga on pimeduse talumine oluliselt l\u00f5busam!<br \/>V\u00e4ga\u00a0lahe kingitus lapsele v\u00f5i arvutiinimesele!<\/p>\n","protected":false},"featured_media":731,"comment_status":"open","ping_status":"closed","template":"","meta":{"om_disable_all_campaigns":false,"_monsterinsights_skip_tracking":false,"_monsterinsights_sitenote_active":false,"_monsterinsights_sitenote_note":"","_monsterinsights_sitenote_category":0},"product_cat":[34],"product_tag":[],"class_list":{"0":"post-740","1":"product","2":"type-product","3":"status-publish","4":"has-post-thumbnail","6":"product_cat-kingitused-ja-kingiideed","9":"first","10":"instock","11":"taxable","12":"shipping-taxable","13":"purchasable","14":"product-type-simple"},"aioseo_notices":[],"_links":{"self":[{"href":"https:\/\/goodstore.eu\/en\/wp-json\/wp\/v2\/product\/740"}],"collection":[{"href":"https:\/\/goodstore.eu\/en\/wp-json\/wp\/v2\/product"}],"about":[{"href":"https:\/\/goodstore.eu\/en\/wp-json\/wp\/v2\/types\/product"}],"replies":[{"embeddable":true,"href":"https:\/\/goodstore.eu\/en\/wp-json\/wp\/v2\/comments?post=740"}],"wp:featuredmedia":[{"embeddable":true,"href":"https:\/\/goodstore.eu\/en\/wp-json\/wp\/v2\/media\/731"}],"wp:attachment":[{"href":"https:\/\/goodstore.eu\/en\/wp-json\/wp\/v2\/media?parent=740"}],"wp:term":[{"taxonomy":"product_cat","embeddable":true,"href":"https:\/\/goodstore.eu\/en\/wp-json\/wp\/v2\/product_cat?post=740"},{"taxonomy":"product_tag","embeddable":true,"href":"https:\/\/goodstore.eu\/en\/wp-json\/wp\/v2\/product_tag?post=740"}],"curies":[{"name":"wp","href":"https:\/\/api.w.org\/{rel}","templated":true}]}}