
{"id":765,"date":"2018-11-08T00:50:47","date_gmt":"2018-11-08T00:50:47","guid":{"rendered":"http:\/\/127.0.0.1\/wp\/product\/saab-9-3-viggen-kupee-my1999-skaalas-143\/"},"modified":"2021-09-08T20:18:00","modified_gmt":"2021-09-08T20:18:00","slug":"saab-9-3-viggen-kupee-my1999-skaalas-143","status":"publish","type":"product","link":"https:\/\/goodstore.eu\/en\/shop\/saab-9-3-viggen-kupee-my1999-skaalas-143\/","title":{"rendered":"SAAB 9-3 Viggen kupee MY1999 skaalas 1:43"},"content":{"rendered":"<p>Kollektsion\u00e4\u00e4ri mudelauto\u00a0SAAB 9-3 Viggen Convertible Monte Carlo kollane<\/p>\n<p>1:43 skaala<\/p>\n<p>Toodetud\u00a0limiteeritud kogus.<\/p>\n","protected":false},"excerpt":{"rendered":"<p>Tootja:\u00a0IXO Premium-X<\/p>\n<p>T\u00f5eliselt h\u00e4sti valmistatud mudelauto kollektsion\u00e4\u00e4rile ja ka kingituseks! Sellel konkreetsel mudelil lahtik\u00e4ivaid keredetaile pole. Neid oleks ka \u00fcksjagu keeruline avada, sest mudel on kenasti pakendatud akr\u00fc\u00fcl Display Box-i. Tegemist on \u00e4\u00e4retult ilusa automudeliga! Supper kingitus \u00fcksk\u00f5ik millisele autonduse ajalugu hindavale inimesele.<\/p>\n<\/p>\n<p>\u00c4ra maga maha!\u00a0<\/p>\n","protected":false},"featured_media":759,"comment_status":"open","ping_status":"closed","template":"","meta":{"om_disable_all_campaigns":false,"_monsterinsights_skip_tracking":false,"_monsterinsights_sitenote_active":false,"_monsterinsights_sitenote_note":"","_monsterinsights_sitenote_category":0},"product_cat":[31,35],"product_tag":[],"class_list":{"0":"post-765","1":"product","2":"type-product","3":"status-publish","4":"has-post-thumbnail","6":"product_cat-avalehele","7":"product_cat-mudelautod","10":"first","11":"instock","12":"sale","13":"taxable","14":"shipping-taxable","15":"purchasable","16":"product-type-simple"},"aioseo_notices":[],"_links":{"self":[{"href":"https:\/\/goodstore.eu\/en\/wp-json\/wp\/v2\/product\/765"}],"collection":[{"href":"https:\/\/goodstore.eu\/en\/wp-json\/wp\/v2\/product"}],"about":[{"href":"https:\/\/goodstore.eu\/en\/wp-json\/wp\/v2\/types\/product"}],"replies":[{"embeddable":true,"href":"https:\/\/goodstore.eu\/en\/wp-json\/wp\/v2\/comments?post=765"}],"wp:featuredmedia":[{"embeddable":true,"href":"https:\/\/goodstore.eu\/en\/wp-json\/wp\/v2\/media\/759"}],"wp:attachment":[{"href":"https:\/\/goodstore.eu\/en\/wp-json\/wp\/v2\/media?parent=765"}],"wp:term":[{"taxonomy":"product_cat","embeddable":true,"href":"https:\/\/goodstore.eu\/en\/wp-json\/wp\/v2\/product_cat?post=765"},{"taxonomy":"product_tag","embeddable":true,"href":"https:\/\/goodstore.eu\/en\/wp-json\/wp\/v2\/product_tag?post=765"}],"curies":[{"name":"wp","href":"https:\/\/api.w.org\/{rel}","templated":true}]}}