
{"id":792,"date":"2018-11-22T17:01:32","date_gmt":"2018-11-22T17:01:32","guid":{"rendered":"http:\/\/127.0.0.1\/wp\/product\/taskukuubik-4-varviline-poorlev-puzzle\/"},"modified":"2022-10-17T12:30:56","modified_gmt":"2022-10-17T12:30:56","slug":"taskukuubik-4-varviline-poorlev-puzzle","status":"publish","type":"product","link":"https:\/\/goodstore.eu\/en\/shop\/taskukuubik-4-varviline-poorlev-puzzle\/","title":{"rendered":"Taskukuubik 4-v\u00e4rviline versioon, Mefferti p\u00f6\u00f6rlev puzzle"},"content":{"rendered":"<p class=\"qtranxs-available-languages-message qtranxs-available-languages-message-en\">Sorry, this entry is only available in <a href=\"https:\/\/goodstore.eu\/et\/wp-json\/wp\/v2\/product\/792\" class=\"qtranxs-available-language-link qtranxs-available-language-link-et\" title=\"Eesti\">Eesti<\/a>.<\/p>","protected":false},"excerpt":{"rendered":"<p>Kuidas m\u00e4ngida<\/p>\n<p>Esmapilgul tundub Meffert&#8217;i\u00a0tasku kuubik\u00a0v\u00e4lja lihtsalt mingi 2 \u00d7 2 kuubik, kuid \u00e4rge laske end petta! See mida te n\u00e4ete, ei ole see, mis on juhtuma hakkab!<br \/>\nTuleb arvestada, et \u00fcmber\u00a0kesktelje p\u00f6\u00f6rlevad kaks erineva suurusega kuubikut.\u00a0Kui need on omavahel segamini keeratud, siis tekib puzzle-kuubikust igasuguseid kummalisi kujundeid.<\/p>\n<p>Pange ennast proovile, ehk osutute meistriks ja suudate Mefferti taskukuubiku taastada oma algsesse seisundisse?<\/p>\n<p><span style=\"color: #353535; font-family: 'Open Sans', sans-serif; font-size: 14px;\"><br \/>\n<span style=\"color: #353535; font-family: 'Open Sans', sans-serif;\"><span style=\"font-size: 14px;\">EAN\u00a08717278850597<\/span><\/span><br \/>\n<\/span><\/p>\n","protected":false},"featured_media":785,"comment_status":"open","ping_status":"closed","template":"","meta":{"om_disable_all_campaigns":false,"_monsterinsights_skip_tracking":false,"_monsterinsights_sitenote_active":false,"_monsterinsights_sitenote_note":"","_monsterinsights_sitenote_category":0},"product_cat":[37],"product_tag":[],"class_list":{"0":"post-792","1":"product","2":"type-product","3":"status-publish","4":"has-post-thumbnail","6":"product_cat-maenguasjad-ja-nutimaengud","9":"first","10":"instock","11":"taxable","12":"shipping-taxable","13":"purchasable","14":"product-type-simple"},"aioseo_notices":[],"_links":{"self":[{"href":"https:\/\/goodstore.eu\/en\/wp-json\/wp\/v2\/product\/792"}],"collection":[{"href":"https:\/\/goodstore.eu\/en\/wp-json\/wp\/v2\/product"}],"about":[{"href":"https:\/\/goodstore.eu\/en\/wp-json\/wp\/v2\/types\/product"}],"replies":[{"embeddable":true,"href":"https:\/\/goodstore.eu\/en\/wp-json\/wp\/v2\/comments?post=792"}],"wp:featuredmedia":[{"embeddable":true,"href":"https:\/\/goodstore.eu\/en\/wp-json\/wp\/v2\/media\/785"}],"wp:attachment":[{"href":"https:\/\/goodstore.eu\/en\/wp-json\/wp\/v2\/media?parent=792"}],"wp:term":[{"taxonomy":"product_cat","embeddable":true,"href":"https:\/\/goodstore.eu\/en\/wp-json\/wp\/v2\/product_cat?post=792"},{"taxonomy":"product_tag","embeddable":true,"href":"https:\/\/goodstore.eu\/en\/wp-json\/wp\/v2\/product_tag?post=792"}],"curies":[{"name":"wp","href":"https:\/\/api.w.org\/{rel}","templated":true}]}}