
{"id":796,"date":"2018-11-25T12:34:51","date_gmt":"2018-11-25T12:34:51","guid":{"rendered":"http:\/\/127.0.0.1\/wp\/product\/nutimang-topelt-probleem-gear-up\/"},"modified":"2026-02-24T17:30:37","modified_gmt":"2026-02-24T17:30:37","slug":"nutimang-topelt-probleem-gear-up","status":"publish","type":"product","link":"https:\/\/goodstore.eu\/en\/shop\/nutimang-topelt-probleem-gear-up\/","title":{"rendered":"Nutim\u00e4ng \u201eDouble Trouble\u201c (topelt probleem) Gear Up"},"content":{"rendered":"<p><span style=\"color:#222222;font-family:'Roboto Condensed', sans-serif;font-size:12px;\">Nutim\u00e4ngude lahendamise kasu m\u00e4rkab kiiresti \u2013 see on meeldiv, m\u00f5tlemapanev ning rahuldustpakkuv kui lahendus on leitud.<\/span><br style=\"color:#222222;font-family:'Roboto Condensed', sans-serif;font-size:12px;\" \/><span style=\"color:#222222;font-family:'Roboto Condensed', sans-serif;font-size:12px;\">Pikaajalised eelised on sageli j\u00e4etud t\u00e4helepanuta. On t\u00f5estatud et regulaarne nutim\u00e4ngude lahendamine aitab;<\/span><br style=\"color:#222222;font-family:'Roboto Condensed', sans-serif;font-size:12px;\" \/><span style=\"color:#222222;font-family:'Roboto Condensed', sans-serif;font-size:12px;\">\u2022 Kiirendada m\u00f5tlemist<\/span><br style=\"color:#222222;font-family:'Roboto Condensed', sans-serif;font-size:12px;\" \/><span style=\"color:#222222;font-family:'Roboto Condensed', sans-serif;font-size:12px;\">\u2022 Parandab m\u00e4lu<\/span><br style=\"color:#222222;font-family:'Roboto Condensed', sans-serif;font-size:12px;\" \/><span style=\"color:#222222;font-family:'Roboto Condensed', sans-serif;font-size:12px;\">\u2022 V\u00e4hendab dementsuse riski<\/span><br style=\"color:#222222;font-family:'Roboto Condensed', sans-serif;font-size:12px;\" \/><span style=\"color:#222222;font-family:'Roboto Condensed', sans-serif;font-size:12px;\">\u2022 Parandab keskendumisv\u00f5imet<\/span><br style=\"color:#222222;font-family:'Roboto Condensed', sans-serif;font-size:12px;\" \/><span style=\"color:#222222;font-family:'Roboto Condensed', sans-serif;font-size:12px;\">Sa pole iial liiga noor ega liiga vana ajutreeninguks. \u00d5ppides juba varases eas lahendama nutim\u00e4nge annab see lastele enesekindlust.<\/span><br style=\"color:#222222;font-family:'Roboto Condensed', sans-serif;font-size:12px;\" \/><span style=\"color:#222222;font-family:'Roboto Condensed', sans-serif;font-size:12px;\">T\u00e4iskasvanud aga saavad nendest m\u00e4ngudest elukestva \u00f5ppe kaudu kasu igap\u00e4evase vaimse tervise s\u00e4ilitamise. Seep\u00e4rast on<\/span><br style=\"color:#222222;font-family:'Roboto Condensed', sans-serif;font-size:12px;\" \/><span style=\"color:#222222;font-family:'Roboto Condensed', sans-serif;font-size:12px;\">nutim\u00e4ngud suurep\u00e4rane kingitus nii lastele kui t\u00e4iskasvanutele. M\u00e4ngu valimisel s\u00f5brale v\u00f5i endale tuleks p\u00f6\u00f6rata t\u00e4helepanu sobivale<\/span><br style=\"color:#222222;font-family:'Roboto Condensed', sans-serif;font-size:12px;\" \/><span style=\"color:#222222;font-family:'Roboto Condensed', sans-serif;font-size:12px;\">raskusastmele ja valdkonnale.<\/span><\/p>\n<p><\/p>\n","protected":false},"excerpt":{"rendered":"<p><span style=\"color:#353535;font-family:'Open Sans', sans-serif;\"><span style=\"font-size:14px;\">Tegemist on t\u00f5elise topelt probleemiga!<br \/>Double Trouble Gear up keskendub IQ ruumilisuse arendamisele, loogikale, strateegiale. <br \/>Kas leiate lahenduse, et eemaldada kaks kuuli korraga? Kuna m\u00f5lemad hammasrattad samal ajal liiguvad, siis \u00fcks samm viiks justkui v\u00e4ljumisele l\u00e4hemale, samal ajal v\u00f5ib aga teisel kettal viia sammu tulemusest kaugemale.<\/span><\/span><\/p>\n<p><span style=\"color:#353535;font-family:'Open Sans', sans-serif;font-size:14px;\"><br \/><span style=\"color:#353535;font-family:'Open Sans', sans-serif;\"><span style=\"font-size:14px;\">EAN\u00a08717278850641<\/span><\/span><br \/><\/span><\/p>\n","protected":false},"featured_media":793,"comment_status":"open","ping_status":"closed","template":"","meta":{"om_disable_all_campaigns":false,"_monsterinsights_skip_tracking":false,"_monsterinsights_sitenote_active":false,"_monsterinsights_sitenote_note":"","_monsterinsights_sitenote_category":0},"product_cat":[37],"product_tag":[],"class_list":{"0":"post-796","1":"product","2":"type-product","3":"status-publish","4":"has-post-thumbnail","6":"product_cat-maenguasjad-ja-nutimaengud","9":"first","10":"outofstock","11":"taxable","12":"shipping-taxable","13":"purchasable","14":"product-type-simple"},"aioseo_notices":[],"_links":{"self":[{"href":"https:\/\/goodstore.eu\/en\/wp-json\/wp\/v2\/product\/796"}],"collection":[{"href":"https:\/\/goodstore.eu\/en\/wp-json\/wp\/v2\/product"}],"about":[{"href":"https:\/\/goodstore.eu\/en\/wp-json\/wp\/v2\/types\/product"}],"replies":[{"embeddable":true,"href":"https:\/\/goodstore.eu\/en\/wp-json\/wp\/v2\/comments?post=796"}],"wp:featuredmedia":[{"embeddable":true,"href":"https:\/\/goodstore.eu\/en\/wp-json\/wp\/v2\/media\/793"}],"wp:attachment":[{"href":"https:\/\/goodstore.eu\/en\/wp-json\/wp\/v2\/media?parent=796"}],"wp:term":[{"taxonomy":"product_cat","embeddable":true,"href":"https:\/\/goodstore.eu\/en\/wp-json\/wp\/v2\/product_cat?post=796"},{"taxonomy":"product_tag","embeddable":true,"href":"https:\/\/goodstore.eu\/en\/wp-json\/wp\/v2\/product_tag?post=796"}],"curies":[{"name":"wp","href":"https:\/\/api.w.org\/{rel}","templated":true}]}}