
{"id":802,"date":"2018-12-04T20:52:43","date_gmt":"2018-12-04T20:52:43","guid":{"rendered":"http:\/\/127.0.0.1\/wp\/product\/sarapuust-teekuunla-alus\/"},"modified":"2022-11-26T18:04:47","modified_gmt":"2022-11-26T18:04:47","slug":"sarapuust-teekuunla-alus","status":"publish","type":"product","link":"https:\/\/goodstore.eu\/en\/shop\/sarapuust-teekuunla-alus\/","title":{"rendered":"Sarapuust teek\u00fc\u00fcnla alus\/hoidik"},"content":{"rendered":"<p>Eestimaisest sarapuust teek\u00fc\u00fcnla\u00a0hoidja.<\/p>\n<p><span id=\"result_box\" lang=\"et\" xml:lang=\"et\"><span title=\"The set includes:\">Komplekt sisaldab:<br \/><\/span><span title=\"1. The Hazelnut Wooden Tea Light &amp; Candle Holder\">1. Sarapuust\u00a0teek\u00fc\u00fcnla\u00a0hoidja<br \/><\/span><span title=\"2. Metal Chain for hanging the The Tea Light &amp; Candle Holder\">2. Teek\u00fc\u00fcnla hoidiku papist kinkekarp\u00a0<br \/><\/span><span title=\"3. Tea lights, 3 pcs.\">3. Teek\u00fc\u00fcnal, 1 tk.<\/p>\n<p><\/span><span title=\"Wooden Tea Light holder (candle holder) is handmade item and each set is a unique and exclusive.\">Puidust teek\u00fc\u00fcnla hoidja on valmis toode koheselt kasutamiseks. Iga\u00a0toode on ainulaadne ja eksklusiivne.<\/p>\n<p><\/span><span title=\"Candle Holders are made from hazelnut wood directly from Estonian forest.\">K\u00fc\u00fcnlajalad on valmistatud sarapuust otse Eesti metsast.<br \/><\/span><span title=\"The Tea Light &amp; Candle Holders could have natural marks of insects, which look great.\"><br \/><\/span><span title=\"The Tea Light &amp; Candle Holders could have a small natural cracks of wood that do not influence the functionality of the product.\">Puidust teek\u00fc\u00fcnla hoidikul v\u00f5ib esineda v\u00e4ikeseid looduslikke pragusid, mis ei m\u00f5juta toote funktsionaalsust. <\/span><span title=\"Wood with cracks is original and unique.\">Puit, millel on praod, on originaalne ja ainulaadne.<\/p>\n<p><\/span><span title=\"You can always email me if you need another size of The Tea Light &amp; Candle Holder or with other number of candles (or if you have other special needs).\">V\u00f5ite meile alati saata e-kirja, kui soovite konkreetse k\u00f5rgusega\u00a0teek\u00fc\u00fcnla hoidikut.<\/p>\n<p><\/span><span title=\"DELIVERY\"><strong>TELLIMINE<\/strong><br \/><\/span><span title=\"Normally I can ship in 1-3 days after receiving an order (if no special needs are mentioned).\">Tavaliselt me saadame saadetise teele 1-3 p\u00e4eva p\u00e4rast tellimuse saamist (kui erivajadusi pole mainitud).<br \/><\/span><span title=\"The usual period of delivery is 15-25 days worldwide.\">Traditsiooniline tarneaeg on Eestisse maksimaalselt \u00fcks n\u00e4dal ning mujale maailma 15-25 p\u00e4eva.<\/span><\/span><\/p>\n","protected":false},"excerpt":{"rendered":"<p>See\u00a0v\u00e4ike teek\u00fc\u00fcnla puidust hoidik\/alus on suurep\u00e4rane kodukaunistus ning imeline kingitus kallimale v\u00f5i heale s\u00f5brale!<\/p>\n<p>Tegemist on praktilise v\u00e4\u00e4rtusega, hubast \u00f5hkkonda loova sisekujunduselemendiga.<\/p>\n<p><span title=\"Dimensions of Hazelnut Wooden Tea Light Holder shown on the photos are:\">Fotodel kuvatud teek\u00fc\u00fcnla\u00a0hoidik-aluse m\u00f5\u00f5tmed v\u00f5ivad veidi erineda, kuna tegemist on k\u00e4sit\u00f6\u00f6ga:<br \/>K\u00f5rgus koos kinkekarbiga &#8211; umbes 8,5 cm;\u00a0<br \/><\/span><span title=\"Height measured with chains - roughly 14&quot; (35 cm);  One side of the triangle, from holder to holder - 12&quot; (30 cm);\">Toote k\u00f5rgus &#8211; umbes 4,5 &#8211; 8,5 cm; <br \/><\/span><span title=\"Wooden part height - 1.8&quot; (4.5 cm).\">Diameeter\u00a0&#8211; ca 6,5 &#8211; 7,5 cm.<br \/><\/span><span title=\"Weight is about 1 Lbs (0.450 kg)\">Toote\u00a0kaal koos kinkekarbi ja teek\u00fc\u00fcnlaga on\u00a0s\u00f5ltuvalt hoidiku k\u00f5rgusest\u00a00,070 &#8211; 0,120 kg<\/p>\n<p><\/span>Materjal: Eestimaine sarapuu<\/p>\n<p>Fotodel n\u00e4idatud toode on meil laos ja valmis koheseks saatmiseks.<\/p><\/p>\n","protected":false},"featured_media":797,"comment_status":"open","ping_status":"closed","template":"","meta":{"om_disable_all_campaigns":false,"_monsterinsights_skip_tracking":false,"_monsterinsights_sitenote_active":false,"_monsterinsights_sitenote_note":"","_monsterinsights_sitenote_category":0},"product_cat":[31,32,34],"product_tag":[],"class_list":{"0":"post-802","1":"product","2":"type-product","3":"status-publish","4":"has-post-thumbnail","6":"product_cat-avalehele","7":"product_cat-kodusisustus","8":"product_cat-kingitused-ja-kingiideed","11":"first","12":"instock","13":"taxable","14":"shipping-taxable","15":"purchasable","16":"product-type-simple"},"aioseo_notices":[],"_links":{"self":[{"href":"https:\/\/goodstore.eu\/en\/wp-json\/wp\/v2\/product\/802"}],"collection":[{"href":"https:\/\/goodstore.eu\/en\/wp-json\/wp\/v2\/product"}],"about":[{"href":"https:\/\/goodstore.eu\/en\/wp-json\/wp\/v2\/types\/product"}],"replies":[{"embeddable":true,"href":"https:\/\/goodstore.eu\/en\/wp-json\/wp\/v2\/comments?post=802"}],"wp:featuredmedia":[{"embeddable":true,"href":"https:\/\/goodstore.eu\/en\/wp-json\/wp\/v2\/media\/797"}],"wp:attachment":[{"href":"https:\/\/goodstore.eu\/en\/wp-json\/wp\/v2\/media?parent=802"}],"wp:term":[{"taxonomy":"product_cat","embeddable":true,"href":"https:\/\/goodstore.eu\/en\/wp-json\/wp\/v2\/product_cat?post=802"},{"taxonomy":"product_tag","embeddable":true,"href":"https:\/\/goodstore.eu\/en\/wp-json\/wp\/v2\/product_tag?post=802"}],"curies":[{"name":"wp","href":"https:\/\/api.w.org\/{rel}","templated":true}]}}