
{"id":807,"date":"2018-12-04T23:18:25","date_gmt":"2018-12-04T23:18:25","guid":{"rendered":"http:\/\/127.0.0.1\/wp\/product\/teekuunalde-hoidikute-komplekt-sarapuust\/"},"modified":"2022-11-26T18:04:29","modified_gmt":"2022-11-26T18:04:29","slug":"teekuunalde-hoidikute-komplekt-sarapuust","status":"publish","type":"product","link":"https:\/\/goodstore.eu\/en\/shop\/teekuunalde-hoidikute-komplekt-sarapuust\/","title":{"rendered":"Teek\u00fc\u00fcnalde hoidikute komplekt, sarapuust"},"content":{"rendered":"<p>Eestimaisest sarapuust teek\u00fc\u00fcnla\u00a0hoidjate komplekt.<\/p>\n<p><span id=\"result_box\" lang=\"et\" xml:lang=\"et\"><span title=\"The set includes:\">Komplekt sisaldab:<br \/><\/span><span title=\"1. The Hazelnut Wooden Tea Light &amp; Candle Holder\">1. Sarapuust\u00a0teek\u00fc\u00fcnla\u00a0hoidja\/alus 3 tk.<br \/><\/span><span title=\"3. Tea lights, 3 pcs.\">2. Teek\u00fc\u00fcnlad, 3 tk.<\/p>\n<p><\/span><span title=\"Wooden Tea Light holder (candle holder) is handmade item and each set is a unique and exclusive.\">Puidust teek\u00fc\u00fcnla hoidja on valmis toode koheselt kasutamiseks. Iga komplekt on ainulaadne ja eksklusiivne.<\/p>\n<p><\/span><span title=\"If you would like us to stain the item with a different color Tikkurila stain, please let us know.\">Kui soovite, et me valmistame\u00a0komplekti\u00a0rohkema arvu k\u00fc\u00fcnla alustega, siis andke meile sellest palun teada.<\/p>\n<p><\/span><span title=\"Candle Holders are made from hazelnut wood directly from Estonian forest.\">K\u00fc\u00fcnlajalad on valmistatud sarapuust otse Eesti metsast.<br \/><\/span><span title=\"The Tea Light &amp; Candle Holders could have natural marks of insects, which look great.\"><br \/><\/span><span title=\"The Tea Light &amp; Candle Holders could have a small natural cracks of wood that do not influence the functionality of the product.\">Puidust teek\u00fc\u00fcnla hoidikutel\/alustel\u00a0v\u00f5ib esineda v\u00e4ikeseid looduslikke pragusid, mis ei m\u00f5juta toote funktsionaalsust. <\/span><span title=\"Wood with cracks is original and unique.\">Puit, millel on praod, on originaalne ja ainulaadne.<\/p>\n<p><\/span><span title=\"DELIVERY\"><strong>TELLIMINE<\/strong><br \/><\/span><span title=\"Normally I can ship in 1-3 days after receiving an order (if no special needs are mentioned).\">Tavaliselt me saadame saadetise teele 1-3 p\u00e4eva p\u00e4rast tellimuse saamist (kui erivajadusi pole mainitud).<br \/><\/span><span title=\"The usual period of delivery is 15-25 days worldwide.\">Traditsiooniline tarneaeg on Eestisse maksimaalselt \u00fcks n\u00e4dal ning mujale maailma 15-25 p\u00e4eva.<\/span><\/span><\/p>\n","protected":false},"excerpt":{"rendered":"<p>See\u00a0komplekt on suurep\u00e4rane kodukaunistuseks ning imeline kingitus kallimale v\u00f5i heale s\u00f5brale!<\/p>\n<p>Tegemist on praktilise v\u00e4\u00e4rtusega, hubast \u00f5hkkonda loova sisekujunduselemendiga.<\/p>\n<p>Fotodel kuvatud teek\u00fc\u00fcnla hoidikute-aluste m\u00f5\u00f5tmed v\u00f5ivad veidi varieeruda, kuna tegemist on k\u00e4sit\u00f6\u00f6ga:<\/p>\n<p>Komplekti kuuluvate toodete k\u00f5rgus &#8211; umbes 3,5 &#8211; 9,5 cm;\u00a0<\/p>\n<p>Diameetrid &#8211; ca 6,5 &#8211; 7,5 cm.<\/p>\n<p>Toote komplekti kaal koos pakendi ja teek\u00fc\u00fcnaldega on s\u00f5ltuvalt hoidikute k\u00f5rgusest 0,210 &#8211;\u00a00,400 kg<\/p>\n<p>Materjal: Eestimaine sarapuu<\/p>\n<p>Fotodel n\u00e4idatud toode on meil laos ja valmis koheseks saatmiseks, kogu komplekt tarnitakse tekstiil kotikeses.<\/p><\/p>\n","protected":false},"featured_media":803,"comment_status":"open","ping_status":"closed","template":"","meta":{"om_disable_all_campaigns":false,"_monsterinsights_skip_tracking":false,"_monsterinsights_sitenote_active":false,"_monsterinsights_sitenote_note":"","_monsterinsights_sitenote_category":0},"product_cat":[31,32,34],"product_tag":[],"class_list":{"0":"post-807","1":"product","2":"type-product","3":"status-publish","4":"has-post-thumbnail","6":"product_cat-avalehele","7":"product_cat-kodusisustus","8":"product_cat-kingitused-ja-kingiideed","11":"first","12":"instock","13":"taxable","14":"shipping-taxable","15":"purchasable","16":"product-type-simple"},"aioseo_notices":[],"_links":{"self":[{"href":"https:\/\/goodstore.eu\/en\/wp-json\/wp\/v2\/product\/807"}],"collection":[{"href":"https:\/\/goodstore.eu\/en\/wp-json\/wp\/v2\/product"}],"about":[{"href":"https:\/\/goodstore.eu\/en\/wp-json\/wp\/v2\/types\/product"}],"replies":[{"embeddable":true,"href":"https:\/\/goodstore.eu\/en\/wp-json\/wp\/v2\/comments?post=807"}],"wp:featuredmedia":[{"embeddable":true,"href":"https:\/\/goodstore.eu\/en\/wp-json\/wp\/v2\/media\/803"}],"wp:attachment":[{"href":"https:\/\/goodstore.eu\/en\/wp-json\/wp\/v2\/media?parent=807"}],"wp:term":[{"taxonomy":"product_cat","embeddable":true,"href":"https:\/\/goodstore.eu\/en\/wp-json\/wp\/v2\/product_cat?post=807"},{"taxonomy":"product_tag","embeddable":true,"href":"https:\/\/goodstore.eu\/en\/wp-json\/wp\/v2\/product_tag?post=807"}],"curies":[{"name":"wp","href":"https:\/\/api.w.org\/{rel}","templated":true}]}}