
{"id":822,"date":"2018-12-07T23:38:15","date_gmt":"2018-12-07T23:38:15","guid":{"rendered":"http:\/\/127.0.0.1\/wp\/product\/saab-logoga-votmehoidja-aero-mootori-kolb\/"},"modified":"2025-12-12T09:35:02","modified_gmt":"2025-12-12T09:35:02","slug":"saab-logoga-votmehoidja-aero-mootori-kolb","status":"publish","type":"product","link":"https:\/\/goodstore.eu\/en\/shop\/saab-logoga-votmehoidja-aero-mootori-kolb\/","title":{"rendered":"SAAB-i Logoga v\u00f5tmehoidja Aero mootori kolb"},"content":{"rendered":"<p><\/p>\n<p><span><span style=\"color:#000000;\"><span style=\"font-family:Verdana, Arial, Helvetica, sans-serif;\"><span style=\"font-size:12pt;\"><span style=\"font-size:12pt;\">Mudel: SAAB meene<\/span><br \/><span style=\"font-size:12pt;\">Materjal: Metall<\/span><br \/><span style=\"font-size:12pt;\">M\u00f5\u00f5dud: 5.0<\/span><span style=\"font-size:16px;\">0 x 5.00 x 3.00 cm<\/span><br \/><span style=\"font-size:12pt;\">Kaal: 75g<\/span><\/p>\n<p><\/span><\/span><\/span><\/span><\/p>\n<p><\/p>","protected":false},"excerpt":{"rendered":"<p>SAAB on surnud, Elagu SAAB!\u00a0<\/p>\n<p>SAABIf\u00e4nnil on j\u00e4rjest raskem leida n\u00e4gusat ja vastupidavat v\u00f5tmehoidjat, kuna br\u00e4nd ise enam n\u00e4nni tootmisest huvitatud pole.<\/p>\n<p>Siin on n\u00fc\u00fcd v\u00f5imalus, mida ei tasu naljalt k\u00e4est lasta!<\/p>\n<p>Toode\u00a0on valmistatud metallist. V\u00e4ga k\u00f5rge kvaliteediga!<\/p>\n","protected":false},"featured_media":818,"comment_status":"open","ping_status":"closed","template":"","meta":{"om_disable_all_campaigns":false,"_monsterinsights_skip_tracking":false,"_monsterinsights_sitenote_active":false,"_monsterinsights_sitenote_note":"","_monsterinsights_sitenote_category":0},"product_cat":[34],"product_tag":[],"class_list":{"0":"post-822","1":"product","2":"type-product","3":"status-publish","4":"has-post-thumbnail","6":"product_cat-kingitused-ja-kingiideed","9":"first","10":"outofstock","11":"taxable","12":"shipping-taxable","13":"purchasable","14":"product-type-simple"},"aioseo_notices":[],"_links":{"self":[{"href":"https:\/\/goodstore.eu\/en\/wp-json\/wp\/v2\/product\/822"}],"collection":[{"href":"https:\/\/goodstore.eu\/en\/wp-json\/wp\/v2\/product"}],"about":[{"href":"https:\/\/goodstore.eu\/en\/wp-json\/wp\/v2\/types\/product"}],"replies":[{"embeddable":true,"href":"https:\/\/goodstore.eu\/en\/wp-json\/wp\/v2\/comments?post=822"}],"wp:featuredmedia":[{"embeddable":true,"href":"https:\/\/goodstore.eu\/en\/wp-json\/wp\/v2\/media\/818"}],"wp:attachment":[{"href":"https:\/\/goodstore.eu\/en\/wp-json\/wp\/v2\/media?parent=822"}],"wp:term":[{"taxonomy":"product_cat","embeddable":true,"href":"https:\/\/goodstore.eu\/en\/wp-json\/wp\/v2\/product_cat?post=822"},{"taxonomy":"product_tag","embeddable":true,"href":"https:\/\/goodstore.eu\/en\/wp-json\/wp\/v2\/product_tag?post=822"}],"curies":[{"name":"wp","href":"https:\/\/api.w.org\/{rel}","templated":true}]}}