
{"id":83,"date":"2017-10-24T09:25:20","date_gmt":"2017-10-24T09:25:20","guid":{"rendered":"http:\/\/127.0.0.1\/wp\/product\/emperador-lips-2\/"},"modified":"2023-03-19T14:13:54","modified_gmt":"2023-03-19T14:13:54","slug":"emperador-lips-2","status":"publish","type":"product","link":"https:\/\/goodstore.eu\/en\/shop\/emperador-lips-2\/","title":{"rendered":"Sulav kell, stiilne kell riiulile"},"content":{"rendered":"<p><\/p>\n<div><span style=\"font-size:16px;\">Materjal: Plastik<br \/><span title=\"It measures approx 17 cm x 12 cm x 13 cm\">M\u00f5\u00f5dud umbes 17 cm x 12 cm x 13 cm<br \/><\/span><span title=\"Takes 1 x AA battery (not included)\">Kella k\u00e4ivitab 1 x AA patarei (ei kuulu komplekti)<br \/><\/span><span title=\"Package Content:1x Melting Clock\">Pakendi sisu: 1x sulav kell<br \/><\/span><span title=\"Note:Light shooting and different displays may cause the color of the item in the picture a little different from the real thing.\"><br \/>M\u00e4rkus: Valgus ja\u00a0muud tegurid v\u00f5ivad pildil oleva objekti v\u00e4rvi natuke muuta, pannes ta erinema tegelikust tootest. <\/span><span title=\"The measurement allowed error is +\/- 1-3cm.\">M\u00f5\u00f5te lubatud eksimus on +\/- 1-3 cm.<\/span><br \/><\/span><\/div>\n<div><\/div>\n<p><\/p>","protected":false},"excerpt":{"rendered":"<p><span id=\"result_box\" lang=\"et\" xml:lang=\"et\"><span title=\"Melting Clock design inspired by Salvador Dali's surrealism artwork &quot;The Persistence of Memory&quot; .\"><strong>Sulava kella<\/strong> disain on inspireeritud Salvador Dali s\u00fcrrealistlikust kunstiteosest &#8220;M\u00e4lu p\u00fcsivus&#8221;.<br \/><\/span><span title=\"With this eye-catching Dali-esque clock, time doesn't stop, it simply melts away!\"><br \/>Selle pilkup\u00fc\u00fcdva Dali kellaaeg ei peatu, vaid lihtsalt sulab \u00e4ra!<br \/><\/span><span title=\"Designed to look like a large pocket watch complete with a winder on top, this stylish timepiece is perfectly balanced to hang off any flat surface securely, creating a visual &quot;melting&quot; effect.What's more, thanks to the clock's quartz precision movement, it keeps\">Stiilne ajan\u00e4itaja on t\u00e4iesti tasakaalus,\u00a0p\u00fcsides\u00a0kindlalt igal lamedal pinnal ja luues visuaalse &#8220;sulamise&#8221; efekti. Veelgi enam, t\u00e4nu kvartsmehhanismi t\u00e4psusele saab j\u00e4lgida t\u00e4pset aega<\/span><span title=\"perfect track of the time - so no blaming your lateness on the fact that your clock just melted!\">\u00a0&#8211;\u00a0seega on sinu hilinemine seotud t\u00f5siasjaga, et\u00a0sinu kell lihtsalt sulas \u00e4ra!<br \/><\/span><span title=\"Turn your home into a seriously cool place with the Melting Clock.\">Tehke oma kodu \u00e4gedaks sellega, et teil\u00a0on <strong>sulav kell<\/strong>!<br \/><\/span><span title=\"It looks great on a fireplace mantle, it looks fantastic on a shelf, and it looks seriously cool just sitting on a sideboard.\"><br \/>Riiulil n\u00e4eb see v\u00e4lja fantastiline ja on t\u00f5siselt lahe. <\/span><span title=\"In fact, the melting Clock will be a talking point wherever you decide to put it!Made of plastic, this novelty clock features a silver effect border and black numerals.\">Tegelikult on <strong>sulav kell<\/strong> alati hea v\u00f5imalus vestluste alustamiseks, kuhu iganes sa selle \u00fcles paned! Plastikust valmistatud uudistootel on h\u00f5bedane \u00e4\u00e4ris ja mustad numbrid. Kruviga saab kinnitada t<\/span><span title=\"Can be fixed more safely with a screw.Dial on the back adjusts time.\">ugevamalt. Kellaaja seadistamine on tagak\u00fcljel.<br \/><\/span><\/span><\/p>\n","protected":false},"featured_media":77,"comment_status":"open","ping_status":"closed","template":"","meta":{"om_disable_all_campaigns":false,"_monsterinsights_skip_tracking":false,"_monsterinsights_sitenote_active":false,"_monsterinsights_sitenote_note":"","_monsterinsights_sitenote_category":0},"product_cat":[34],"product_tag":[],"class_list":{"0":"post-83","1":"product","2":"type-product","3":"status-publish","4":"has-post-thumbnail","6":"product_cat-kingitused-ja-kingiideed","9":"first","10":"outofstock","11":"taxable","12":"shipping-taxable","13":"purchasable","14":"product-type-simple"},"aioseo_notices":[],"_links":{"self":[{"href":"https:\/\/goodstore.eu\/en\/wp-json\/wp\/v2\/product\/83"}],"collection":[{"href":"https:\/\/goodstore.eu\/en\/wp-json\/wp\/v2\/product"}],"about":[{"href":"https:\/\/goodstore.eu\/en\/wp-json\/wp\/v2\/types\/product"}],"replies":[{"embeddable":true,"href":"https:\/\/goodstore.eu\/en\/wp-json\/wp\/v2\/comments?post=83"}],"wp:featuredmedia":[{"embeddable":true,"href":"https:\/\/goodstore.eu\/en\/wp-json\/wp\/v2\/media\/77"}],"wp:attachment":[{"href":"https:\/\/goodstore.eu\/en\/wp-json\/wp\/v2\/media?parent=83"}],"wp:term":[{"taxonomy":"product_cat","embeddable":true,"href":"https:\/\/goodstore.eu\/en\/wp-json\/wp\/v2\/product_cat?post=83"},{"taxonomy":"product_tag","embeddable":true,"href":"https:\/\/goodstore.eu\/en\/wp-json\/wp\/v2\/product_tag?post=83"}],"curies":[{"name":"wp","href":"https:\/\/api.w.org\/{rel}","templated":true}]}}