
{"id":848,"date":"2018-12-31T00:49:53","date_gmt":"2018-12-31T00:49:53","guid":{"rendered":"http:\/\/127.0.0.1\/wp\/product\/korvarongaste-komplekt-kruvikujulised-kuldsed\/"},"modified":"2025-01-06T15:16:09","modified_gmt":"2025-01-06T15:16:09","slug":"korvarongaste-komplekt-kruvikujulised-kuldsed","status":"publish","type":"product","link":"https:\/\/goodstore.eu\/en\/shop\/korvarongaste-komplekt-kruvikujulised-kuldsed\/","title":{"rendered":"K\u00f5rvar\u00f5ngaste komplekt, kruvikujulised, kuldsed"},"content":{"rendered":"<div><span style=\"font-size:16px;\">Materjal:\u00a0Roostevaba teras<br \/>L\u00fchikirjeldus: K\u00f5rge kvaliteediga, stiilne &#8211; ideaalne kink!<br \/>K\u00f5rvar\u00f5ngaste ligikaudsed m\u00f5\u00f5tmed:\u00a02,5cm x 0,7cm<\/span><\/div>\n<div><span style=\"font-size:16px;\">Komplekti kuulub: 2 x kuldne kruvi k\u00f5rvar\u00f5ngas<br \/><\/span><\/div>\n","protected":false},"excerpt":{"rendered":"<p>Siin on huvitav ja omap\u00e4rane toode, mida igast poest ei leia!<br \/>M\u00f5nikord on huvitav kinkida midagi v\u00e4ljaspool tavalist &#8211; siin need on!<br \/>Kipsikruvi kujulised k\u00f5rvar\u00f5ngad daamile v\u00f5i siis natuke nooremale daamile.<\/p>\n","protected":false},"featured_media":841,"comment_status":"open","ping_status":"closed","template":"","meta":{"om_disable_all_campaigns":false,"_monsterinsights_skip_tracking":false,"_monsterinsights_sitenote_active":false,"_monsterinsights_sitenote_note":"","_monsterinsights_sitenote_category":0},"product_cat":[34,36],"product_tag":[],"class_list":{"0":"post-848","1":"product","2":"type-product","3":"status-publish","4":"has-post-thumbnail","6":"product_cat-kingitused-ja-kingiideed","7":"product_cat-stiil-ja-mood","10":"first","11":"outofstock","12":"taxable","13":"shipping-taxable","14":"purchasable","15":"product-type-simple"},"aioseo_notices":[],"_links":{"self":[{"href":"https:\/\/goodstore.eu\/en\/wp-json\/wp\/v2\/product\/848"}],"collection":[{"href":"https:\/\/goodstore.eu\/en\/wp-json\/wp\/v2\/product"}],"about":[{"href":"https:\/\/goodstore.eu\/en\/wp-json\/wp\/v2\/types\/product"}],"replies":[{"embeddable":true,"href":"https:\/\/goodstore.eu\/en\/wp-json\/wp\/v2\/comments?post=848"}],"wp:featuredmedia":[{"embeddable":true,"href":"https:\/\/goodstore.eu\/en\/wp-json\/wp\/v2\/media\/841"}],"wp:attachment":[{"href":"https:\/\/goodstore.eu\/en\/wp-json\/wp\/v2\/media?parent=848"}],"wp:term":[{"taxonomy":"product_cat","embeddable":true,"href":"https:\/\/goodstore.eu\/en\/wp-json\/wp\/v2\/product_cat?post=848"},{"taxonomy":"product_tag","embeddable":true,"href":"https:\/\/goodstore.eu\/en\/wp-json\/wp\/v2\/product_tag?post=848"}],"curies":[{"name":"wp","href":"https:\/\/api.w.org\/{rel}","templated":true}]}}