
{"id":8634,"date":"2021-03-20T12:47:39","date_gmt":"2021-03-20T12:47:39","guid":{"rendered":"https:\/\/goodstore.eu\/?post_type=product&#038;p=8634"},"modified":"2023-07-14T19:25:55","modified_gmt":"2023-07-14T19:25:55","slug":"rannaplatud-kalakujulised-nr-38-39-jalale","status":"publish","type":"product","link":"https:\/\/www.goodstore.eu\/en\/shop\/rannaplatud-kalakujulised-nr-38-39-jalale\/","title":{"rendered":"Rannapl\u00e4tud kalakujulised"},"content":{"rendered":"<p><\/p>\n<div><span style=\"font-size: 16px;\">Materjal: PVC<br \/>\nL\u00fchikirjeldus: Sobivad meestele, naistele ja lastele<\/span><\/div>\n<div><span style=\"font-size: 16px;\">Pl\u00e4tu\u00a0pikkus: ca 29,5cm<\/span><\/div>\n<div>\n<p><span style=\"font-size: 16px;\">Pl\u00e4tu maksimaalne laius: ca 13cm<br \/>\nPl\u00e4tu maksimaalne k\u00f5rgus (paar): ca 13cm<\/span><\/p>\n<p>&nbsp;<\/p>\n<\/div>\n<p><\/p>","protected":false},"excerpt":{"rendered":"<p>Pehmed ja mugavad rannajalan\u00f5ud, mida on kerge kanda.<br \/>\nT\u00f5eline pilgup\u00fc\u00fcdja!<\/p>\n","protected":false},"featured_media":8633,"comment_status":"open","ping_status":"closed","template":"","meta":{"om_disable_all_campaigns":false,"_monsterinsights_skip_tracking":false,"_monsterinsights_sitenote_active":false,"_monsterinsights_sitenote_note":"","_monsterinsights_sitenote_category":0},"product_cat":[34,36],"product_tag":[180,183],"class_list":{"0":"post-8634","1":"product","2":"type-product","3":"status-publish","4":"has-post-thumbnail","6":"product_cat-kingitused-ja-kingiideed","7":"product_cat-stiil-ja-mood","8":"product_tag-rannaplatud-kalakujulised","9":"product_tag-rannaplatud-kalakujulised-38-39-jalale","12":"first","13":"instock","14":"sale","15":"taxable","16":"shipping-taxable","17":"purchasable","18":"product-type-simple"},"aioseo_notices":[],"_links":{"self":[{"href":"https:\/\/www.goodstore.eu\/en\/wp-json\/wp\/v2\/product\/8634"}],"collection":[{"href":"https:\/\/www.goodstore.eu\/en\/wp-json\/wp\/v2\/product"}],"about":[{"href":"https:\/\/www.goodstore.eu\/en\/wp-json\/wp\/v2\/types\/product"}],"replies":[{"embeddable":true,"href":"https:\/\/www.goodstore.eu\/en\/wp-json\/wp\/v2\/comments?post=8634"}],"wp:featuredmedia":[{"embeddable":true,"href":"https:\/\/www.goodstore.eu\/en\/wp-json\/wp\/v2\/media\/8633"}],"wp:attachment":[{"href":"https:\/\/www.goodstore.eu\/en\/wp-json\/wp\/v2\/media?parent=8634"}],"wp:term":[{"taxonomy":"product_cat","embeddable":true,"href":"https:\/\/www.goodstore.eu\/en\/wp-json\/wp\/v2\/product_cat?post=8634"},{"taxonomy":"product_tag","embeddable":true,"href":"https:\/\/www.goodstore.eu\/en\/wp-json\/wp\/v2\/product_tag?post=8634"}],"curies":[{"name":"wp","href":"https:\/\/api.w.org\/{rel}","templated":true}]}}