
{"id":8653,"date":"2021-03-29T10:24:29","date_gmt":"2021-03-29T10:24:29","guid":{"rendered":"https:\/\/goodstore.eu\/?post_type=product&#038;p=8653"},"modified":"2022-12-02T18:11:06","modified_gmt":"2022-12-02T18:11:06","slug":"lipsu-komplekt-tikitud-helesiniste-hobustega","status":"publish","type":"product","link":"https:\/\/www.goodstore.eu\/en\/shop\/lipsu-komplekt-tikitud-helesiniste-hobustega\/","title":{"rendered":"Exceptional Set of Necktie, Handkerchief and Cufflinks with Horse embroidery"},"content":{"rendered":"<p><\/p>\n<div><span style=\"font-size: 16px;\">Material: Hand made silk<br \/>\nL\u00fchikirjeldus: K\u00f5rgekvaliteediga, stiilne &#8211; ideaalne kink!<\/span><\/div>\n<div><span style=\"font-size: 16px;\">Lipsu pikkus: 150 cm<\/span><\/div>\n<div><span style=\"font-size: 16px;\">Maksimaalne laius: 8,5 cm<br \/>\nMinimaalne laius: 3,5 cm<br \/>\nRinnar\u00e4tiku m\u00f5\u00f5dud: 25 x 25 cm<br \/>\nPakend sisaldab: 1 x lips; 1 x rinnatasku r\u00e4tik (kaunistusr\u00e4tik), mansetin\u00f6\u00f6bid<br \/>\n<\/span><\/div>\n<div><span style=\"font-size: 16px;\"><br \/>\n<span style=\"color: #2600ff;\">NB! Toode pole pakendatud kinkekarpi. <a href=\"https:\/\/goodstore.eu\/shop\/tyhi-kinkekarp-lipsu-komplektile-ristkyliku-kujuline\/\"><em>Soovi korral saab selle eraldi juurde osta<\/em><\/a>.<\/span><\/span><\/div>\n<p><\/p>","protected":false},"excerpt":{"rendered":"<p><span id=\"result_box\" lang=\"et\" xml:lang=\"et\">Luksuslik ja kvaliteetne\u00a0k\u00e4sitsi valmistatud seotav lips siidkangast, mis tagab elegantse v\u00e4limuse igale stiiliteadlikule ja endast lugupidavale h\u00e4rras- v\u00f5i \u00e4rimehele.<br \/>\nLips on elastne ja seet\u00f5ttu on seda v\u00e4ga lihtne s\u00f5lmida.<\/span><\/p>\n<p>Hobused on lipsule tikitud, mitte tr\u00fckitud.<\/p>\n","protected":false},"featured_media":8655,"comment_status":"open","ping_status":"closed","template":"","meta":{"om_disable_all_campaigns":false,"_monsterinsights_skip_tracking":false,"_monsterinsights_sitenote_active":false,"_monsterinsights_sitenote_note":"","_monsterinsights_sitenote_category":0},"product_cat":[40,34,36,38],"product_tag":[],"class_list":{"0":"post-8653","1":"product","2":"type-product","3":"status-publish","4":"has-post-thumbnail","6":"product_cat-lipsud-lipsukomplektid-ja-erilised-lipsud","7":"product_cat-kingitused-ja-kingiideed","8":"product_cat-stiil-ja-mood","9":"product_cat-lipsud-komplektid-ja-erilised-lipsud","12":"first","13":"instock","14":"taxable","15":"shipping-taxable","16":"purchasable","17":"product-type-simple"},"aioseo_notices":[],"_links":{"self":[{"href":"https:\/\/www.goodstore.eu\/en\/wp-json\/wp\/v2\/product\/8653"}],"collection":[{"href":"https:\/\/www.goodstore.eu\/en\/wp-json\/wp\/v2\/product"}],"about":[{"href":"https:\/\/www.goodstore.eu\/en\/wp-json\/wp\/v2\/types\/product"}],"replies":[{"embeddable":true,"href":"https:\/\/www.goodstore.eu\/en\/wp-json\/wp\/v2\/comments?post=8653"}],"wp:featuredmedia":[{"embeddable":true,"href":"https:\/\/www.goodstore.eu\/en\/wp-json\/wp\/v2\/media\/8655"}],"wp:attachment":[{"href":"https:\/\/www.goodstore.eu\/en\/wp-json\/wp\/v2\/media?parent=8653"}],"wp:term":[{"taxonomy":"product_cat","embeddable":true,"href":"https:\/\/www.goodstore.eu\/en\/wp-json\/wp\/v2\/product_cat?post=8653"},{"taxonomy":"product_tag","embeddable":true,"href":"https:\/\/www.goodstore.eu\/en\/wp-json\/wp\/v2\/product_tag?post=8653"}],"curies":[{"name":"wp","href":"https:\/\/api.w.org\/{rel}","templated":true}]}}