
{"id":8832,"date":"2021-12-19T13:35:14","date_gmt":"2021-12-19T13:35:14","guid":{"rendered":"https:\/\/goodstore.eu\/?post_type=product&#038;p=8832"},"modified":"2025-01-21T22:48:08","modified_gmt":"2025-01-21T22:48:08","slug":"mudelauto-saab-9-x-air-biohubriid-m2008-143","status":"publish","type":"product","link":"https:\/\/goodstore.eu\/en\/shop\/mudelauto-saab-9-x-air-biohubriid-m2008-143\/","title":{"rendered":"Scale Model SAAB 9-x Air BioHybrid (with roof) 1:43 Limited Edition"},"content":{"rendered":"<p>For sale brand a new and rare gem for your model car collection!<br \/>\nThe model car is an exact replica of <a href=\"https:\/\/www.motorauthority.com\/news\/1023458_saab-looking-to-downsize-next-generation-models\"><em><span style=\"color: #0000ff;\">the next generation Cabrio<\/span><\/em><\/a>\u00a0that is exponated at the <a href=\"https:\/\/automuseums.info\/sweden\/saab-car-museum\"><em><span style=\"color: #0000ff;\">SAAB Car Museum<\/span><\/em><\/a>. The model car was first sold in Estonia, and sales will probably spread to other countries later.<br \/>\nHighly Collectible Made by Hand Entirely, Scale Model SAAB 9-x Air BioHybrid M2008 Concept Car<br \/>\n<strong><span style=\"color: #333399;\">With Roof On version (roof is not removable body part)<\/span><\/strong><br \/>\nColor: Silver Metallic<br \/>\nMaterial: Resin<br \/>\nin Scale 1:43<br \/>\nLimited edition: 100 pcs<br \/>\n_________________________________<br \/>\n<strong><span style=\"color: #000080;\">Technical Specification of the SAAB 9-x Air BioPower<\/span><\/strong><br \/>\nThe car has 4 seats, 2-doors body.<br \/>\nEngine: 1,4 L. (1398cc) turbo charged 200 Hp<br \/>\n<strong><span style=\"color: #000080;\">Saab BioPower Engine:<\/span><\/strong><br \/>\nTransversely-mounted, Front Wheel Drive<br \/>\nFour cylinders Bore\/stroke: 73.4\/ 82.6 mm. Aluminum cylinder head, cast iron block<br \/>\nDOHC, chain-driven. Four valves per cylinder.<br \/>\nForged steel crankshaft, steel connecting rods. Aluminum pistons, oil spray cooled.<br \/>\nDirect Injection with centrally-mounted injectors. VVT, inlet and exhaust<br \/>\nSodium-filled exhaust valves<br \/>\nCompression Ratio: 10.2: 1<br \/>\nIntercooled turbocharger. Max. Boost Pressure: 1.6 bar<br \/>\nDual-mass flywheel. Saab engine management<\/p>\n<p>Max power (E85): 200 hp (147 kW) @ 5000 rpm.<br \/>\nMax.torque (E85): 280 Nm (207 lb.ft) @ 1750-5000 rpm<br \/>\nMax power (petrol): 170 hp (125 kW) @ 5200 rpm.<br \/>\nMax.torque (petrol): 230 Nm (170 lb.ft) @ 1500-5200 rpm<\/p>\n<p><span style=\"color: #000080;\"><strong>Transmission:<\/strong><\/span><br \/>\n6-speed manual gearbox, automated clutch, sequential gear selection, steering wheel controls.<\/p>\n<p><strong><span style=\"color: #000080;\">Hybrid System:<\/span><\/strong><br \/>\nElectric motor\/generator with lithium-ion battery pack.<br \/>\nElectric power boost, regenerative braking, fuel cut-off, automatic engine re-start<\/p>\n<p><strong><span style=\"color: #000080;\">Suspension:<\/span><\/strong><br \/>\nFront: Damper\/coil struts, aluminum lower A-arm. Anti-roll bar.<br \/>\nRear: Torsion beam, two trailing links, coil springs and dampers. Anti-roll bar<br \/>\nSteering: Rack and pinion, Electrical power assistance.<br \/>\nSteering wheel on the left side (LHD)<\/p>\n<p><strong><span style=\"color: #000080;\">Measurements and Weight:<\/span><\/strong><br \/>\nThe car Length: 4427 mm<br \/>\nThe car Height: 1390 mm<br \/>\nThe car Width: 1826 mm<br \/>\nWheelbase: 2705 mm<br \/>\nWeight: 1 800 kg<br \/>\n<strong><span style=\"color: #000080;\">Wheels, Tires:<\/span><\/strong><br \/>\nWheels\/rims: 21 inch; 9-spoke &#8220;Turbine&#8221;<br \/>\nTires: 245-35-R21<\/p>\n<p><strong><span style=\"color: #000080;\">Brakes:<\/span><\/strong><br \/>\nHydraulic, dual circuit, vacuum booster. Discs: 345 mm \/ 345 mm (all ventilated)<\/p>\n<p><strong><span style=\"color: #000080;\">Performance Data:<\/span><\/strong><br \/>\n(projected figures)<\/p>\n<p>0 &#8211; 100 km\/h (0-62 mph): 8.1 secs (E85)<\/p>\n<p>80 -120 km\/h (50-75 mph), 5th gear: 8.9 secs (E85)<\/p>\n<p>Top Speed: 231 km\/h \/ 144 mph (E85)<\/p>\n<p>Fuel consumption (combined cycle): 6.5 l\/100km (E85)<br \/>\n5.0 l\/100km (gasoline)<\/p>\n<p>CO2 emissions 107 g\/km (E85)<br \/>\n119 g\/km (gasoline)<\/p>\n<p><em>Source: SAAB<\/em><\/p>\n<p>#saab #9xAir #saabconcept #conceptcar #biohybrid #convertible #cabriolet #bestdesign #scandinaviandesign #madeinsweden #turbo<\/p>","protected":false},"excerpt":{"rendered":"<p>Tootja:\u00a0Palm &amp; Co O\u00dc mudelautod<br \/>\nSeisukord: Uus\u00a0 (valminud k\u00e4sit\u00f6\u00f6na!)<br \/>\n<strong><span style=\"color: #800080;\">Antud mudelautosid on toodetud vaid 100 t\u00fckki!<\/span><\/strong><\/p>\n<p><span style=\"color: #000000;\">SAAB 9-x Airi kontseptsiooni n\u00e4ol on tegemist neljaistmelise kabrioletiga, mida esitleti <a href=\"https:\/\/en.wikipedia.org\/wiki\/2008_Paris_Motor_Show\"><em><span style=\"color: #0000ff;\">2008. aasta Pariisi auton\u00e4itus<\/span><\/em><\/a>el. See on SAAB 9-x Biohybridi uue p\u00f5lvkonna kabriolettversioon, mille presentkatus kannab SAABi inseneride poolt nimetatuna &#8220;Canopy Top&#8221;.<br \/>\nSAAB 9-x Airil on p\u00f5him\u00f5tteliselt samad v\u00e4lised tunnused nagu teistel SAABi mudelitel. Stiilipuhas ja liigsete detailideta saabilikult \u00e4ratuntav esiosa sobib autole v\u00e4ga h\u00e4sti.<br \/>\n9-x Airi k\u00f5ige silmatorkavam omadus on aga ebatavaline kabriolettkatus ja l\u00e4ngus tagaosa. Teiseks ebatavaliseks komponendiks on Saab integreerinud tagaakna kere tagumisse osasse (harilikult on tagaaken kabriotel osa katusest), akent saab t\u00f5sta v\u00f5i alla lasta elektrooniliselt.<br \/>\nSAAB 9-x Airi kontseptsioonauto interj\u00f6\u00f6ri iseloomustavad puhtad stiilijooned ja selgelt piiritletud juhitsoon, mille t\u00f5stab esile valge viimistlus. S\u00f5itjate tsoonid on stiliseeritud nii ees kui taga ja on \u00fcmbritsetud musta viimistlusega. T\u00e4iustatud on digitaalset armatuurlauda mis asetseb \u00fcmber juhi kaarjalt ja pakub teavet v\u00e4ga erilise disainiga ning helendavas rohelises valgustoonis.<br \/>\nSAAB 9-x Airi ideeauto j\u00f5uallikaks esipaigutusega 1,4-liitrine turbomootor, mida saab k\u00fctta ka E85 biok\u00fctusega. Hybriidajamiga teeb koost\u00f6\u00f6d liitiumioon aku toitel elektrimootor. J\u00f5udu edastab esiratastele kuuek\u00e4iguline k\u00e4sitsi valitav automaatsiduriga k\u00e4igukast.<br \/>\n<em>Allikas:<\/em><\/span><strong><span style=\"color: #800080;\"><em><a href=\"https:\/\/www.saabplanet.com\/\"><span style=\"color: #0000ff;\">@saabplanet.com<\/span><\/a><\/em><br \/>\n<\/span><\/strong><\/p>\n<p><span style=\"color: #999999;\">&#8220;#saab&#8221; &#8220;#concept&#8221; &#8220;#limitededition&#8221; &#8220;#modelcar&#8221; &#8220;#143&#8221; &#8220;#9xAir&#8221; &#8220;#collectorsitem&#8221;<\/span><\/p>\n","protected":false},"featured_media":8846,"comment_status":"open","ping_status":"closed","template":"","meta":{"om_disable_all_campaigns":false,"_monsterinsights_skip_tracking":false,"_monsterinsights_sitenote_active":false,"_monsterinsights_sitenote_note":"","_monsterinsights_sitenote_category":0},"product_cat":[31,35],"product_tag":[188,197,198,203,190,205,202,206,189,204],"class_list":{"0":"post-8832","1":"product","2":"type-product","3":"status-publish","4":"has-post-thumbnail","6":"product_brand-palm-co","7":"product_cat-avalehele","8":"product_cat-mudelautod","9":"product_tag-1-43","10":"product_tag-collectible","11":"product_tag-collectible-model-car","12":"product_tag-limited-edition","13":"product_tag-model-car","14":"product_tag-prototype","15":"product_tag-saab-9-x-air-biohybrid","16":"product_tag-saab-concept-car","17":"product_tag-scale-model","18":"product_tag-scale-model-saab-9-x-air-biohybrid","19":"pa_kere-varv-hobedane-metallik","20":"pa_mootkava-147","23":"first","24":"instock","25":"sale","26":"taxable","27":"shipping-taxable","28":"purchasable","29":"product-type-simple"},"aioseo_notices":[],"_links":{"self":[{"href":"https:\/\/goodstore.eu\/en\/wp-json\/wp\/v2\/product\/8832"}],"collection":[{"href":"https:\/\/goodstore.eu\/en\/wp-json\/wp\/v2\/product"}],"about":[{"href":"https:\/\/goodstore.eu\/en\/wp-json\/wp\/v2\/types\/product"}],"replies":[{"embeddable":true,"href":"https:\/\/goodstore.eu\/en\/wp-json\/wp\/v2\/comments?post=8832"}],"wp:featuredmedia":[{"embeddable":true,"href":"https:\/\/goodstore.eu\/en\/wp-json\/wp\/v2\/media\/8846"}],"wp:attachment":[{"href":"https:\/\/goodstore.eu\/en\/wp-json\/wp\/v2\/media?parent=8832"}],"wp:term":[{"taxonomy":"product_cat","embeddable":true,"href":"https:\/\/goodstore.eu\/en\/wp-json\/wp\/v2\/product_cat?post=8832"},{"taxonomy":"product_tag","embeddable":true,"href":"https:\/\/goodstore.eu\/en\/wp-json\/wp\/v2\/product_tag?post=8832"}],"curies":[{"name":"wp","href":"https:\/\/api.w.org\/{rel}","templated":true}]}}