
{"id":8948,"date":"2022-12-07T16:28:59","date_gmt":"2022-12-07T16:28:59","guid":{"rendered":"https:\/\/goodstore.eu\/?post_type=product&#038;p=8948"},"modified":"2025-01-06T15:16:09","modified_gmt":"2025-01-06T15:16:09","slug":"kohvitass-ekskavaatori-kopp-keraamiline-kollane","status":"publish","type":"product","link":"https:\/\/goodstore.eu\/en\/shop\/kohvitass-ekskavaatori-kopp-keraamiline-kollane\/","title":{"rendered":"Coffee Mug Excavator Bucket, Ceramic, in Yellow"},"content":{"rendered":"<p><\/p>\n<div>\n<div>\n<p>Sobib koduseks kasutuseks; vesi-piim-tee-kohvi vedelikele<\/p>\n<div>\n<p>Toote t\u00fc\u00fcp: Kuuma joogi kruus<br \/>\n<span style=\"color: #000000;\"><span style=\"font-family: Verdana, Arial, Helvetica, sans-serif;\"><span style=\"font-size: 12pt;\">Mater<\/span><\/span><\/span><span style=\"color: #000000;\"><span style=\"font-family: Verdana, Arial, Helvetica, sans-serif;\"><span style=\"font-size: 12pt;\">j<\/span><\/span><\/span><span style=\"color: #000000;\"><span style=\"font-family: Verdana, Arial, Helvetica, sans-serif;\"><span style=\"font-size: 12pt;\">al: <\/span><\/span><\/span><span style=\"color: #000000;\"><span style=\"font-family: Verdana, Arial, Helvetica, sans-serif;\"><span style=\"font-size: 12pt;\">Keraamika<br \/>\n<\/span><\/span><\/span><span style=\"color: #000000;\"><span style=\"font-family: Verdana, Arial, Helvetica, sans-serif;\"><span style=\"font-size: 12pt;\">Pakend sisaldab<\/span><\/span><\/span><span style=\"color: #000000;\"><span style=\"font-family: Verdana, Arial, Helvetica, sans-serif;\"><span style=\"font-size: 12pt;\">: 1 x kohvitass<\/span><\/span><\/span><span style=\"color: #000000;\"><span style=\"font-family: Verdana, Arial, Helvetica, sans-serif;\"><span style=\"font-size: 12pt;\"><br \/>\n<\/span><\/span><\/span><span style=\"color: #000000;\"><span style=\"font-family: Verdana, Arial, Helvetica, sans-serif;\"><span style=\"font-size: 12pt;\">Omadus<\/span><\/span><\/span><span style=\"color: #000000;\"><span style=\"font-family: Verdana, Arial, Helvetica, sans-serif;\"><span style=\"font-size: 12pt;\">: <\/span><\/span><\/span><span style=\"color: #000000;\"><span style=\"font-family: Verdana, Arial, Helvetica, sans-serif;\"><span style=\"font-size: 12pt;\">Looduss\u00f5bralik, tervisele kahjutu, toiduainetele sobiv<br \/>\n<\/span><\/span><\/span><span style=\"color: #000000;\"><span style=\"font-family: Verdana, Arial, Helvetica, sans-serif;\"><span style=\"font-size: 12pt;\">Kuju<\/span><\/span><\/span><span style=\"color: #000000;\"><span style=\"font-family: Verdana, Arial, Helvetica, sans-serif;\"><span style=\"font-size: 12pt;\">: S<\/span><\/span><\/span><span style=\"color: #000000;\"><span style=\"font-family: Verdana, Arial, Helvetica, sans-serif;\"><span style=\"font-size: 12pt;\">angaga kohvitass<br \/>\n<\/span><\/span><\/span><span style=\"color: #000000;\"><span style=\"font-family: Verdana, Arial, Helvetica, sans-serif;\"><span style=\"font-size: 12pt;\">Tassi mahtuvus<\/span><\/span><\/span><span style=\"color: #000000;\"><span style=\"font-family: Verdana, Arial, Helvetica, sans-serif;\"><span style=\"font-size: 12pt;\">: 200ml <\/span><\/span><\/span><span style=\"color: #000000;\"><span style=\"font-family: Verdana, Arial, Helvetica, sans-serif;\"><span style=\"font-size: 12pt;\">igap\u00e4evaseks kasutamiseks<br \/>\nToote m\u00f5\u00f5dud (K\u00f5rgus x Laius x Pikkus koos sangaga): 7.00 x 8.00 x 12.00 cm<br \/>\n<\/span><\/span><\/span><\/p>\n<\/div>\n<div><span style=\"color: #000000;\"><span style=\"font-family: Verdana, Arial, Helvetica, sans-serif;\"><span style=\"font-size: 12pt;\">Pakendi m\u00f5\u00f5dud<\/span><\/span><\/span><span style=\"color: #000000;\"><span style=\"font-family: Verdana, Arial, Helvetica, sans-serif;\"><span style=\"font-size: 12pt;\"> (<\/span><\/span><\/span><span style=\"color: #000000;\"><span style=\"font-family: Verdana, Arial, Helvetica, sans-serif;\"><span style=\"font-size: 12pt;\">P<\/span><\/span><\/span><span style=\"color: #000000;\"><span style=\"font-family: Verdana, Arial, Helvetica, sans-serif;\"><span style=\"font-size: 12pt;\"> x <\/span><\/span><\/span><span style=\"color: #000000;\"><span style=\"font-family: Verdana, Arial, Helvetica, sans-serif;\"><span style=\"font-size: 12pt;\">L<\/span><\/span><\/span><span style=\"color: #000000;\"><span style=\"font-family: Verdana, Arial, Helvetica, sans-serif;\"><span style=\"font-size: 12pt;\"> x <\/span><\/span><\/span><span style=\"color: #000000;\"><span style=\"font-family: Verdana, Arial, Helvetica, sans-serif;\"><span style=\"font-size: 12pt;\">K<\/span><\/span><\/span><span style=\"color: #000000;\"><span style=\"font-family: Verdana, Arial, Helvetica, sans-serif;\"><span style=\"font-size: 12pt;\">): 11.00 x 13.00 x 10.50 cm<br \/>\n<\/span><\/span><\/span><span style=\"color: #000000;\"><span style=\"font-family: Verdana, Arial, Helvetica, sans-serif;\"><span style=\"font-size: 12pt;\">Pakendi brutokaal<\/span><\/span><\/span><span style=\"color: #000000;\"><span style=\"font-family: Verdana, Arial, Helvetica, sans-serif;\"><span style=\"font-size: 12pt;\">: 0.350 kg<br \/>\n<\/span><\/span><\/span><span style=\"color: #000000;\"><span style=\"font-family: Verdana, Arial, Helvetica, sans-serif;\"><span style=\"font-size: 12pt;\">Toote kaal<\/span><\/span><\/span><span style=\"color: #000000;\"><span style=\"font-family: Verdana, Arial, Helvetica, sans-serif;\"><span style=\"font-size: 12pt;\">: 0.250 kg\u00a0<\/span><\/span><\/span><\/div>\n<div>\n<p><span style=\"font-size: 16px;\">\u00a0<\/span><span style=\"font-size: 12pt;\"><span lang=\"et-ee\" xml:lang=\"et-ee\"><span style=\"text-decoration: underline;\"><b>P\u00f5hio<\/b><\/span><\/span><\/span><span style=\"font-size: 12pt;\"><span lang=\"et-ee\" xml:lang=\"et-ee\"><span style=\"text-decoration: underline;\"><b>madus<\/b><\/span><\/span><\/span><span style=\"font-size: 12pt;\"><span lang=\"et-ee\" xml:lang=\"et-ee\"><span style=\"text-decoration: underline;\"><b>ed:<\/b><\/span><\/span><\/span><\/p>\n<p>\u25cf\u00a0\u00c4geda<span style=\"font-size: 12pt;\"><span lang=\"et-ee\" xml:lang=\"et-ee\">\u00a0disainiga, <\/span><\/span><span style=\"font-size: 12pt;\"><span lang=\"et-ee\" xml:lang=\"et-ee\">keraamilise glasuuriga kaetud tass.<\/span><\/span><span style=\"font-size: 12pt;\"><span lang=\"et-ee\" xml:lang=\"et-ee\"><br \/>\n<\/span><\/span><span style=\"font-size: 12pt;\"><span lang=\"et-ee\" xml:lang=\"et-ee\">\u25cf Valmistatud keraamilisest, siledast tekstuurist <\/span><\/span><span style=\"font-size: 12pt;\"><span lang=\"et-ee\" xml:lang=\"et-ee\">mis<\/span><\/span><span style=\"font-size: 12pt;\"><span lang=\"et-ee\" xml:lang=\"et-ee\"> ei <\/span><\/span><span style=\"font-size: 12pt;\"><span lang=\"et-ee\" xml:lang=\"et-ee\">tee haiget tundlikele huultele.<\/span><\/span><span style=\"font-size: 12pt;\"><span lang=\"et-ee\" xml:lang=\"et-ee\"><br \/>\n\u25cf Sobib sooja vee, tee, kohvi v\u00f5i muude jookide jaoks<br \/>\n<\/span><\/span><span style=\"color: #ff0000;\"><span style=\"font-size: 12pt;\"><span lang=\"et-ee\" xml:lang=\"et-ee\"><b>\u25cf Ei ole m\u00f5eldud mikrolaineahjus kasutamiseks v\u00f5i n\u00f5udepesumasinas pesemiseks<\/b><\/span><\/span><\/span><b> <\/b><\/p>\n<\/div>\n<\/div>\n<div>\n<div><\/div>\n<div><\/div>\n<\/div>\n<\/div>\n<p><\/p>","protected":false},"excerpt":{"rendered":"<p>On sul m\u00f5nikord k\u00f5igest kopp ees?<\/p>\n<p>Selleks, et keegi sind sel ajal ei t\u00fclitaks, osta endale kohvitass ekskavaatori kopp. Kui sa selle enda ette lauale asetad, siis on k\u00f5igile selge, et on parem sind mitte t\u00fclitada! \ud83d\ude42<\/p>\n<p>Tegemist on v\u00e4ga kena kohvitassiga, kuhu mahub sinu lemmikjooki 0.200 liitrit!<\/p>\n<p>Selle kruusi omanikuna ei j\u00f5ua sa \u00e4ra oodata millal j\u00e4lle kopp ette tuleb!<\/p>\n","protected":false},"featured_media":8954,"comment_status":"open","ping_status":"closed","template":"","meta":{"om_disable_all_campaigns":false,"_monsterinsights_skip_tracking":false,"_monsterinsights_sitenote_active":false,"_monsterinsights_sitenote_note":"","_monsterinsights_sitenote_category":0},"product_cat":[34,41],"product_tag":[],"class_list":{"0":"post-8948","1":"product","2":"type-product","3":"status-publish","4":"has-post-thumbnail","6":"product_cat-kingitused-ja-kingiideed","7":"product_cat-tassid-ja-klaasid-igale-maitsele","10":"first","11":"instock","12":"taxable","13":"shipping-taxable","14":"purchasable","15":"product-type-simple"},"aioseo_notices":[],"_links":{"self":[{"href":"https:\/\/goodstore.eu\/en\/wp-json\/wp\/v2\/product\/8948"}],"collection":[{"href":"https:\/\/goodstore.eu\/en\/wp-json\/wp\/v2\/product"}],"about":[{"href":"https:\/\/goodstore.eu\/en\/wp-json\/wp\/v2\/types\/product"}],"replies":[{"embeddable":true,"href":"https:\/\/goodstore.eu\/en\/wp-json\/wp\/v2\/comments?post=8948"}],"wp:featuredmedia":[{"embeddable":true,"href":"https:\/\/goodstore.eu\/en\/wp-json\/wp\/v2\/media\/8954"}],"wp:attachment":[{"href":"https:\/\/goodstore.eu\/en\/wp-json\/wp\/v2\/media?parent=8948"}],"wp:term":[{"taxonomy":"product_cat","embeddable":true,"href":"https:\/\/goodstore.eu\/en\/wp-json\/wp\/v2\/product_cat?post=8948"},{"taxonomy":"product_tag","embeddable":true,"href":"https:\/\/goodstore.eu\/en\/wp-json\/wp\/v2\/product_tag?post=8948"}],"curies":[{"name":"wp","href":"https:\/\/api.w.org\/{rel}","templated":true}]}}