
{"id":895,"date":"2019-01-04T22:55:09","date_gmt":"2019-01-04T22:55:09","guid":{"rendered":"http:\/\/127.0.0.1\/wp\/product\/votmehoidja-vantvoll\/"},"modified":"2019-01-04T22:55:09","modified_gmt":"2019-01-04T22:55:09","slug":"votmehoidja-vantvoll","status":"publish","type":"product","link":"https:\/\/goodstore.eu\/en\/shop\/votmehoidja-vantvoll\/","title":{"rendered":"V\u00f5tmehoidja &#8220;v\u00e4ntv\u00f5ll&#8221;"},"content":{"rendered":"<p><span><span style=\"color:#000000;\"><span style=\"font-family:Verdana, Arial, Helvetica, sans-serif;\"><span style=\"font-size:12pt;\"><span style=\"font-size:12pt;\">Mudel:\u00a0Autoalane meene<\/span><br \/><span style=\"font-size:12pt;\">Materjal: Metalli sulam, tsink<\/span><br \/><span style=\"font-size:12pt;\">M\u00f5\u00f5dud:\u00a0<\/span><span style=\"font-size:16px;\">65mm x 32mm x 18mm (2.6&#8243; x 1.28&#8243; x 0.72&#8243;)<\/span><br \/><span style=\"font-size:12pt;\">Kaal: 50g<\/span><\/p>\n<p><\/span><\/span><\/span><\/span><\/p>\n","protected":false},"excerpt":{"rendered":"<p>Autof\u00e4nnil on\u00a0p\u00e4ris raske leida n\u00e4gusat ja vastupidavat v\u00f5tmehoidjat, kuna maailm on \u00fcha rohkem ja rohkem plastmassistumas.<\/p>\n<p>Siin on n\u00fc\u00fcd v\u00f5imalus, mida ei tasu naljalt k\u00e4est lasta!<\/p>\n<p>Toode\u00a0on valmistatud metallist. V\u00e4ga k\u00f5rge kvaliteediga!<\/p>\n","protected":false},"featured_media":890,"comment_status":"open","ping_status":"closed","template":"","meta":{"om_disable_all_campaigns":false,"_monsterinsights_skip_tracking":false,"_monsterinsights_sitenote_active":false,"_monsterinsights_sitenote_note":"","_monsterinsights_sitenote_category":0},"product_cat":[34],"product_tag":[],"class_list":{"0":"post-895","1":"product","2":"type-product","3":"status-publish","4":"has-post-thumbnail","6":"product_cat-kingitused-ja-kingiideed","9":"first","10":"instock","11":"taxable","12":"shipping-taxable","13":"purchasable","14":"product-type-simple"},"aioseo_notices":[],"_links":{"self":[{"href":"https:\/\/goodstore.eu\/en\/wp-json\/wp\/v2\/product\/895"}],"collection":[{"href":"https:\/\/goodstore.eu\/en\/wp-json\/wp\/v2\/product"}],"about":[{"href":"https:\/\/goodstore.eu\/en\/wp-json\/wp\/v2\/types\/product"}],"replies":[{"embeddable":true,"href":"https:\/\/goodstore.eu\/en\/wp-json\/wp\/v2\/comments?post=895"}],"wp:featuredmedia":[{"embeddable":true,"href":"https:\/\/goodstore.eu\/en\/wp-json\/wp\/v2\/media\/890"}],"wp:attachment":[{"href":"https:\/\/goodstore.eu\/en\/wp-json\/wp\/v2\/media?parent=895"}],"wp:term":[{"taxonomy":"product_cat","embeddable":true,"href":"https:\/\/goodstore.eu\/en\/wp-json\/wp\/v2\/product_cat?post=895"},{"taxonomy":"product_tag","embeddable":true,"href":"https:\/\/goodstore.eu\/en\/wp-json\/wp\/v2\/product_tag?post=895"}],"curies":[{"name":"wp","href":"https:\/\/api.w.org\/{rel}","templated":true}]}}