
{"id":8960,"date":"2022-12-09T21:57:28","date_gmt":"2022-12-09T21:57:28","guid":{"rendered":"https:\/\/goodstore.eu\/?post_type=product&#038;p=8960"},"modified":"2024-11-26T20:45:52","modified_gmt":"2024-11-26T20:45:52","slug":"eksklusiivne-seotava-lipsu-kompl-poimitud-pronks","status":"publish","type":"product","link":"https:\/\/goodstore.eu\/en\/shop\/eksklusiivne-seotava-lipsu-kompl-poimitud-pronks\/","title":{"rendered":"Exclusive Set of Necktie, Handkerchief and Cufflinks in Braided Bronze"},"content":{"rendered":"<p><\/p>\n<div><span style=\"font-size: 16px;\">Materjal:\u00a0K\u00e4sitsi tehtud siid<br \/>\nL\u00fchikirjeldus: K\u00f5rgekvaliteediga ja stiilne toode &#8211; ideaalne kink!<\/span><\/div>\n<div><span style=\"font-size: 16px;\">Lipsu pikkus: 150cm<\/span><\/div>\n<div><span style=\"font-size: 16px;\">Maksimaalne laius: 8,5cm<br \/>\nMinimaalne laius: 3,5cm<br \/>\nRinnataskur\u00e4tiku m\u00f5\u00f5dud: 21cm x 21cm<\/span><\/div>\n<div>\n<p><span style=\"font-size: 16px;\">Kinkekarbi komplekti kuulub: 1 X lips, 1 X taskur\u00e4tik, 1\u00a0paar man\u017eetin\u00f6\u00f6pe<\/span><\/p>\n<p><span style=\"font-size: 16px;\"><span style=\"color: #2600ff;\">NB! Toode pole pakendatud kinkekarpi. <a href=\"https:\/\/goodstore.eu\/shop\/tyhi-kinkekarp-lipsu-komplektile-ristkyliku-kujuline\/\"><em>Soovi korral saab selle eraldi juurde osta<\/em><\/a>.<\/span><\/span><\/p>\n<\/div>\n<p><\/p>","protected":false},"excerpt":{"rendered":"<p><span id=\"result_box\" lang=\"et\" xml:lang=\"et\">Kvaliteetne k\u00e4sitsi tehtud siid, mis tagab elegantse v\u00e4limuse igale endast lugupidavale h\u00e4rras- v\u00f5i \u00e4rimehele.<br \/>\nLips on elastne ja seet\u00f5ttu on seda v\u00e4ga lihtne s\u00f5lmida.<\/span><\/p>\n","protected":false},"featured_media":8956,"comment_status":"open","ping_status":"closed","template":"","meta":{"om_disable_all_campaigns":false,"_monsterinsights_skip_tracking":false,"_monsterinsights_sitenote_active":false,"_monsterinsights_sitenote_note":"","_monsterinsights_sitenote_category":0},"product_cat":[40,34,36,38],"product_tag":[],"class_list":{"0":"post-8960","1":"product","2":"type-product","3":"status-publish","4":"has-post-thumbnail","6":"product_cat-lipsud-lipsukomplektid-ja-erilised-lipsud","7":"product_cat-kingitused-ja-kingiideed","8":"product_cat-stiil-ja-mood","9":"product_cat-lipsud-komplektid-ja-erilised-lipsud","12":"first","13":"outofstock","14":"taxable","15":"shipping-taxable","16":"purchasable","17":"product-type-simple"},"aioseo_notices":[],"_links":{"self":[{"href":"https:\/\/goodstore.eu\/en\/wp-json\/wp\/v2\/product\/8960"}],"collection":[{"href":"https:\/\/goodstore.eu\/en\/wp-json\/wp\/v2\/product"}],"about":[{"href":"https:\/\/goodstore.eu\/en\/wp-json\/wp\/v2\/types\/product"}],"replies":[{"embeddable":true,"href":"https:\/\/goodstore.eu\/en\/wp-json\/wp\/v2\/comments?post=8960"}],"wp:featuredmedia":[{"embeddable":true,"href":"https:\/\/goodstore.eu\/en\/wp-json\/wp\/v2\/media\/8956"}],"wp:attachment":[{"href":"https:\/\/goodstore.eu\/en\/wp-json\/wp\/v2\/media?parent=8960"}],"wp:term":[{"taxonomy":"product_cat","embeddable":true,"href":"https:\/\/goodstore.eu\/en\/wp-json\/wp\/v2\/product_cat?post=8960"},{"taxonomy":"product_tag","embeddable":true,"href":"https:\/\/goodstore.eu\/en\/wp-json\/wp\/v2\/product_tag?post=8960"}],"curies":[{"name":"wp","href":"https:\/\/api.w.org\/{rel}","templated":true}]}}