
{"id":8967,"date":"2022-12-14T15:47:13","date_gmt":"2022-12-14T15:47:13","guid":{"rendered":"https:\/\/goodstore.eu\/?post_type=product&#038;p=8967"},"modified":"2022-12-14T16:19:10","modified_gmt":"2022-12-14T16:19:10","slug":"esinduslik-seotava-lipsu-kompl-sinimustvalge-lilleline","status":"publish","type":"product","link":"https:\/\/goodstore.eu\/en\/shop\/esinduslik-seotava-lipsu-kompl-sinimustvalge-lilleline\/","title":{"rendered":"Presentable Set of Necktie, Handkerchief and Cufflinks in Blue-Black-White Floral"},"content":{"rendered":"<p><\/p>\n<div><span style=\"font-size: 16px;\">Material: Hand Made Silk<br \/>\nShort specification: High quality and stylish product &#8211; perfect gift! Presentable appearance guaranteed!<\/span><\/div>\n<div><span style=\"font-size: 16px;\">The length of the necktie: 150cm<\/span><\/div>\n<div><span style=\"font-size: 16px;\">Maximum width: 8,5cm<br \/>\nMinimal width: 3,5cm<br \/>\nHandkerchief dimensions: 21cm x 21cm<br \/>\nColors: On the black backround are dark blue and shiny silver (looks like white) flowers, embroidery<br \/>\n<\/span><\/div>\n<div>\n<p><span style=\"font-size: 16px;\">The set contain: 1 x Necktie, 1 x Handkerchief, 1 pair of Cufflinks<\/span><\/p>\n<p><span style=\"font-size: 16px;\"><span style=\"color: #2600ff;\">NB! Toode pole pakendatud kinkekarpi. <a href=\"https:\/\/goodstore.eu\/shop\/tyhi-kinkekarp-lipsu-komplektile-ristkyliku-kujuline\/\"><em>Soovi korral saab selle eraldi juurde osta<\/em><\/a>.<\/span><\/span><\/p>\n<\/div>\n<p><\/p>","protected":false},"excerpt":{"rendered":"<p><span id=\"result_box\" lang=\"et\" xml:lang=\"et\">Kvaliteetne k\u00e4sitsi tehtud siid, mis tagab elegantse v\u00e4limuse igale endast lugupidavale h\u00e4rras- v\u00f5i \u00e4rimehele.<br \/>\nLips on elastne ja seet\u00f5ttu on seda v\u00e4ga lihtne s\u00f5lmida.<\/span><\/p>\n","protected":false},"featured_media":8968,"comment_status":"open","ping_status":"closed","template":"","meta":{"om_disable_all_campaigns":false,"_monsterinsights_skip_tracking":false,"_monsterinsights_sitenote_active":false,"_monsterinsights_sitenote_note":"","_monsterinsights_sitenote_category":0},"product_cat":[40,34,36,38],"product_tag":[],"class_list":{"0":"post-8967","1":"product","2":"type-product","3":"status-publish","4":"has-post-thumbnail","6":"product_cat-lipsud-lipsukomplektid-ja-erilised-lipsud","7":"product_cat-kingitused-ja-kingiideed","8":"product_cat-stiil-ja-mood","9":"product_cat-lipsud-komplektid-ja-erilised-lipsud","12":"first","13":"instock","14":"taxable","15":"shipping-taxable","16":"purchasable","17":"product-type-simple"},"aioseo_notices":[],"_links":{"self":[{"href":"https:\/\/goodstore.eu\/en\/wp-json\/wp\/v2\/product\/8967"}],"collection":[{"href":"https:\/\/goodstore.eu\/en\/wp-json\/wp\/v2\/product"}],"about":[{"href":"https:\/\/goodstore.eu\/en\/wp-json\/wp\/v2\/types\/product"}],"replies":[{"embeddable":true,"href":"https:\/\/goodstore.eu\/en\/wp-json\/wp\/v2\/comments?post=8967"}],"wp:featuredmedia":[{"embeddable":true,"href":"https:\/\/goodstore.eu\/en\/wp-json\/wp\/v2\/media\/8968"}],"wp:attachment":[{"href":"https:\/\/goodstore.eu\/en\/wp-json\/wp\/v2\/media?parent=8967"}],"wp:term":[{"taxonomy":"product_cat","embeddable":true,"href":"https:\/\/goodstore.eu\/en\/wp-json\/wp\/v2\/product_cat?post=8967"},{"taxonomy":"product_tag","embeddable":true,"href":"https:\/\/goodstore.eu\/en\/wp-json\/wp\/v2\/product_tag?post=8967"}],"curies":[{"name":"wp","href":"https:\/\/api.w.org\/{rel}","templated":true}]}}