
{"id":902,"date":"2019-01-06T18:44:21","date_gmt":"2019-01-06T18:44:21","guid":{"rendered":"http:\/\/127.0.0.1\/wp\/product\/napitsad-tulemasin-punased\/"},"modified":"2024-07-12T19:43:58","modified_gmt":"2024-07-12T19:43:58","slug":"napitsad-tulemasin-punased","status":"publish","type":"product","link":"https:\/\/goodstore.eu\/en\/shop\/napitsad-tulemasin-punased\/","title":{"rendered":"N\u00e4pitsad, tulemasin, punased"},"content":{"rendered":"<div><span style=\"font-size:16px;\">Materjal:\u00a0Roostevaba teras<br \/>L\u00fchikirjeldus: K\u00f5rge kvaliteediga, stiilne &#8211; ideaalne kink!<br \/>N\u00e4pitsate ligikaudsed m\u00f5\u00f5tmed: 85mm x 45mm x 10mm<\/span><\/div>\n<div><span style=\"font-size:16px;\">Toote\u00a0koosseis: 1 x punased\u00a0n\u00e4pitsad, v\u00e4lgumihkel &#8211; tulemasin<br \/><\/span><\/div>\n","protected":false},"excerpt":{"rendered":"<p>Siin on\u00a0ilus toode, mida igast poest ei leia!<br \/>M\u00f5nikord on huvitav kinkida midagi v\u00e4ljaspool tavalisust &#8211; siin\u00a0see on!<br \/>V\u00e4ike, n\u00e4pitsakujuline tulemasin \u00fcksk\u00f5ik kellele, kes soovib midagi huvitavat\u00a0taskust v\u00e4lja t\u00f5mmata.<\/p>\n","protected":false},"featured_media":898,"comment_status":"open","ping_status":"closed","template":"","meta":{"om_disable_all_campaigns":false,"_monsterinsights_skip_tracking":false,"_monsterinsights_sitenote_active":false,"_monsterinsights_sitenote_note":"","_monsterinsights_sitenote_category":0},"product_cat":[34],"product_tag":[],"class_list":{"0":"post-902","1":"product","2":"type-product","3":"status-publish","4":"has-post-thumbnail","6":"product_cat-kingitused-ja-kingiideed","9":"first","10":"outofstock","11":"taxable","12":"shipping-taxable","13":"purchasable","14":"product-type-simple"},"aioseo_notices":[],"_links":{"self":[{"href":"https:\/\/goodstore.eu\/en\/wp-json\/wp\/v2\/product\/902"}],"collection":[{"href":"https:\/\/goodstore.eu\/en\/wp-json\/wp\/v2\/product"}],"about":[{"href":"https:\/\/goodstore.eu\/en\/wp-json\/wp\/v2\/types\/product"}],"replies":[{"embeddable":true,"href":"https:\/\/goodstore.eu\/en\/wp-json\/wp\/v2\/comments?post=902"}],"wp:featuredmedia":[{"embeddable":true,"href":"https:\/\/goodstore.eu\/en\/wp-json\/wp\/v2\/media\/898"}],"wp:attachment":[{"href":"https:\/\/goodstore.eu\/en\/wp-json\/wp\/v2\/media?parent=902"}],"wp:term":[{"taxonomy":"product_cat","embeddable":true,"href":"https:\/\/goodstore.eu\/en\/wp-json\/wp\/v2\/product_cat?post=902"},{"taxonomy":"product_tag","embeddable":true,"href":"https:\/\/goodstore.eu\/en\/wp-json\/wp\/v2\/product_tag?post=902"}],"curies":[{"name":"wp","href":"https:\/\/api.w.org\/{rel}","templated":true}]}}