
{"id":9084,"date":"2023-01-09T18:32:07","date_gmt":"2023-01-09T18:32:07","guid":{"rendered":"https:\/\/goodstore.eu\/?post_type=product&#038;p=9084"},"modified":"2024-05-09T08:12:11","modified_gmt":"2024-05-09T08:12:11","slug":"rannaplatud-kalakujulised-nr-46-47-jalale","status":"publish","type":"product","link":"https:\/\/goodstore.eu\/en\/shop\/rannaplatud-kalakujulised-nr-46-47-jalale\/","title":{"rendered":"Rannapl\u00e4tud kalakujulised"},"content":{"rendered":"<p><\/p>\n<div><span style=\"font-size: 16px;\">Materjal: PVC<br \/>\nL\u00fchikirjeldus: Sobivad meestele, naistele ja lastele<\/span><\/div>\n<div><span style=\"font-size: 16px;\">Pl\u00e4tu\u00a0pikkus: ca 29,5cm<\/span><\/div>\n<div>\n<p><span style=\"font-size: 16px;\">Pl\u00e4tu maksimaalne laius: ca 13cm<br \/>\nPl\u00e4tu maksimaalne k\u00f5rgus (paar): ca 13cm<\/span><\/p>\n<p>&nbsp;<\/p>\n<\/div>\n<p><\/p>","protected":false},"excerpt":{"rendered":"<p>Pehmed ja mugavad rannajalan\u00f5ud, mida on kerge kanda.<br \/>\nT\u00f5eline pilgup\u00fc\u00fcdja!<\/p>\n","protected":false},"featured_media":8631,"comment_status":"open","ping_status":"closed","template":"","meta":{"om_disable_all_campaigns":false,"_monsterinsights_skip_tracking":false,"_monsterinsights_sitenote_active":false,"_monsterinsights_sitenote_note":"","_monsterinsights_sitenote_category":0},"product_cat":[34,36],"product_tag":[288,180,181],"class_list":{"0":"post-9084","1":"product","2":"type-product","3":"status-publish","4":"has-post-thumbnail","6":"product_cat-kingitused-ja-kingiideed","7":"product_cat-stiil-ja-mood","8":"product_tag-kalakujulised-rannaplatud","9":"product_tag-rannaplatud-kalakujulised","10":"product_tag-rannaplatud-kalakujulised-46-47-jalale","13":"first","14":"outofstock","15":"sale","16":"taxable","17":"shipping-taxable","18":"purchasable","19":"product-type-simple"},"aioseo_notices":[],"_links":{"self":[{"href":"https:\/\/goodstore.eu\/en\/wp-json\/wp\/v2\/product\/9084"}],"collection":[{"href":"https:\/\/goodstore.eu\/en\/wp-json\/wp\/v2\/product"}],"about":[{"href":"https:\/\/goodstore.eu\/en\/wp-json\/wp\/v2\/types\/product"}],"replies":[{"embeddable":true,"href":"https:\/\/goodstore.eu\/en\/wp-json\/wp\/v2\/comments?post=9084"}],"wp:featuredmedia":[{"embeddable":true,"href":"https:\/\/goodstore.eu\/en\/wp-json\/wp\/v2\/media\/8631"}],"wp:attachment":[{"href":"https:\/\/goodstore.eu\/en\/wp-json\/wp\/v2\/media?parent=9084"}],"wp:term":[{"taxonomy":"product_cat","embeddable":true,"href":"https:\/\/goodstore.eu\/en\/wp-json\/wp\/v2\/product_cat?post=9084"},{"taxonomy":"product_tag","embeddable":true,"href":"https:\/\/goodstore.eu\/en\/wp-json\/wp\/v2\/product_tag?post=9084"}],"curies":[{"name":"wp","href":"https:\/\/api.w.org\/{rel}","templated":true}]}}