
{"id":9085,"date":"2023-01-12T15:55:34","date_gmt":"2023-01-12T15:55:34","guid":{"rendered":"https:\/\/goodstore.eu\/?post_type=product&#038;p=9085"},"modified":"2025-01-06T21:32:14","modified_gmt":"2025-01-06T21:32:14","slug":"lipsu-kompl-lipsunoela-revaari-lille-mansetinoopide-ja-rinnaratikuga","status":"publish","type":"product","link":"https:\/\/goodstore.eu\/en\/shop\/lipsu-kompl-lipsunoela-revaari-lille-mansetinoopide-ja-rinnaratikuga\/","title":{"rendered":"Elegant Set Of Necktie, Tie Clip, Brooch Pin Flower, Handkerchief and Cufflinks in Beautiful Colours"},"content":{"rendered":"<p><\/p>\n<div>Material: Hand Made Silk<br \/>\nShort specification: High quality and stylish product \u2013 perfect gift! Presentable appearance guaranteed!<\/div>\n<div>The length of the necktie: 150cm<\/div>\n<div>Maximum width: 8,5cm<br \/>\nMinimal width: 3,5cm<br \/>\nHandkerchief dimensions: 21cm x 21cm<br \/>\nColors: Elegant Blue-Silver Rings pattern<\/div>\n<div>\n<p>The set contain: 1 x Necktie, 1 x Tie Clip, 1 x Buttonhole Flower, 1 x Handkerchief, 1 pair of Cufflinks<\/p>\n<p><span style=\"color: #0000ff;\">NB! The gift box is not included.<\/span> It can be purchased separately from <a href=\"https:\/\/goodstore.eu\/en\/shop\/tyhi-kinkekarp-lipsu-komplektile-ristkyliku-kujuline\/\"><strong><span style=\"color: #0000ff;\">here<\/span><\/strong><\/a>.<\/p>\n<\/div>\n<p><\/p>","protected":false},"excerpt":{"rendered":"<p>Lips on valmistatud kvaliteetsest k\u00e4sitsi tehtud siidist, mis tagab elegantse v\u00e4limuse igale endast lugupidavale h\u00e4rras- v\u00f5i \u00e4rimehele. Iga mees v\u00f5ib ennast selle lipsuga tunda enesekindlalt, sest antud v\u00e4rvide kombinatsioon teavitab kandja moeteadlikkusest.<br \/>\nKomplekti kuulub lips, rinnar\u00e4tik ja mansetin\u00f6\u00f6bid. K\u00f5ik see on pakendatud ilusasse kinkekarpi.<\/p>\n<p>Lips on elastne ja seet\u00f5ttu on seda v\u00e4ga lihtne s\u00f5lmida.<\/p>\n<p><span id=\"result_box\" lang=\"et\" xml:lang=\"et\"><br \/>\nNB! F\u00fc\u00fcsiliselt on veelgi ilusam kui fotodel!<\/span><\/p>\n","protected":false},"featured_media":9090,"comment_status":"open","ping_status":"closed","template":"","meta":{"om_disable_all_campaigns":false,"_monsterinsights_skip_tracking":false,"_monsterinsights_sitenote_active":false,"_monsterinsights_sitenote_note":"","_monsterinsights_sitenote_category":0},"product_cat":[40,34,36,38],"product_tag":[236,235,237,221,239,238],"class_list":{"0":"post-9085","1":"product","2":"type-product","3":"status-publish","4":"has-post-thumbnail","6":"product_cat-lipsud-lipsukomplektid-ja-erilised-lipsud","7":"product_cat-kingitused-ja-kingiideed","8":"product_cat-stiil-ja-mood","9":"product_cat-lipsud-komplektid-ja-erilised-lipsud","10":"product_tag-lipsu-komplekt","11":"product_tag-lipsu-komplekt-lipsunoela-revaari-lille-mansetinoopide-ja-rinnataskuratikuga","12":"product_tag-pidulik-lips","13":"product_tag-seotav-lips","14":"product_tag-siidist-lips","15":"product_tag-siidlips","18":"first","19":"outofstock","20":"sale","21":"taxable","22":"shipping-taxable","23":"purchasable","24":"product-type-simple"},"aioseo_notices":[],"_links":{"self":[{"href":"https:\/\/goodstore.eu\/en\/wp-json\/wp\/v2\/product\/9085"}],"collection":[{"href":"https:\/\/goodstore.eu\/en\/wp-json\/wp\/v2\/product"}],"about":[{"href":"https:\/\/goodstore.eu\/en\/wp-json\/wp\/v2\/types\/product"}],"replies":[{"embeddable":true,"href":"https:\/\/goodstore.eu\/en\/wp-json\/wp\/v2\/comments?post=9085"}],"wp:featuredmedia":[{"embeddable":true,"href":"https:\/\/goodstore.eu\/en\/wp-json\/wp\/v2\/media\/9090"}],"wp:attachment":[{"href":"https:\/\/goodstore.eu\/en\/wp-json\/wp\/v2\/media?parent=9085"}],"wp:term":[{"taxonomy":"product_cat","embeddable":true,"href":"https:\/\/goodstore.eu\/en\/wp-json\/wp\/v2\/product_cat?post=9085"},{"taxonomy":"product_tag","embeddable":true,"href":"https:\/\/goodstore.eu\/en\/wp-json\/wp\/v2\/product_tag?post=9085"}],"curies":[{"name":"wp","href":"https:\/\/api.w.org\/{rel}","templated":true}]}}